{"id":1649,"date":"2023-12-18T12:42:37","date_gmt":"2023-12-18T15:42:37","guid":{"rendered":"http:\/\/flyingyara.loc\/?page_id=1649"},"modified":"2025-10-02T15:27:27","modified_gmt":"2025-10-02T18:27:27","slug":"atelier","status":"publish","type":"page","link":"https:\/\/yara-atelier.com\/en\/atelier\/","title":{"rendered":"Atelier"},"content":{"rendered":"<h1>Each YARA Hat is hand-designed and handcrafted.<\/h1>\n<p>Our Art has precision and an unmistakable Identity Our Atelier is our Cocoon Our Design is our Metamorphosis And, thus, a butterfly appears, our YARA Hat Our Atelier is where Yara&#039;s magic happens It&#039;s where we play with the colors, with paints, with crystals and, from time to time, with fire =) This is where we immerse ourselves in something unique, our client&#039;s personality And, thus, we create a timeless and eternal piece Literally for a lifetime.<\/p>","protected":false},"excerpt":{"rendered":"<p>Cada YARA Hat \u00e9 desenhado \u00e0 m\u00e3o e confeccionado artesanalmente. A nossa Arte tem precis\u00e3o e uma Identidade inconfund\u00edvel O nosso Ateli\u00ea \u00e9 o nosso Casulo O nosso Design \u00e9 a nossa Metamorfose E, assim, surge uma borboleta, o nosso YARA Hat O nosso Ateli\u00ea \u00e9 aonde a magia da Yara acontece \u00c9 aonde brincamos [&hellip;]<\/p>\n","protected":false},"author":1,"featured_media":0,"parent":0,"menu_order":5,"comment_status":"closed","ping_status":"closed","template":"","meta":{"_acf_changed":false,"footnotes":""},"class_list":["post-1649","page","type-page","status-publish","hentry"],"acf":[],"_links":{"self":[{"href":"https:\/\/yara-atelier.com\/en\/wp-json\/wp\/v2\/pages\/1649","targetHints":{"allow":["GET"]}}],"collection":[{"href":"https:\/\/yara-atelier.com\/en\/wp-json\/wp\/v2\/pages"}],"about":[{"href":"https:\/\/yara-atelier.com\/en\/wp-json\/wp\/v2\/types\/page"}],"author":[{"embeddable":true,"href":"https:\/\/yara-atelier.com\/en\/wp-json\/wp\/v2\/users\/1"}],"replies":[{"embeddable":true,"href":"https:\/\/yara-atelier.com\/en\/wp-json\/wp\/v2\/comments?post=1649"}],"version-history":[{"count":29,"href":"https:\/\/yara-atelier.com\/en\/wp-json\/wp\/v2\/pages\/1649\/revisions"}],"predecessor-version":[{"id":5406,"href":"https:\/\/yara-atelier.com\/en\/wp-json\/wp\/v2\/pages\/1649\/revisions\/5406"}],"wp:attachment":[{"href":"https:\/\/yara-atelier.com\/en\/wp-json\/wp\/v2\/media?parent=1649"}],"curies":[{"name":"wp","href":"https:\/\/api.w.org\/{rel}","templated":true}]}}