{"id":2878,"date":"2024-02-19T11:10:19","date_gmt":"2024-02-19T14:10:19","guid":{"rendered":"https:\/\/yara-atelier.com\/?page_id=2878"},"modified":"2025-10-01T15:56:52","modified_gmt":"2025-10-01T18:56:52","slug":"personalizado","status":"publish","type":"page","link":"https:\/\/yara-atelier.com\/en\/personalizado\/","title":{"rendered":"Personalizados"},"content":{"rendered":"<p>Cada YARA Hat personalizado nasce da vis\u00e3o criativa de Giovanna Zattar, nossa Hat Creator. O processo come\u00e7a com a escolha da base: Suede, 100% L\u00e3 Boliviana ou Palha Panam\u00e1, que define a estrutura do chap\u00e9u e j\u00e1 possui valores estabelecidos.<\/p>\n<p>A partir dessa escolha, iniciamos uma jornada \u00fanica. Por meio de uma conversa profunda, buscamos compreender sua ess\u00eancia, inten\u00e7\u00f5es e desejos. Com essas refer\u00eancias, Giovanna traduz sua hist\u00f3ria em um amuleto visual, utilizando t\u00e9cnicas como pirografia, pintura, bordados e aplica\u00e7\u00e3o de cristais, executadas com o cuidado da nossa equipe artesanal.<\/p>\n<p>Mais do que um acess\u00f3rio, cada YARA Hat carrega significado. Feito sob medida, com tempo m\u00e9dio de produ\u00e7\u00e3o de 30 dias, ele reflete autenticidade, presen\u00e7a e sofistica\u00e7\u00e3o. Uma joia autoral e atemporal, criada para ser s\u00f3 sua.<\/p>\n<p class=\"p1\" style=\"text-align: left;\">","protected":false},"excerpt":{"rendered":"<p>Cada YARA Hat personalizado nasce da vis\u00e3o criativa de Giovanna Zattar, nossa Hat Creator. O processo come\u00e7a com a escolha da base: Suede, 100% L\u00e3 Boliviana ou Palha Panam\u00e1, que define a estrutura do chap\u00e9u e j\u00e1 possui valores estabelecidos. A partir dessa escolha, iniciamos uma jornada \u00fanica. Por meio de uma conversa profunda, buscamos [&hellip;]<\/p>\n","protected":false},"author":1,"featured_media":0,"parent":0,"menu_order":2,"comment_status":"closed","ping_status":"closed","template":"","meta":{"_acf_changed":false,"footnotes":""},"class_list":["post-2878","page","type-page","status-publish","hentry"],"acf":{"photo_gallery":{"galleria":[[]]}},"_links":{"self":[{"href":"https:\/\/yara-atelier.com\/en\/wp-json\/wp\/v2\/pages\/2878","targetHints":{"allow":["GET"]}}],"collection":[{"href":"https:\/\/yara-atelier.com\/en\/wp-json\/wp\/v2\/pages"}],"about":[{"href":"https:\/\/yara-atelier.com\/en\/wp-json\/wp\/v2\/types\/page"}],"author":[{"embeddable":true,"href":"https:\/\/yara-atelier.com\/en\/wp-json\/wp\/v2\/users\/1"}],"replies":[{"embeddable":true,"href":"https:\/\/yara-atelier.com\/en\/wp-json\/wp\/v2\/comments?post=2878"}],"version-history":[{"count":44,"href":"https:\/\/yara-atelier.com\/en\/wp-json\/wp\/v2\/pages\/2878\/revisions"}],"predecessor-version":[{"id":5399,"href":"https:\/\/yara-atelier.com\/en\/wp-json\/wp\/v2\/pages\/2878\/revisions\/5399"}],"wp:attachment":[{"href":"https:\/\/yara-atelier.com\/en\/wp-json\/wp\/v2\/media?parent=2878"}],"curies":[{"name":"wp","href":"https:\/\/api.w.org\/{rel}","templated":true}]}}