{"id":1576,"date":"2023-11-18T18:07:48","date_gmt":"2023-11-18T21:07:48","guid":{"rendered":"https:\/\/yara-atelier.com\/?post_type=product&#038;p=1576"},"modified":"2026-04-01T03:17:49","modified_gmt":"2026-04-01T06:17:49","slug":"yarabag-linho","status":"publish","type":"product","link":"https:\/\/yara-atelier.com\/en\/product\/yarabag-linho\/","title":{"rendered":"YaraBag Linho"},"content":{"rendered":"<p>Linen hatbag<\/p>","protected":false},"excerpt":{"rendered":"<p>YaraBag Linho, uma bolsa projetada para carregar seu Yara Hat com eleg\u00e2ncia e seguran\u00e7a. Seguindo a mesma filosofia de qualidade, com al\u00e7as de couro e design circular que garantem praticidade e estilo em todos os momentos, em qualquer lugar do mundo.<\/p>\n<p>Nesta elegante YaraBag, \u00e9 poss\u00edvel carregar 4 Yara Hats de uma vez s\u00f3.<\/p>\n<p data-prosemirror-content-type=\"node\" data-prosemirror-node-name=\"paragraph\" data-prosemirror-node-block=\"true\" data-pm-slice=\"1 1 []\">Os pedidos s\u00e3o processados e despachados em at\u00e9 2 dias \u00fateis ap\u00f3s a confirma\u00e7\u00e3o do pagamento. O prazo de entrega come\u00e7a a contar a partir do envio.<\/p>","protected":false},"featured_media":2828,"template":"","meta":{"_acf_changed":false},"product_brand":[],"product_cat":[21,96],"product_tag":[],"class_list":{"0":"post-1576","1":"product","2":"type-product","3":"status-publish","4":"has-post-thumbnail","6":"product_cat-hatbag","7":"product_cat-yara-bag","9":"first","10":"instock","11":"taxable","12":"shipping-taxable","13":"purchasable","14":"product-type-simple"},"acf":[],"_links":{"self":[{"href":"https:\/\/yara-atelier.com\/en\/wp-json\/wp\/v2\/product\/1576","targetHints":{"allow":["GET"]}}],"collection":[{"href":"https:\/\/yara-atelier.com\/en\/wp-json\/wp\/v2\/product"}],"about":[{"href":"https:\/\/yara-atelier.com\/en\/wp-json\/wp\/v2\/types\/product"}],"wp:featuredmedia":[{"embeddable":true,"href":"https:\/\/yara-atelier.com\/en\/wp-json\/wp\/v2\/media\/2828"}],"wp:attachment":[{"href":"https:\/\/yara-atelier.com\/en\/wp-json\/wp\/v2\/media?parent=1576"}],"wp:term":[{"taxonomy":"product_brand","embeddable":true,"href":"https:\/\/yara-atelier.com\/en\/wp-json\/wp\/v2\/product_brand?post=1576"},{"taxonomy":"product_cat","embeddable":true,"href":"https:\/\/yara-atelier.com\/en\/wp-json\/wp\/v2\/product_cat?post=1576"},{"taxonomy":"product_tag","embeddable":true,"href":"https:\/\/yara-atelier.com\/en\/wp-json\/wp\/v2\/product_tag?post=1576"}],"curies":[{"name":"wp","href":"https:\/\/api.w.org\/{rel}","templated":true}]}}