{"id":2283,"date":"2024-01-23T11:41:20","date_gmt":"2024-01-23T14:41:20","guid":{"rendered":"https:\/\/yara-atelier.com\/?post_type=product&#038;p=2283"},"modified":"2025-11-24T16:34:19","modified_gmt":"2025-11-24T19:34:19","slug":"hugo-gloss","status":"publish","type":"product","link":"https:\/\/yara-atelier.com\/en\/product\/hugo-gloss\/","title":{"rendered":"Hugo Gloss"},"content":{"rendered":"<p><span class=\"OYPEnA text-decoration-none text-strikethrough-none\">Exclusive YARA Hat that we made for Hugo Gloss and, despite being full of art, we lack words to describe the experience of diving into the universe of this celebrity \u2013 which, behind it, is Bruno Rocha.<\/span><\/p>\r\n\r\n<p>*todos os YARA Hats s\u00e3o feitos \u00e0 m\u00e3o, com broche e pingente personalizados, forrados com tecido 100% cetim + Handbag 100 % cetim<\/p>","protected":false},"excerpt":{"rendered":"<p>A nossa cria\u00e7\u00e3o mais que especial para o Hugo Gloss. [A SELF-MADE MAN] E, por tr\u00e1s dessa celebridade global, h\u00e1 o Bruno Rocha. V\u00eddeo que traz todo o relato da cria\u00e7\u00e3o: https:\/\/www.instagram.com\/reel\/CwWKrE_hHUH\/?utm_source=ig_web_copy_link&amp;igsh=MzRlODBiNWFlZA== Foram semanas de reflex\u00e3o e estudo sobre a sua personalidade, e aqui est\u00e1 o resultado; baseado em uma arte 100% autoral, cheia de simbologias, frases e mensagens profundas. Hugo, que esse YARA Hat se torne o seu Amuleto e te acompanhe aonde voc\u00ea for pelo mundo! Ah, a palavra \u201ccora\u00e7\u00e3o\u201d foi um presente do Juan Moraes para voc\u00ea, e ela representa o significado do nome Hugo. Outras pirografia criadas: &#8211; Frase: Sorte Com trabalho duro Mas, acima de tudo, sangue nos olhos e amor pelo que se faz &#8211; Frase: Mirar pra baixo e mirar pra cima da o mesmo trabalho, qual voc\u00ea escolhe? &#8211; Constela\u00e7\u00e3o de Sagit\u00e1rio &#8211; S\u00edmbolo que representa &#8220;I am mutable&#8221; &#8211; que, para mim, descreve o Hugo &#8211; Prov\u00e9rbio coreano &#8220;Words have no wings, but they can fly a thousand miles&#8221; &#8211; Pr\u00eamios importantes recebidos: 2013 &#8211; shorty awards; 2017 &#8211; pr\u00eamio Jovem Brasileiro; 2022 pr\u00eamio iBest Com amor, Giovanna Zattar<\/p>\n","protected":false},"featured_media":2822,"template":"","meta":{"_acf_changed":false},"product_brand":[],"product_cat":[58],"product_tag":[],"class_list":{"0":"post-2283","1":"product","2":"type-product","3":"status-publish","4":"has-post-thumbnail","6":"product_cat-personalizado","8":"first","9":"outofstock","10":"taxable","11":"shipping-taxable","12":"purchasable","13":"product-type-simple"},"acf":[],"_links":{"self":[{"href":"https:\/\/yara-atelier.com\/en\/wp-json\/wp\/v2\/product\/2283","targetHints":{"allow":["GET"]}}],"collection":[{"href":"https:\/\/yara-atelier.com\/en\/wp-json\/wp\/v2\/product"}],"about":[{"href":"https:\/\/yara-atelier.com\/en\/wp-json\/wp\/v2\/types\/product"}],"wp:featuredmedia":[{"embeddable":true,"href":"https:\/\/yara-atelier.com\/en\/wp-json\/wp\/v2\/media\/2822"}],"wp:attachment":[{"href":"https:\/\/yara-atelier.com\/en\/wp-json\/wp\/v2\/media?parent=2283"}],"wp:term":[{"taxonomy":"product_brand","embeddable":true,"href":"https:\/\/yara-atelier.com\/en\/wp-json\/wp\/v2\/product_brand?post=2283"},{"taxonomy":"product_cat","embeddable":true,"href":"https:\/\/yara-atelier.com\/en\/wp-json\/wp\/v2\/product_cat?post=2283"},{"taxonomy":"product_tag","embeddable":true,"href":"https:\/\/yara-atelier.com\/en\/wp-json\/wp\/v2\/product_tag?post=2283"}],"curies":[{"name":"wp","href":"https:\/\/api.w.org\/{rel}","templated":true}]}}