{"id":2323,"date":"2024-01-23T12:08:29","date_gmt":"2024-01-23T15:08:29","guid":{"rendered":"https:\/\/yara-atelier.com\/?post_type=product&#038;p=2323"},"modified":"2025-11-27T16:32:43","modified_gmt":"2025-11-27T19:32:43","slug":"monolink","status":"publish","type":"product","link":"https:\/\/yara-atelier.com\/en\/product\/monolink\/","title":{"rendered":"Monolink"},"content":{"rendered":"","protected":false},"excerpt":{"rendered":"<p>THE FLYING OF REBIRTH<\/p>\n<p>YARA Hat criado para um dos maiores artistas e produtores musicais do mundo na cena eletr\u00f4nica, @monolinkmusik, e entregue pessoalmente em um evento no qual tamb\u00e9m fui uma das artistas.<\/p>\n<p>Link com todo o relato explicando o chap\u00e9u: https:\/\/www.instagram.com\/reel\/CzrE9gmLxol\/?utm_source=ig_web_copy_link&amp;igsh=MzRlODBiNWFlZA==<\/p>\n<p>Eu n\u00e3o poderia te dar essa cria\u00e7\u00e3o sem trazer toda a hist\u00f3ria para tr\u00e1s &#8211; o que de fato \u00e9 uma verdadeira metamorfose, assim como seu \u00e1lbum The End.<\/p>\n<p>\u00c9 uma longa hist\u00f3ria e sei que o v\u00eddeo ainda \u00e9 longo &#8211; e ficarei honrado se assistir &#8211; mas n\u00e3o foi simples contar tamb\u00e9m a hist\u00f3ria do tumor no c\u00e9rebro da minha m\u00e3e, que est\u00e1 totalmente ligada a essa cria\u00e7\u00e3o.<\/p>\n<p>Ele foi criado do fundo do cora\u00e7\u00e3o e queria saber a diferen\u00e7a que sua arte pode fazer na vida de outras pessoas.<\/p>\n<p>Lyrics da m\u00fasica New Morning foi recriada por mim, baseada no album, no artista, e na hist\u00f3ria da minha m\u00e3e:<\/p>\n<p>\u201cHow far can I go<br \/>\nFrom the edge of what I know<br \/>\nAnd if I go further<br \/>\nIt\u2019s not a finish line<br \/>\nIt\u2019s a new morning<br \/>\nAnd I reborn<br \/>\nMe<br \/>\nAnastasia\u201d<\/p>\n<p>Outros desenhos pirografaos:<br \/>\n&#8211; Logotipo Monolink<br \/>\n&#8211; Fases da metamorfose que \u00e9 capa do album The End<br \/>\n&#8211; Instrumentos musicais: piano, guitarra<br \/>\n&#8211; Frase &#8220;the idea of creating something that can last longer than myself<br \/>\n&#8211; Frase &#8220;because the answer lies within playing your truth<br \/>\n&#8211; Contorno do Monolink usando um chap\u00e9u<\/p>\n<p>Com amor,<br \/>\nGiovanna Zattar<\/p>","protected":false},"featured_media":2820,"template":"","meta":{"_acf_changed":false},"product_brand":[],"product_cat":[58],"product_tag":[],"class_list":{"0":"post-2323","1":"product","2":"type-product","3":"status-publish","4":"has-post-thumbnail","6":"product_cat-personalizado","8":"first","9":"outofstock","10":"taxable","11":"shipping-taxable","12":"purchasable","13":"product-type-simple"},"acf":[],"_links":{"self":[{"href":"https:\/\/yara-atelier.com\/en\/wp-json\/wp\/v2\/product\/2323","targetHints":{"allow":["GET"]}}],"collection":[{"href":"https:\/\/yara-atelier.com\/en\/wp-json\/wp\/v2\/product"}],"about":[{"href":"https:\/\/yara-atelier.com\/en\/wp-json\/wp\/v2\/types\/product"}],"wp:featuredmedia":[{"embeddable":true,"href":"https:\/\/yara-atelier.com\/en\/wp-json\/wp\/v2\/media\/2820"}],"wp:attachment":[{"href":"https:\/\/yara-atelier.com\/en\/wp-json\/wp\/v2\/media?parent=2323"}],"wp:term":[{"taxonomy":"product_brand","embeddable":true,"href":"https:\/\/yara-atelier.com\/en\/wp-json\/wp\/v2\/product_brand?post=2323"},{"taxonomy":"product_cat","embeddable":true,"href":"https:\/\/yara-atelier.com\/en\/wp-json\/wp\/v2\/product_cat?post=2323"},{"taxonomy":"product_tag","embeddable":true,"href":"https:\/\/yara-atelier.com\/en\/wp-json\/wp\/v2\/product_tag?post=2323"}],"curies":[{"name":"wp","href":"https:\/\/api.w.org\/{rel}","templated":true}]}}