{"id":2432,"date":"2024-01-23T12:49:48","date_gmt":"2024-01-23T15:49:48","guid":{"rendered":"https:\/\/yara-atelier.com\/?post_type=product&#038;p=2432"},"modified":"2025-11-24T16:32:21","modified_gmt":"2025-11-24T19:32:21","slug":"oktave","status":"publish","type":"product","link":"https:\/\/yara-atelier.com\/en\/product\/oktave\/","title":{"rendered":"Oktave"},"content":{"rendered":"","protected":false},"excerpt":{"rendered":"<p>YARA Hat personalizado e criado para um grande artista de NYC, Oktave, fundador da label Palosanto.<\/p>\n<p>Aqui, um v\u00eddeo especial onde trago todo o relato que explica a cria\u00e7\u00e3o: https:\/\/www.instagram.com\/reel\/CvsSgyHN4I5\/?utm_source=ig_web_copy_link&amp;igsh=MzRlODBiNWFlZA==<\/p>\n<p>A cria\u00e7\u00e3o \u00e9 baseada em desenhos em pirografias inspiradas na personalidade do artista, palo santo queimado e turmalina preta:<\/p>\n<p>&#8211; Oct\u00e1gono c\u00f4ncavo e convexo<br \/>\n&#8211; Piano<br \/>\n&#8211; Desenho abstrato da Clave de sol<br \/>\n&#8211; Frase &#8220;the only thing getting light tonight is my palo santo&#8221;<br \/>\n&#8211; Frase &#8220;o desenho \u00e9 a geometria dos olhos, a m\u00fasica \u00e9 a geometria dos ouvidos&#8221;<br \/>\n&#8211; Notas musicais &#8220;d\u00f3, r\u00e9, mi, f\u00e1, sol, l\u00e1, si&#8221;<\/p>\n<p>*todos os YARA Hats s\u00e3o feitos \u00e0 m\u00e3o, com broche e pingente personalizados, forrados com tecido 100% cetim + Caixa Estilizada + Handbag 100% cetim<\/p>","protected":false},"featured_media":2445,"template":"","meta":{"_acf_changed":false},"product_brand":[],"product_cat":[58],"product_tag":[],"class_list":{"0":"post-2432","1":"product","2":"type-product","3":"status-publish","4":"has-post-thumbnail","6":"product_cat-personalizado","8":"first","9":"outofstock","10":"taxable","11":"shipping-taxable","12":"purchasable","13":"product-type-simple"},"acf":[],"_links":{"self":[{"href":"https:\/\/yara-atelier.com\/en\/wp-json\/wp\/v2\/product\/2432","targetHints":{"allow":["GET"]}}],"collection":[{"href":"https:\/\/yara-atelier.com\/en\/wp-json\/wp\/v2\/product"}],"about":[{"href":"https:\/\/yara-atelier.com\/en\/wp-json\/wp\/v2\/types\/product"}],"wp:featuredmedia":[{"embeddable":true,"href":"https:\/\/yara-atelier.com\/en\/wp-json\/wp\/v2\/media\/2445"}],"wp:attachment":[{"href":"https:\/\/yara-atelier.com\/en\/wp-json\/wp\/v2\/media?parent=2432"}],"wp:term":[{"taxonomy":"product_brand","embeddable":true,"href":"https:\/\/yara-atelier.com\/en\/wp-json\/wp\/v2\/product_brand?post=2432"},{"taxonomy":"product_cat","embeddable":true,"href":"https:\/\/yara-atelier.com\/en\/wp-json\/wp\/v2\/product_cat?post=2432"},{"taxonomy":"product_tag","embeddable":true,"href":"https:\/\/yara-atelier.com\/en\/wp-json\/wp\/v2\/product_tag?post=2432"}],"curies":[{"name":"wp","href":"https:\/\/api.w.org\/{rel}","templated":true}]}}