{"id":2531,"date":"2024-01-23T15:11:58","date_gmt":"2024-01-23T18:11:58","guid":{"rendered":"https:\/\/yara-atelier.com\/?post_type=product&#038;p=2531"},"modified":"2026-04-01T03:17:34","modified_gmt":"2026-04-01T06:17:34","slug":"aurora","status":"publish","type":"product","link":"https:\/\/yara-atelier.com\/en\/product\/aurora\/","title":{"rendered":"Aurora"},"content":{"rendered":"<p>Sobre o chap\u00e9u:<br \/>\nA Warrior Aurora \u00e9 uma pe\u00e7a que captura a ess\u00eancia da Aurora Boreal e Austral, trazendo mist\u00e9rio e presen\u00e7a em um design off white que nunca passa despercebido.<\/p>\n<p>Detalhes:<br \/>\nCom franjas nas laterais, este chap\u00e9u adiciona um toque de movimento e estilo, refletindo um brilho inconfund\u00edvel que destaca sua singularidade.<\/p>\n<p>Informa\u00e7\u00f5es:<br \/>\nObs: Todos os nossos YARA hats acompanham bag de cetim e porta-chap\u00e9u personalizado.<\/p>","protected":false},"excerpt":{"rendered":"<p>Sobre o chap\u00e9u:<br \/>\nA Warrior Aurora \u00e9 uma pe\u00e7a que captura a ess\u00eancia da Aurora Boreal e Austral, trazendo mist\u00e9rio e presen\u00e7a em um design off white que nunca passa despercebido.<\/p>\n<p>Detalhes:<br \/>\nCom franjas nas laterais, este chap\u00e9u adiciona um toque de movimento e estilo, refletindo um brilho inconfund\u00edvel que destaca sua singularidade.<\/p>\n<p data-prosemirror-content-type=\"node\" data-prosemirror-node-name=\"paragraph\" data-prosemirror-node-block=\"true\" data-pm-slice=\"1 1 []\">Os pedidos s\u00e3o processados e despachados em at\u00e9 2 dias \u00fateis ap\u00f3s a confirma\u00e7\u00e3o do pagamento. O prazo de entrega come\u00e7a a contar a partir do envio.<\/p>","protected":false},"featured_media":4880,"template":"","meta":{"_acf_changed":false},"product_brand":[],"product_cat":[144,105,84,102,19],"product_tag":[],"class_list":{"0":"post-2531","1":"product","2":"type-product","3":"status-publish","4":"has-post-thumbnail","6":"product_cat-ver-tudo","7":"product_cat-sale","8":"product_cat-chapeus","9":"product_cat-country-cowboy-western","10":"product_cat-suede-cores","12":"first","13":"instock","14":"sale","15":"taxable","16":"shipping-taxable","17":"purchasable","18":"product-type-simple"},"acf":[],"_links":{"self":[{"href":"https:\/\/yara-atelier.com\/en\/wp-json\/wp\/v2\/product\/2531","targetHints":{"allow":["GET"]}}],"collection":[{"href":"https:\/\/yara-atelier.com\/en\/wp-json\/wp\/v2\/product"}],"about":[{"href":"https:\/\/yara-atelier.com\/en\/wp-json\/wp\/v2\/types\/product"}],"wp:featuredmedia":[{"embeddable":true,"href":"https:\/\/yara-atelier.com\/en\/wp-json\/wp\/v2\/media\/4880"}],"wp:attachment":[{"href":"https:\/\/yara-atelier.com\/en\/wp-json\/wp\/v2\/media?parent=2531"}],"wp:term":[{"taxonomy":"product_brand","embeddable":true,"href":"https:\/\/yara-atelier.com\/en\/wp-json\/wp\/v2\/product_brand?post=2531"},{"taxonomy":"product_cat","embeddable":true,"href":"https:\/\/yara-atelier.com\/en\/wp-json\/wp\/v2\/product_cat?post=2531"},{"taxonomy":"product_tag","embeddable":true,"href":"https:\/\/yara-atelier.com\/en\/wp-json\/wp\/v2\/product_tag?post=2531"}],"curies":[{"name":"wp","href":"https:\/\/api.w.org\/{rel}","templated":true}]}}