{"id":3038,"date":"2024-03-12T15:35:25","date_gmt":"2024-03-12T18:35:25","guid":{"rendered":"http:\/\/flyingyara2.loc\/?post_type=product&#038;p=3038"},"modified":"2025-11-24T16:26:38","modified_gmt":"2025-11-24T19:26:38","slug":"sabo","status":"publish","type":"product","link":"https:\/\/yara-atelier.com\/en\/product\/sabo\/","title":{"rendered":"Sabo"},"content":{"rendered":"<p><img loading=\"lazy\" decoding=\"async\" class=\"alignnone size-medium wp-image-3461\" src=\"https:\/\/yara-atelier.com\/wp-content\/uploads\/2024\/03\/Facetune_13-02-2024-16-46-27-338x450.jpg\" alt=\"\" width=\"338\" height=\"450\" srcset=\"https:\/\/yara-atelier.com\/wp-content\/uploads\/2024\/03\/Facetune_13-02-2024-16-46-27-338x450.jpg 338w, https:\/\/yara-atelier.com\/wp-content\/uploads\/2024\/03\/Facetune_13-02-2024-16-46-27-768x1024.jpg 768w, https:\/\/yara-atelier.com\/wp-content\/uploads\/2024\/03\/Facetune_13-02-2024-16-46-27-1152x1536.jpg 1152w, https:\/\/yara-atelier.com\/wp-content\/uploads\/2024\/03\/Facetune_13-02-2024-16-46-27-1536x2048.jpg 1536w, https:\/\/yara-atelier.com\/wp-content\/uploads\/2024\/03\/Facetune_13-02-2024-16-46-27-9x12.jpg 9w, https:\/\/yara-atelier.com\/wp-content\/uploads\/2024\/03\/Facetune_13-02-2024-16-46-27-600x800.jpg 600w, https:\/\/yara-atelier.com\/wp-content\/uploads\/2024\/03\/Facetune_13-02-2024-16-46-27-scaled.jpg 1920w\" sizes=\"auto, (max-width: 338px) 100vw, 338px\" \/><\/p>","protected":false},"excerpt":{"rendered":"<p>Cria\u00e7\u00e3o especial para o William Sabatini &#8211; conhecido artisticamente como Sabo @djsabonyc, e fundador da Label Sol Selectas, refer\u00eancia global no Organic &amp; Afro House, com uma personalidade \u00fanica em um som m\u00edstico, \u00e1rabe e ancestral.<\/p>\n<p>Texto Autoral e pirografado:<\/p>\n<p>&#8220;(We are Sol itself)<br \/>\nFrom the bottom of the universe<br \/>\nI hear the ancestral melody roaring<br \/>\nFearless as a wolf<br \/>\nThe Tibetan bowls, the Arabian Oud, the Shamanic Flutes<br \/>\nThey are rooting me on the sacred ground<br \/>\nAnd awakening my mind<br \/>\nTo what truly matters<br \/>\nYou know what I mean &#8211;<br \/>\nI feel the universal frequencies in my cells<br \/>\n432Hz to bring balance to my body, 369Hz as the key to life portals, 528Hz to always remind me I am unconditional love<br \/>\nIn one hand I hold my crystals and amulets<br \/>\nOn the other, I hold Helia\u2019s, my queen<br \/>\nThen and finally<br \/>\nI got everything I need to bring this purpose to earth<br \/>\nTo people, to communities, to nature<br \/>\nThe Spiritual Sound as the Key to the Universe<br \/>\nThrough Sol Selectas<br \/>\nI\u2019m sure we are Sol itself.&#8221;<\/p>\n<p>Outros elementos pirografados: logotipo Sol Selectas, cauda de uma sereia, logotipo Summer Sol Noche, Summer Sol Dia, Sol Voyage.<\/p>\n<p>Com amor,<br \/>\nGiovanna Zattar<\/p>","protected":false},"featured_media":3083,"template":"","meta":{"_acf_changed":false},"product_brand":[],"product_cat":[58],"product_tag":[],"class_list":{"0":"post-3038","1":"product","2":"type-product","3":"status-publish","4":"has-post-thumbnail","6":"product_cat-personalizado","8":"first","9":"outofstock","10":"taxable","11":"shipping-taxable","12":"product-type-simple"},"acf":[],"_links":{"self":[{"href":"https:\/\/yara-atelier.com\/en\/wp-json\/wp\/v2\/product\/3038","targetHints":{"allow":["GET"]}}],"collection":[{"href":"https:\/\/yara-atelier.com\/en\/wp-json\/wp\/v2\/product"}],"about":[{"href":"https:\/\/yara-atelier.com\/en\/wp-json\/wp\/v2\/types\/product"}],"wp:featuredmedia":[{"embeddable":true,"href":"https:\/\/yara-atelier.com\/en\/wp-json\/wp\/v2\/media\/3083"}],"wp:attachment":[{"href":"https:\/\/yara-atelier.com\/en\/wp-json\/wp\/v2\/media?parent=3038"}],"wp:term":[{"taxonomy":"product_brand","embeddable":true,"href":"https:\/\/yara-atelier.com\/en\/wp-json\/wp\/v2\/product_brand?post=3038"},{"taxonomy":"product_cat","embeddable":true,"href":"https:\/\/yara-atelier.com\/en\/wp-json\/wp\/v2\/product_cat?post=3038"},{"taxonomy":"product_tag","embeddable":true,"href":"https:\/\/yara-atelier.com\/en\/wp-json\/wp\/v2\/product_tag?post=3038"}],"curies":[{"name":"wp","href":"https:\/\/api.w.org\/{rel}","templated":true}]}}