{"id":3059,"date":"2024-03-12T15:44:09","date_gmt":"2024-03-12T18:44:09","guid":{"rendered":"http:\/\/flyingyara2.loc\/?post_type=product&#038;p=3059"},"modified":"2025-11-24T16:25:44","modified_gmt":"2025-11-24T19:25:44","slug":"willian-a-da-costa","status":"publish","type":"product","link":"https:\/\/yara-atelier.com\/en\/product\/willian-a-da-costa\/","title":{"rendered":"William A da Costa"},"content":{"rendered":"<p>Cria\u00e7\u00e3o especial e exclusiva para um cliente, 100% inspirada na sua personalidade.<\/p>\n<p>Texto autoral:<br \/>\n&#8220;From the sea to the countryside<br \/>\nA sort of salty earthwater<br \/>\nAnd guided by the peace of the Sound and Music<br \/>\nI grew up seeking wisdom like Toth, an Egyptian God<br \/>\nBut also the intangible magic inside of me<br \/>\nTo complete the triangle there must be a rational pillar<br \/>\nSo let me tell you<br \/>\nI\u2019m an earth warrior<br \/>\nI honor my indigenous ancestrality<br \/>\nI ground myself in some Xamanic principles<br \/>\nAnd I bring clean energy to the Amazon as an Engineer<br \/>\nCan you believe it?<br \/>\nBecause I\u2019m here to leave a legacy<br \/>\nBut I don\u2019t dare myself to think inside the box<br \/>\nThat\u2019s why I travel this planet<br \/>\nInside a big plane or either inside my vast head<br \/>\nFlying through the Giza Pyramids<br \/>\nKhufu, Khafre, Menkaure<br \/>\nI dive into this ancestral past<br \/>\nBut I can also easily understand the modernity of Bono Vox<br \/>\nSinging \u201cBeautiful Day\u201d in the shower<br \/>\nAnd feeling the water effect of washing my entropy away<br \/>\nIt\u2019s about the Grace over Material<br \/>\nThe achievement of my goals<br \/>\nHonoring my commander title<br \/>\nThe determination of a Taurus<br \/>\nAnd the energy of an Athlete<br \/>\nWether being a Volleyball, Wakeboard, Tennis, or a Golf Player<br \/>\nIt\u2019s the journey over the destination<br \/>\nWith a must:<br \/>\nA Hat over my Head.&#8221;<\/p>\n<p>Outros desenhos em pirografia: s\u00edmbolo do signo de touro; logotipo U2; Contorno do Estado do Amazonas; tri\u00e2ngulo na copa de cima para acompanhar a geometria; From Giovanna Zattar to William A. da Costa.<\/p>\n<p>*todos os YARA Hats s\u00e3o feitos \u00e0 m\u00e3o, com broche e pingente personalizados, forrados com tecido 100% cetim + Handbag 100% cetim<\/p>\n<p>Com amor,<br \/>\nGiovanna Zattar<\/p>","protected":false},"excerpt":{"rendered":"<p>Cria\u00e7\u00e3o especial e exclusiva para um cliente, 100% inspirada na sua personalidade.<\/p>\n<p>Texto autoral:<br \/>\n&#8220;From the sea to the countryside<br \/>\nA sort of salty earthwater<br \/>\nAnd guided by the peace of the Sound and Music<br \/>\nI grew up seeking wisdom like Toth, an Egyptian God<br \/>\nBut also the intangible magic inside of me<br \/>\nTo complete the triangle there must be a rational pillar<br \/>\nSo let me tell you<br \/>\nI\u2019m an earth warrior<br \/>\nI honor my indigenous ancestrality<br \/>\nI ground myself in some Xamanic principles<br \/>\nAnd I bring clean energy to the Amazon as an Engineer<br \/>\nCan you believe it?<br \/>\nBecause I\u2019m here to leave a legacy<br \/>\nBut I don\u2019t dare myself to think inside the box<br \/>\nThat\u2019s why I travel this planet<br \/>\nInside a big plane or either inside my vast head<br \/>\nFlying through the Giza Pyramids<br \/>\nKhufu, Khafre, Menkaure<br \/>\nI dive into this ancestral past<br \/>\nBut I can also easily understand the modernity of Bono Vox<br \/>\nSinging \u201cBeautiful Day\u201d in the shower<br \/>\nAnd feeling the water effect of washing my entropy away<br \/>\nIt\u2019s about the Grace over Material<br \/>\nThe achievement of my goals<br \/>\nHonoring my commander title<br \/>\nThe determination of a Taurus<br \/>\nAnd the energy of an Athlete<br \/>\nWether being a Volleyball, Wakeboard, Tennis, or a Golf Player<br \/>\nIt\u2019s the journey over the destination<br \/>\nWith a must:<br \/>\nA Hat over my Head.&#8221;<\/p>\n<p>Outros desenhos em pirografia: s\u00edmbolo do signo de touro; logotipo U2; Contorno do Estado do Amazonas; tri\u00e2ngulo na copa de cima para acompanhar a geometria; From Giovanna Zattar to William A. da Costa.<\/p>\n<p>*todos os YARA Hats s\u00e3o feitos \u00e0 m\u00e3o, com broche e pingente personalizados, forrados com tecido 100% cetim + Handbag 100% cetim<\/p>\n<p>Com amor,<br \/>\nGiovanna Zattar<\/p>","protected":false},"featured_media":3086,"template":"","meta":{"_acf_changed":false},"product_brand":[],"product_cat":[58],"product_tag":[],"class_list":{"0":"post-3059","1":"product","2":"type-product","3":"status-publish","4":"has-post-thumbnail","6":"product_cat-personalizado","8":"first","9":"outofstock","10":"taxable","11":"shipping-taxable","12":"product-type-simple"},"acf":[],"_links":{"self":[{"href":"https:\/\/yara-atelier.com\/en\/wp-json\/wp\/v2\/product\/3059","targetHints":{"allow":["GET"]}}],"collection":[{"href":"https:\/\/yara-atelier.com\/en\/wp-json\/wp\/v2\/product"}],"about":[{"href":"https:\/\/yara-atelier.com\/en\/wp-json\/wp\/v2\/types\/product"}],"wp:featuredmedia":[{"embeddable":true,"href":"https:\/\/yara-atelier.com\/en\/wp-json\/wp\/v2\/media\/3086"}],"wp:attachment":[{"href":"https:\/\/yara-atelier.com\/en\/wp-json\/wp\/v2\/media?parent=3059"}],"wp:term":[{"taxonomy":"product_brand","embeddable":true,"href":"https:\/\/yara-atelier.com\/en\/wp-json\/wp\/v2\/product_brand?post=3059"},{"taxonomy":"product_cat","embeddable":true,"href":"https:\/\/yara-atelier.com\/en\/wp-json\/wp\/v2\/product_cat?post=3059"},{"taxonomy":"product_tag","embeddable":true,"href":"https:\/\/yara-atelier.com\/en\/wp-json\/wp\/v2\/product_tag?post=3059"}],"curies":[{"name":"wp","href":"https:\/\/api.w.org\/{rel}","templated":true}]}}