{"id":3398,"date":"2024-03-22T11:35:58","date_gmt":"2024-03-22T14:35:58","guid":{"rendered":"https:\/\/yara-atelier.com\/?post_type=product&#038;p=3398"},"modified":"2026-04-01T03:16:59","modified_gmt":"2026-04-01T06:16:59","slug":"hera-branco","status":"publish","type":"product","link":"https:\/\/yara-atelier.com\/en\/product\/hera-branco\/","title":{"rendered":"Hera Branco"},"content":{"rendered":"","protected":false},"excerpt":{"rendered":"<p>Sobre o chap\u00e9u:<br \/>\nA Hera \u00e9 a Deusa da mitologia grega, simbolizada pelo olho de pav\u00e3o, e que representa a Vida. Este YARA Hat evoca a for\u00e7a e a beleza dessa deidade, trazendo uma aura de majestade e feminilidade.<\/p>\n<p>Detalhes:<br \/>\nO chap\u00e9u \u00e9 confeccionado com bandanas mais tribais, que se destacam em rela\u00e7\u00e3o \u00e0 vers\u00e3o preta, proporcionando um toque aut\u00eantico e vibrante. O tecido de 100% linho na cor jeans adiciona leveza e frescor \u00e0 pe\u00e7a. Os broches azul turquesa trazem um contraste elegante, enquanto a fita de couro marrom complementa a composi\u00e7\u00e3o com um detalhe r\u00fastico e sofisticado.<\/p>\n<p>Informa\u00e7\u00f5es:<br \/>\nObs: Todos os nossos YARA hats acompanham bag de cetim e porta-chap\u00e9u personalizado.<\/p>\n<p data-prosemirror-content-type=\"node\" data-prosemirror-node-name=\"paragraph\" data-prosemirror-node-block=\"true\" data-pm-slice=\"1 1 []\">Os pedidos s\u00e3o processados e despachados em at\u00e9 2 dias \u00fateis ap\u00f3s a confirma\u00e7\u00e3o do pagamento. O prazo de entrega come\u00e7a a contar a partir do envio.<\/p>","protected":false},"featured_media":4119,"template":"","meta":{"_acf_changed":false},"product_brand":[],"product_cat":[144,105,19],"product_tag":[],"class_list":{"0":"post-3398","1":"product","2":"type-product","3":"status-publish","4":"has-post-thumbnail","6":"product_cat-ver-tudo","7":"product_cat-sale","8":"product_cat-suede-cores","10":"first","11":"instock","12":"sale","13":"taxable","14":"shipping-taxable","15":"purchasable","16":"product-type-simple"},"acf":[],"_links":{"self":[{"href":"https:\/\/yara-atelier.com\/en\/wp-json\/wp\/v2\/product\/3398","targetHints":{"allow":["GET"]}}],"collection":[{"href":"https:\/\/yara-atelier.com\/en\/wp-json\/wp\/v2\/product"}],"about":[{"href":"https:\/\/yara-atelier.com\/en\/wp-json\/wp\/v2\/types\/product"}],"wp:featuredmedia":[{"embeddable":true,"href":"https:\/\/yara-atelier.com\/en\/wp-json\/wp\/v2\/media\/4119"}],"wp:attachment":[{"href":"https:\/\/yara-atelier.com\/en\/wp-json\/wp\/v2\/media?parent=3398"}],"wp:term":[{"taxonomy":"product_brand","embeddable":true,"href":"https:\/\/yara-atelier.com\/en\/wp-json\/wp\/v2\/product_brand?post=3398"},{"taxonomy":"product_cat","embeddable":true,"href":"https:\/\/yara-atelier.com\/en\/wp-json\/wp\/v2\/product_cat?post=3398"},{"taxonomy":"product_tag","embeddable":true,"href":"https:\/\/yara-atelier.com\/en\/wp-json\/wp\/v2\/product_tag?post=3398"}],"curies":[{"name":"wp","href":"https:\/\/api.w.org\/{rel}","templated":true}]}}