{"id":3523,"date":"2024-03-27T18:28:41","date_gmt":"2024-03-27T21:28:41","guid":{"rendered":"https:\/\/yara-atelier.com\/?post_type=product&#038;p=3523"},"modified":"2026-04-01T03:16:45","modified_gmt":"2026-04-01T06:16:45","slug":"milos","status":"publish","type":"product","link":"https:\/\/yara-atelier.com\/en\/product\/milos\/","title":{"rendered":"Milos"},"content":{"rendered":"<p>Sobre o chap\u00e9u:<br \/>\nMilos, com suas \u00e1guas cristalinas e paisagens deslumbrantes, \u00e9 uma joia das C\u00edclades. Este chap\u00e9u Panam\u00e1 leg\u00edtimo, adornado com um olho grego pintado \u00e0 m\u00e3o, complementa perfeitamente o cen\u00e1rio da ilha.<\/p>\n<p>Detalhes:<br \/>\nEste acess\u00f3rio elegante oferece prote\u00e7\u00e3o solar enquanto simboliza prote\u00e7\u00e3o e boa sorte. Ao explorar praias como Sarakiniko e Kleftiko, o chap\u00e9u adiciona estilo e autenticidade \u00e0 sua jornada. Aproveite a combina\u00e7\u00e3o de beleza natural e tradi\u00e7\u00e3o cultural com esse toque \u00fanico.<\/p>\n<p>Informa\u00e7\u00f5es:<br \/>\nObs: Todos os nossos YARA hats acompanham gancho de parede e porta-chap\u00e9u personalizado.<\/p>\n<p data-prosemirror-content-type=\"node\" data-prosemirror-node-name=\"paragraph\" data-prosemirror-node-block=\"true\" data-pm-slice=\"1 1 []\">Os pedidos s\u00e3o processados e despachados em at\u00e9 2 dias \u00fateis ap\u00f3s a confirma\u00e7\u00e3o do pagamento. O prazo de entrega come\u00e7a a contar a partir do envio.<\/p>","protected":false},"excerpt":{"rendered":"<p>Sobre o chap\u00e9u:<br \/>\nMilos, com suas \u00e1guas cristalinas e paisagens deslumbrantes, \u00e9 uma joia das C\u00edclades. Este chap\u00e9u <span style=\"font-weight: 400;\">palha toquilla equatoriana<\/span> leg\u00edtima, adornado com um olho grego pintado \u00e0 m\u00e3o, complementa perfeitamente o cen\u00e1rio da ilha.<\/p>\n<p>Detalhes:<br \/>\nEste acess\u00f3rio elegante oferece prote\u00e7\u00e3o solar enquanto simboliza prote\u00e7\u00e3o e boa sorte. Ao explorar praias como Sarakiniko e Kleftiko, o chap\u00e9u adiciona estilo e autenticidade \u00e0 sua jornada. Aproveite a combina\u00e7\u00e3o de beleza natural e tradi\u00e7\u00e3o cultural com esse toque \u00fanico.<\/p>\n<p>Informa\u00e7\u00f5es:<br \/>\nObs: Todos os nossos YARA hats acompanham bag de cetim e porta-chap\u00e9u personalizado.<\/p>","protected":false},"featured_media":4117,"template":"","meta":{"_acf_changed":false},"product_brand":[],"product_cat":[144,59,140],"product_tag":[],"class_list":{"0":"post-3523","1":"product","2":"type-product","3":"status-publish","4":"has-post-thumbnail","6":"product_cat-ver-tudo","7":"product_cat-panama","8":"product_cat-verao","10":"first","11":"instock","12":"sale","13":"taxable","14":"shipping-taxable","15":"purchasable","16":"product-type-simple"},"acf":[],"_links":{"self":[{"href":"https:\/\/yara-atelier.com\/en\/wp-json\/wp\/v2\/product\/3523","targetHints":{"allow":["GET"]}}],"collection":[{"href":"https:\/\/yara-atelier.com\/en\/wp-json\/wp\/v2\/product"}],"about":[{"href":"https:\/\/yara-atelier.com\/en\/wp-json\/wp\/v2\/types\/product"}],"wp:featuredmedia":[{"embeddable":true,"href":"https:\/\/yara-atelier.com\/en\/wp-json\/wp\/v2\/media\/4117"}],"wp:attachment":[{"href":"https:\/\/yara-atelier.com\/en\/wp-json\/wp\/v2\/media?parent=3523"}],"wp:term":[{"taxonomy":"product_brand","embeddable":true,"href":"https:\/\/yara-atelier.com\/en\/wp-json\/wp\/v2\/product_brand?post=3523"},{"taxonomy":"product_cat","embeddable":true,"href":"https:\/\/yara-atelier.com\/en\/wp-json\/wp\/v2\/product_cat?post=3523"},{"taxonomy":"product_tag","embeddable":true,"href":"https:\/\/yara-atelier.com\/en\/wp-json\/wp\/v2\/product_tag?post=3523"}],"curies":[{"name":"wp","href":"https:\/\/api.w.org\/{rel}","templated":true}]}}