{"id":3558,"date":"2024-04-25T17:22:42","date_gmt":"2024-04-25T20:22:42","guid":{"rendered":"https:\/\/yara-atelier.com\/?post_type=product&#038;p=3558"},"modified":"2026-03-09T14:14:30","modified_gmt":"2026-03-09T17:14:30","slug":"fernando-sorocaba","status":"publish","type":"product","link":"https:\/\/yara-atelier.com\/en\/product\/fernando-sorocaba\/","title":{"rendered":"Fernando &amp; Sorocaba"},"content":{"rendered":"<p>Cria\u00e7\u00e3o especial para o Fernando, da dupla Fernando e Sorocaba, para acompanhar o artista na grava\u00e7\u00e3o do novo DVD Nash, em Nashville.<\/p>\n<p>No interior, inclu\u00edmos uma homenagem especial ao Fernando com a import\u00e2ncia da sua inf\u00e2ncia na sua carreira, tendo descoberto o a seu dom j\u00e1 aos 7 anos de idade quando cantava na casa do seu av\u00f4.<\/p>\n<p>Frases:<br \/>\n&#8211; \u201cI forever honor my grandpa\u201d<br \/>\n&#8211; \u2060\u201dfrom 7 to forever\u201d<\/p>","protected":false},"excerpt":{"rendered":"<p>Cria\u00e7\u00e3o especial para o Fernando, da dupla Fernando e Sorocaba, para acompanhar o artista na grava\u00e7\u00e3o do novo DVD Nash, em Nashville.<\/p>\n<p>No interior, inclu\u00edmos uma homenagem especial ao Fernando com a import\u00e2ncia da sua inf\u00e2ncia na sua carreira, tendo descoberto o a seu dom j\u00e1 aos 7 anos de idade quando cantava na casa do seu av\u00f4.<\/p>\n<p>Frases:<br \/>\n&#8211; \u201cI forever honor my grandpa\u201d<br \/>\n&#8211; \u2060\u201dfrom 7 to forever\u201d<\/p>","protected":false},"featured_media":3559,"template":"","meta":{"_acf_changed":false},"product_brand":[],"product_cat":[58],"product_tag":[],"class_list":{"0":"post-3558","1":"product","2":"type-product","3":"status-publish","4":"has-post-thumbnail","6":"product_cat-personalizado","8":"first","9":"outofstock","10":"taxable","11":"shipping-taxable","12":"purchasable","13":"product-type-simple"},"acf":[],"_links":{"self":[{"href":"https:\/\/yara-atelier.com\/en\/wp-json\/wp\/v2\/product\/3558","targetHints":{"allow":["GET"]}}],"collection":[{"href":"https:\/\/yara-atelier.com\/en\/wp-json\/wp\/v2\/product"}],"about":[{"href":"https:\/\/yara-atelier.com\/en\/wp-json\/wp\/v2\/types\/product"}],"wp:featuredmedia":[{"embeddable":true,"href":"https:\/\/yara-atelier.com\/en\/wp-json\/wp\/v2\/media\/3559"}],"wp:attachment":[{"href":"https:\/\/yara-atelier.com\/en\/wp-json\/wp\/v2\/media?parent=3558"}],"wp:term":[{"taxonomy":"product_brand","embeddable":true,"href":"https:\/\/yara-atelier.com\/en\/wp-json\/wp\/v2\/product_brand?post=3558"},{"taxonomy":"product_cat","embeddable":true,"href":"https:\/\/yara-atelier.com\/en\/wp-json\/wp\/v2\/product_cat?post=3558"},{"taxonomy":"product_tag","embeddable":true,"href":"https:\/\/yara-atelier.com\/en\/wp-json\/wp\/v2\/product_tag?post=3558"}],"curies":[{"name":"wp","href":"https:\/\/api.w.org\/{rel}","templated":true}]}}