{"id":3611,"date":"2024-05-13T11:22:26","date_gmt":"2024-05-13T14:22:26","guid":{"rendered":"https:\/\/yara-atelier.com\/?post_type=product&#038;p=3611"},"modified":"2026-04-13T00:52:12","modified_gmt":"2026-04-13T03:52:12","slug":"mykonos","status":"publish","type":"product","link":"https:\/\/yara-atelier.com\/en\/product\/mykonos\/","title":{"rendered":"Mykonos"},"content":{"rendered":"<p>Sobre o chap\u00e9u:<br \/>\n&#8220;You got the evil eye.&#8221; Este YARA Hat captura a ess\u00eancia de Mykonos, apresentando um banho de artesanato que combina estilo e prote\u00e7\u00e3o.<\/p>\n<p>Detalhes:<br \/>\nFeito com um trabalho de horas em pintura, este chap\u00e9u \u00e9 confeccionado na melhor palha que existe, a Panam\u00e1 leg\u00edtima. Ele \u00e9 adornado com uma bandana de couro e uma pedra azul turquesa, elementos que trazem um toque especial. Para finalizar, o design original do melhor amuleto que voc\u00ea pode carregar: o olho grego.<\/p>\n<p>Informa\u00e7\u00f5es:<br \/>\nObs: Todos os nossos YARA hats acompanham gancho de parede e porta-chap\u00e9u personalizado.<\/p>\n<p data-prosemirror-content-type=\"node\" data-prosemirror-node-name=\"paragraph\" data-prosemirror-node-block=\"true\" data-pm-slice=\"1 1 []\">Os pedidos s\u00e3o processados e despachados em at\u00e9 2 dias \u00fateis ap\u00f3s a confirma\u00e7\u00e3o do pagamento. O prazo de entrega come\u00e7a a contar a partir do envio.<\/p>","protected":false},"excerpt":{"rendered":"<p>Sobre o chap\u00e9u:<br \/>\n&#8220;You got the evil eye.&#8221; Este YARA Hat captura a ess\u00eancia de Mykonos, apresentando um banho de artesanato que combina estilo e prote\u00e7\u00e3o.<\/p>\n<p>Detalhes:<br \/>\nFeito com um trabalho de horas em pintura, este chap\u00e9u \u00e9 confeccionado na melhor palha que existe, a <span style=\"font-weight: 400;\">palha toquilla equatoriana<\/span>. Ele \u00e9 adornado com uma bandana de couro e uma pedra azul turquesa, elementos que trazem um toque especial. Para finalizar, o design original do melhor amuleto que voc\u00ea pode carregar: o olho grego.<\/p>\n<p>Informa\u00e7\u00f5es:<br \/>\nObs: Todos os nossos YARA hats acompanham bag de cetim e porta-chap\u00e9u personalizado.<\/p>","protected":false},"featured_media":7165,"template":"","meta":{"_acf_changed":false},"product_brand":[],"product_cat":[144,105,59,140,86],"product_tag":[],"class_list":{"0":"post-3611","1":"product","2":"type-product","3":"status-publish","4":"has-post-thumbnail","6":"product_cat-ver-tudo","7":"product_cat-sale","8":"product_cat-panama","9":"product_cat-verao","10":"product_cat-best-sellers","12":"first","13":"instock","14":"sale","15":"taxable","16":"shipping-taxable","17":"purchasable","18":"product-type-simple"},"acf":[],"_links":{"self":[{"href":"https:\/\/yara-atelier.com\/en\/wp-json\/wp\/v2\/product\/3611","targetHints":{"allow":["GET"]}}],"collection":[{"href":"https:\/\/yara-atelier.com\/en\/wp-json\/wp\/v2\/product"}],"about":[{"href":"https:\/\/yara-atelier.com\/en\/wp-json\/wp\/v2\/types\/product"}],"wp:featuredmedia":[{"embeddable":true,"href":"https:\/\/yara-atelier.com\/en\/wp-json\/wp\/v2\/media\/7165"}],"wp:attachment":[{"href":"https:\/\/yara-atelier.com\/en\/wp-json\/wp\/v2\/media?parent=3611"}],"wp:term":[{"taxonomy":"product_brand","embeddable":true,"href":"https:\/\/yara-atelier.com\/en\/wp-json\/wp\/v2\/product_brand?post=3611"},{"taxonomy":"product_cat","embeddable":true,"href":"https:\/\/yara-atelier.com\/en\/wp-json\/wp\/v2\/product_cat?post=3611"},{"taxonomy":"product_tag","embeddable":true,"href":"https:\/\/yara-atelier.com\/en\/wp-json\/wp\/v2\/product_tag?post=3611"}],"curies":[{"name":"wp","href":"https:\/\/api.w.org\/{rel}","templated":true}]}}