{"id":3691,"date":"2024-05-24T19:44:44","date_gmt":"2024-05-24T22:44:44","guid":{"rendered":"https:\/\/yara-atelier.com\/?post_type=product&#038;p=3691"},"modified":"2026-04-13T13:30:15","modified_gmt":"2026-04-13T16:30:15","slug":"cosmos","status":"publish","type":"product","link":"https:\/\/yara-atelier.com\/en\/product\/cosmos\/","title":{"rendered":"Cosmos (edi\u00e7\u00e3o limitada)"},"content":{"rendered":"<ol>\n<li>Sobre o chap\u00e9u:<br \/>\nUma verdadeira obra de arte, este YARA Hat \u00e9 mais do que um acess\u00f3rio \u00a0\u00e9 um amuleto que transcende sua presen\u00e7a f\u00edsica, influenciando a aura de quem o usa. Seu design \u00fanico e espl\u00eandido \u00e9 capaz de tirar o suspiro de quem o v\u00ea.<\/li>\n<\/ol>\n<p>Detalhes:<br \/>\nFeito 100% em l\u00e3, o chap\u00e9u \u00e9 adornado com 21 cristais de quartzo, que amplificam sua energia e simbolismo. Cada detalhe foi cuidadosamente pensado para criar uma pe\u00e7a eterna e atemporal, cuja beleza e significado v\u00e3o al\u00e9m das palavras.<\/p>\n<p>Informa\u00e7\u00f5es:<br \/>\nObs: Todos os nossos YARA hats acompanham caixa personalizada.<\/p>\n<p data-prosemirror-content-type=\"node\" data-prosemirror-node-name=\"paragraph\" data-prosemirror-node-block=\"true\" data-pm-slice=\"1 1 []\">Os pedidos s\u00e3o processados e despachados em at\u00e9 2 dias \u00fateis ap\u00f3s a confirma\u00e7\u00e3o do pagamento. O prazo de entrega come\u00e7a a contar a partir do envio.<\/p>","protected":false},"excerpt":{"rendered":"<p>Sobre o chap\u00e9u:<br \/>\nUma verdadeira obra de arte, este YARA Hat \u00e9 mais do que um acess\u00f3rio \u00a0\u00e9 um amuleto que transcende sua presen\u00e7a f\u00edsica, influenciando a aura de quem o usa. Seu design \u00fanico e espl\u00eandido \u00e9 capaz de tirar o suspiro de quem o v\u00ea.<\/p>\n<p>Detalhes:<br \/>\nFeito 100% em l\u00e3, o chap\u00e9u \u00e9 adornado com 21 cristais de quartzo, que amplificam sua energia e simbolismo. Cada detalhe foi cuidadosamente pensado para criar uma pe\u00e7a eterna e atemporal, cuja beleza e significado v\u00e3o al\u00e9m das palavras.<\/p>","protected":false},"featured_media":6856,"template":"","meta":{"_acf_changed":false},"product_brand":[],"product_cat":[144,105,86,20],"product_tag":[83],"class_list":{"0":"post-3691","1":"product","2":"type-product","3":"status-publish","4":"has-post-thumbnail","6":"product_cat-ver-tudo","7":"product_cat-sale","8":"product_cat-best-sellers","9":"product_cat-100-la","10":"product_tag-yara-hat","12":"first","13":"instock","14":"sale","15":"taxable","16":"shipping-taxable","17":"purchasable","18":"product-type-simple"},"acf":[],"_links":{"self":[{"href":"https:\/\/yara-atelier.com\/en\/wp-json\/wp\/v2\/product\/3691","targetHints":{"allow":["GET"]}}],"collection":[{"href":"https:\/\/yara-atelier.com\/en\/wp-json\/wp\/v2\/product"}],"about":[{"href":"https:\/\/yara-atelier.com\/en\/wp-json\/wp\/v2\/types\/product"}],"wp:featuredmedia":[{"embeddable":true,"href":"https:\/\/yara-atelier.com\/en\/wp-json\/wp\/v2\/media\/6856"}],"wp:attachment":[{"href":"https:\/\/yara-atelier.com\/en\/wp-json\/wp\/v2\/media?parent=3691"}],"wp:term":[{"taxonomy":"product_brand","embeddable":true,"href":"https:\/\/yara-atelier.com\/en\/wp-json\/wp\/v2\/product_brand?post=3691"},{"taxonomy":"product_cat","embeddable":true,"href":"https:\/\/yara-atelier.com\/en\/wp-json\/wp\/v2\/product_cat?post=3691"},{"taxonomy":"product_tag","embeddable":true,"href":"https:\/\/yara-atelier.com\/en\/wp-json\/wp\/v2\/product_tag?post=3691"}],"curies":[{"name":"wp","href":"https:\/\/api.w.org\/{rel}","templated":true}]}}