{"id":3700,"date":"2024-05-27T13:37:56","date_gmt":"2024-05-27T16:37:56","guid":{"rendered":"https:\/\/yara-atelier.com\/?post_type=product&#038;p=3700"},"modified":"2026-04-19T20:39:56","modified_gmt":"2026-04-19T23:39:56","slug":"afrodite-2","status":"publish","type":"product","link":"https:\/\/yara-atelier.com\/en\/product\/afrodite-2\/","title":{"rendered":"Afrodite"},"content":{"rendered":"<p><img loading=\"lazy\" decoding=\"async\" class=\"alignnone size-medium wp-image-3720\" src=\"https:\/\/yara-atelier.com\/wp-content\/uploads\/2024\/05\/Facetune_26-05-2024-17-29-28-2-309x450.jpg\" alt=\"\" width=\"309\" height=\"450\" srcset=\"https:\/\/yara-atelier.com\/wp-content\/uploads\/2024\/05\/Facetune_26-05-2024-17-29-28-2-309x450.jpg 309w, https:\/\/yara-atelier.com\/wp-content\/uploads\/2024\/05\/Facetune_26-05-2024-17-29-28-2-703x1024.jpg 703w, https:\/\/yara-atelier.com\/wp-content\/uploads\/2024\/05\/Facetune_26-05-2024-17-29-28-2-768x1119.jpg 768w, https:\/\/yara-atelier.com\/wp-content\/uploads\/2024\/05\/Facetune_26-05-2024-17-29-28-2-1055x1536.jpg 1055w, https:\/\/yara-atelier.com\/wp-content\/uploads\/2024\/05\/Facetune_26-05-2024-17-29-28-2-1406x2048.jpg 1406w, https:\/\/yara-atelier.com\/wp-content\/uploads\/2024\/05\/Facetune_26-05-2024-17-29-28-2-8x12.jpg 8w, https:\/\/yara-atelier.com\/wp-content\/uploads\/2024\/05\/Facetune_26-05-2024-17-29-28-2-600x874.jpg 600w, https:\/\/yara-atelier.com\/wp-content\/uploads\/2024\/05\/Facetune_26-05-2024-17-29-28-2-scaled.jpg 1758w\" sizes=\"auto, (max-width: 309px) 100vw, 309px\" \/><\/p>","protected":false},"excerpt":{"rendered":"<p>Afrodite, deusa do amor, da beleza e do desejo, \u00e9 a inspira\u00e7\u00e3o por tr\u00e1s do YARA Hat Afrodite.<\/p>\n<p>Este chap\u00e9u artesanal feito \u00e0 m\u00e3o pela YARA Atelier expressa feminilidade, encanto e intensidade uma pe\u00e7a que revela a for\u00e7a da delicadeza em cada detalhe.<\/p>\n<p data-prosemirror-content-type=\"node\" data-prosemirror-node-name=\"paragraph\" data-prosemirror-node-block=\"true\" data-pm-slice=\"1 1 []\">Os pedidos s\u00e3o processados e despachados em at\u00e9 2 dias \u00fateis ap\u00f3s a confirma\u00e7\u00e3o do pagamento. O prazo de entrega come\u00e7a a contar a partir do envio.<\/p>","protected":false},"featured_media":4877,"template":"","meta":{"_acf_changed":false},"product_brand":[],"product_cat":[144,105,102,19,86],"product_tag":[127,128,129,130,131,132,83],"class_list":{"0":"post-3700","1":"product","2":"type-product","3":"status-publish","4":"has-post-thumbnail","6":"product_cat-ver-tudo","7":"product_cat-sale","8":"product_cat-country-cowboy-western","9":"product_cat-suede-cores","10":"product_cat-best-sellers","11":"product_tag-caramelo","12":"product_tag-suede","13":"product_tag-country","14":"product_tag-western","15":"product_tag-turquesa","16":"product_tag-feito-a-mao","17":"product_tag-yara-hat","19":"first","20":"instock","21":"sale","22":"featured","23":"taxable","24":"shipping-taxable","25":"purchasable","26":"product-type-simple"},"acf":[],"_links":{"self":[{"href":"https:\/\/yara-atelier.com\/en\/wp-json\/wp\/v2\/product\/3700","targetHints":{"allow":["GET"]}}],"collection":[{"href":"https:\/\/yara-atelier.com\/en\/wp-json\/wp\/v2\/product"}],"about":[{"href":"https:\/\/yara-atelier.com\/en\/wp-json\/wp\/v2\/types\/product"}],"wp:featuredmedia":[{"embeddable":true,"href":"https:\/\/yara-atelier.com\/en\/wp-json\/wp\/v2\/media\/4877"}],"wp:attachment":[{"href":"https:\/\/yara-atelier.com\/en\/wp-json\/wp\/v2\/media?parent=3700"}],"wp:term":[{"taxonomy":"product_brand","embeddable":true,"href":"https:\/\/yara-atelier.com\/en\/wp-json\/wp\/v2\/product_brand?post=3700"},{"taxonomy":"product_cat","embeddable":true,"href":"https:\/\/yara-atelier.com\/en\/wp-json\/wp\/v2\/product_cat?post=3700"},{"taxonomy":"product_tag","embeddable":true,"href":"https:\/\/yara-atelier.com\/en\/wp-json\/wp\/v2\/product_tag?post=3700"}],"curies":[{"name":"wp","href":"https:\/\/api.w.org\/{rel}","templated":true}]}}