{"id":3752,"date":"2024-06-27T11:52:28","date_gmt":"2024-06-27T14:52:28","guid":{"rendered":"https:\/\/yara-atelier.com\/?post_type=product&#038;p=3752"},"modified":"2026-04-01T03:15:05","modified_gmt":"2026-04-01T06:15:05","slug":"hathor","status":"publish","type":"product","link":"https:\/\/yara-atelier.com\/en\/product\/hathor\/","title":{"rendered":"Hathor"},"content":{"rendered":"","protected":false},"excerpt":{"rendered":"<p>Sobre o chap\u00e9u:<br \/>\nHathor, da mitologia eg\u00edpcia, \u00e9 lembrada por sua extravag\u00e2ncia e estilo vibrante. Conhecida por seus adornos luxuosos que simbolizavam sua conex\u00e3o com a arte, a m\u00fasica e a beleza, Hathor apresenta uma imagem imponente e extravagante.<\/p>\n<p>Detalhes:<br \/>\nEsse YARA Hat traz o arqu\u00e9tipo da Hathor para a sua vida, come\u00e7ando pela cabe\u00e7a. Ele demanda um dia inteiro de artesanato, utilizando renda importada e pedras em um desenho assim\u00e9trico, abstrato e extremamente luxuoso.<\/p>\n<p>Informa\u00e7\u00f5es:<\/p>\n<p>Todos os nossos YARA hats acompanham gancho de parede e porta-chap\u00e9u personalizado.<\/p>\n<p data-prosemirror-content-type=\"node\" data-prosemirror-node-name=\"paragraph\" data-prosemirror-node-block=\"true\" data-pm-slice=\"1 1 []\">Os pedidos s\u00e3o processados e despachados em at\u00e9 2 dias \u00fateis ap\u00f3s a confirma\u00e7\u00e3o do pagamento. O prazo de entrega come\u00e7a a contar a partir do envio.<\/p>","protected":false},"featured_media":3775,"template":"","meta":{"_acf_changed":false},"product_brand":[],"product_cat":[144,105,59],"product_tag":[],"class_list":{"0":"post-3752","1":"product","2":"type-product","3":"status-publish","4":"has-post-thumbnail","6":"product_cat-ver-tudo","7":"product_cat-sale","8":"product_cat-panama","10":"first","11":"instock","12":"sale","13":"taxable","14":"shipping-taxable","15":"purchasable","16":"product-type-simple"},"acf":[],"_links":{"self":[{"href":"https:\/\/yara-atelier.com\/en\/wp-json\/wp\/v2\/product\/3752","targetHints":{"allow":["GET"]}}],"collection":[{"href":"https:\/\/yara-atelier.com\/en\/wp-json\/wp\/v2\/product"}],"about":[{"href":"https:\/\/yara-atelier.com\/en\/wp-json\/wp\/v2\/types\/product"}],"wp:featuredmedia":[{"embeddable":true,"href":"https:\/\/yara-atelier.com\/en\/wp-json\/wp\/v2\/media\/3775"}],"wp:attachment":[{"href":"https:\/\/yara-atelier.com\/en\/wp-json\/wp\/v2\/media?parent=3752"}],"wp:term":[{"taxonomy":"product_brand","embeddable":true,"href":"https:\/\/yara-atelier.com\/en\/wp-json\/wp\/v2\/product_brand?post=3752"},{"taxonomy":"product_cat","embeddable":true,"href":"https:\/\/yara-atelier.com\/en\/wp-json\/wp\/v2\/product_cat?post=3752"},{"taxonomy":"product_tag","embeddable":true,"href":"https:\/\/yara-atelier.com\/en\/wp-json\/wp\/v2\/product_tag?post=3752"}],"curies":[{"name":"wp","href":"https:\/\/api.w.org\/{rel}","templated":true}]}}