{"id":3829,"date":"2024-07-30T20:14:07","date_gmt":"2024-07-30T23:14:07","guid":{"rendered":"https:\/\/yara-atelier.com\/?post_type=product&#038;p=3829"},"modified":"2026-04-01T03:14:54","modified_gmt":"2026-04-01T06:14:54","slug":"vagalume-tulum","status":"publish","type":"product","link":"https:\/\/yara-atelier.com\/en\/product\/vagalume-tulum\/","title":{"rendered":"Vagalume Tulum"},"content":{"rendered":"<ol>\n<li><img loading=\"lazy\" decoding=\"async\" class=\"alignnone size-medium wp-image-3720\" src=\"https:\/\/yara-atelier.com\/wp-content\/uploads\/2024\/05\/Facetune_26-05-2024-17-29-28-2-309x450.jpg\" alt=\"\" width=\"309\" height=\"450\" srcset=\"https:\/\/yara-atelier.com\/wp-content\/uploads\/2024\/05\/Facetune_26-05-2024-17-29-28-2-309x450.jpg 309w, https:\/\/yara-atelier.com\/wp-content\/uploads\/2024\/05\/Facetune_26-05-2024-17-29-28-2-703x1024.jpg 703w, https:\/\/yara-atelier.com\/wp-content\/uploads\/2024\/05\/Facetune_26-05-2024-17-29-28-2-768x1119.jpg 768w, https:\/\/yara-atelier.com\/wp-content\/uploads\/2024\/05\/Facetune_26-05-2024-17-29-28-2-1055x1536.jpg 1055w, https:\/\/yara-atelier.com\/wp-content\/uploads\/2024\/05\/Facetune_26-05-2024-17-29-28-2-1406x2048.jpg 1406w, https:\/\/yara-atelier.com\/wp-content\/uploads\/2024\/05\/Facetune_26-05-2024-17-29-28-2-8x12.jpg 8w, https:\/\/yara-atelier.com\/wp-content\/uploads\/2024\/05\/Facetune_26-05-2024-17-29-28-2-600x874.jpg 600w, https:\/\/yara-atelier.com\/wp-content\/uploads\/2024\/05\/Facetune_26-05-2024-17-29-28-2-scaled.jpg 1758w\" sizes=\"auto, (max-width: 309px) 100vw, 309px\" \/><\/li>\n<\/ol>","protected":false},"excerpt":{"rendered":"<p>Sobre o chap\u00e9u:<br \/>\nVagalume Tulum \u00e9 a perfeita homenagem ao lifestyle boho \u00fanico de Tulum, onde os beach clubs e o p\u00f4r do sol criam o cen\u00e1rio ideal.<\/p>\n<p>Detalhes:<br \/>\nEsse YARA Hat \u00e9 100% trabalhado \u00e0 m\u00e3o, com pintura, ma\u00e7arico e acess\u00f3rios naturais, trazendo o verde musgo como uma cor org\u00e2nica, inspirada na vegeta\u00e7\u00e3o local. Os aspectos &#8220;destroyed&#8221; criados com fogo adicionam um toque r\u00fastico e aut\u00eantico ao design.<\/p>\n<p>Informa\u00e7\u00f5es:<br \/>\nTodos os nossos YARA Hats acompanham gancho de parede e porta-chap\u00e9u personalizado.<\/p>\n<p data-prosemirror-content-type=\"node\" data-prosemirror-node-name=\"paragraph\" data-prosemirror-node-block=\"true\" data-pm-slice=\"1 1 []\">Os pedidos s\u00e3o processados e despachados em at\u00e9 2 dias \u00fateis ap\u00f3s a confirma\u00e7\u00e3o do pagamento. O prazo de entrega come\u00e7a a contar a partir do envio.<\/p>","protected":false},"featured_media":7071,"template":"","meta":{"_acf_changed":false},"product_brand":[],"product_cat":[144,105,19],"product_tag":[83],"class_list":{"0":"post-3829","1":"product","2":"type-product","3":"status-publish","4":"has-post-thumbnail","6":"product_cat-ver-tudo","7":"product_cat-sale","8":"product_cat-suede-cores","9":"product_tag-yara-hat","11":"first","12":"instock","13":"sale","14":"taxable","15":"shipping-taxable","16":"purchasable","17":"product-type-simple"},"acf":[],"_links":{"self":[{"href":"https:\/\/yara-atelier.com\/en\/wp-json\/wp\/v2\/product\/3829","targetHints":{"allow":["GET"]}}],"collection":[{"href":"https:\/\/yara-atelier.com\/en\/wp-json\/wp\/v2\/product"}],"about":[{"href":"https:\/\/yara-atelier.com\/en\/wp-json\/wp\/v2\/types\/product"}],"wp:featuredmedia":[{"embeddable":true,"href":"https:\/\/yara-atelier.com\/en\/wp-json\/wp\/v2\/media\/7071"}],"wp:attachment":[{"href":"https:\/\/yara-atelier.com\/en\/wp-json\/wp\/v2\/media?parent=3829"}],"wp:term":[{"taxonomy":"product_brand","embeddable":true,"href":"https:\/\/yara-atelier.com\/en\/wp-json\/wp\/v2\/product_brand?post=3829"},{"taxonomy":"product_cat","embeddable":true,"href":"https:\/\/yara-atelier.com\/en\/wp-json\/wp\/v2\/product_cat?post=3829"},{"taxonomy":"product_tag","embeddable":true,"href":"https:\/\/yara-atelier.com\/en\/wp-json\/wp\/v2\/product_tag?post=3829"}],"curies":[{"name":"wp","href":"https:\/\/api.w.org\/{rel}","templated":true}]}}