{"id":3966,"date":"2025-01-06T10:47:13","date_gmt":"2025-01-06T13:47:13","guid":{"rendered":"https:\/\/yara-atelier.com\/produto\/venus-turquesa\/"},"modified":"2026-04-13T00:48:43","modified_gmt":"2026-04-13T03:48:43","slug":"venus-turquesa","status":"publish","type":"product","link":"https:\/\/yara-atelier.com\/en\/product\/venus-turquesa\/","title":{"rendered":"V\u00eanus Turquesa"},"content":{"rendered":"<blockquote><p>&nbsp;<\/p><\/blockquote>","protected":false},"excerpt":{"rendered":"<p>O YARA Hat V\u00eanus reflete a dualidade entre for\u00e7a e leveza, inspirada na deusa romana do amor e da beleza.<\/p>\n<p>Este chap\u00e9u artesanal, feito \u00e0 m\u00e3o com design exclusivo da YARA Atelier, celebra a liberdade, o feminino e a profunda conex\u00e3o com o mar.<\/p>\n<p data-prosemirror-content-type=\"node\" data-prosemirror-node-name=\"paragraph\" data-prosemirror-node-block=\"true\" data-pm-slice=\"1 1 []\">Os pedidos s\u00e3o processados e despachados em at\u00e9 2 dias \u00fateis ap\u00f3s a confirma\u00e7\u00e3o do pagamento. O prazo de entrega come\u00e7a a contar a partir do envio.<\/p>","protected":false},"featured_media":7662,"template":"","meta":{"_acf_changed":false},"product_brand":[],"product_cat":[144,105,102,59,140,86],"product_tag":[],"class_list":{"0":"post-3966","1":"product","2":"type-product","3":"status-publish","4":"has-post-thumbnail","6":"product_cat-ver-tudo","7":"product_cat-sale","8":"product_cat-country-cowboy-western","9":"product_cat-panama","10":"product_cat-verao","11":"product_cat-best-sellers","13":"first","14":"instock","15":"sale","16":"taxable","17":"shipping-taxable","18":"purchasable","19":"product-type-simple"},"acf":[],"_links":{"self":[{"href":"https:\/\/yara-atelier.com\/en\/wp-json\/wp\/v2\/product\/3966","targetHints":{"allow":["GET"]}}],"collection":[{"href":"https:\/\/yara-atelier.com\/en\/wp-json\/wp\/v2\/product"}],"about":[{"href":"https:\/\/yara-atelier.com\/en\/wp-json\/wp\/v2\/types\/product"}],"wp:featuredmedia":[{"embeddable":true,"href":"https:\/\/yara-atelier.com\/en\/wp-json\/wp\/v2\/media\/7662"}],"wp:attachment":[{"href":"https:\/\/yara-atelier.com\/en\/wp-json\/wp\/v2\/media?parent=3966"}],"wp:term":[{"taxonomy":"product_brand","embeddable":true,"href":"https:\/\/yara-atelier.com\/en\/wp-json\/wp\/v2\/product_brand?post=3966"},{"taxonomy":"product_cat","embeddable":true,"href":"https:\/\/yara-atelier.com\/en\/wp-json\/wp\/v2\/product_cat?post=3966"},{"taxonomy":"product_tag","embeddable":true,"href":"https:\/\/yara-atelier.com\/en\/wp-json\/wp\/v2\/product_tag?post=3966"}],"curies":[{"name":"wp","href":"https:\/\/api.w.org\/{rel}","templated":true}]}}