{"id":4065,"date":"2025-02-24T13:13:24","date_gmt":"2025-02-24T16:13:24","guid":{"rendered":"https:\/\/yara-atelier.com\/produto\/epona\/"},"modified":"2026-04-13T00:48:02","modified_gmt":"2026-04-13T03:48:02","slug":"epona","status":"publish","type":"product","link":"https:\/\/yara-atelier.com\/en\/product\/epona\/","title":{"rendered":"Epona"},"content":{"rendered":"","protected":false},"excerpt":{"rendered":"<p>Sobre o chap\u00e9u:<\/p>\n<p>O YARA Hat Epona honra a deusa celta dos cavalos e da liberdade. Um chap\u00e9u que simboliza movimento, independ\u00eancia e conex\u00e3o com a natureza.<\/p>\n<p>Detalhes:<\/p>\n<p>\u2022Modelo cowboy em palha natural Ibiza.<\/p>\n<p>\u2022Faixa em tecido turquesa, flor met\u00e1lica e detalhes em couro tran\u00e7ado.<\/p>\n<p>\u2022Acabamento com contas de madeira e metal, evocando rusticidade e eleg\u00e2ncia.<\/p>\n<p>Informa\u00e7\u00f5es:<\/p>\n<p>Acompanha gancho de parede e porta-chap\u00e9u personalizado para prote\u00e7\u00e3o e estilo.<\/p>\n<p data-prosemirror-content-type=\"node\" data-prosemirror-node-name=\"paragraph\" data-prosemirror-node-block=\"true\" data-pm-slice=\"1 1 []\">Os pedidos s\u00e3o processados e despachados em at\u00e9 2 dias \u00fateis ap\u00f3s a confirma\u00e7\u00e3o do pagamento. O prazo de entrega come\u00e7a a contar a partir do envio.<\/p>","protected":false},"featured_media":7664,"template":"","meta":{"_acf_changed":false},"product_brand":[],"product_cat":[144,105,84,102,59,140,86],"product_tag":[135,136,137,138,139,129,130,132,83,27],"class_list":{"0":"post-4065","1":"product","2":"type-product","3":"status-publish","4":"has-post-thumbnail","6":"product_cat-ver-tudo","7":"product_cat-sale","8":"product_cat-chapeus","9":"product_cat-country-cowboy-western","10":"product_cat-panama","11":"product_cat-verao","12":"product_cat-best-sellers","13":"product_tag-praia","14":"product_tag-panama","15":"product_tag-verao","16":"product_tag-sol","17":"product_tag-piscina","18":"product_tag-country","19":"product_tag-western","20":"product_tag-feito-a-mao","21":"product_tag-yara-hat","22":"product_tag-hats","24":"first","25":"instock","26":"sale","27":"featured","28":"taxable","29":"shipping-taxable","30":"purchasable","31":"product-type-simple"},"acf":[],"_links":{"self":[{"href":"https:\/\/yara-atelier.com\/en\/wp-json\/wp\/v2\/product\/4065","targetHints":{"allow":["GET"]}}],"collection":[{"href":"https:\/\/yara-atelier.com\/en\/wp-json\/wp\/v2\/product"}],"about":[{"href":"https:\/\/yara-atelier.com\/en\/wp-json\/wp\/v2\/types\/product"}],"wp:featuredmedia":[{"embeddable":true,"href":"https:\/\/yara-atelier.com\/en\/wp-json\/wp\/v2\/media\/7664"}],"wp:attachment":[{"href":"https:\/\/yara-atelier.com\/en\/wp-json\/wp\/v2\/media?parent=4065"}],"wp:term":[{"taxonomy":"product_brand","embeddable":true,"href":"https:\/\/yara-atelier.com\/en\/wp-json\/wp\/v2\/product_brand?post=4065"},{"taxonomy":"product_cat","embeddable":true,"href":"https:\/\/yara-atelier.com\/en\/wp-json\/wp\/v2\/product_cat?post=4065"},{"taxonomy":"product_tag","embeddable":true,"href":"https:\/\/yara-atelier.com\/en\/wp-json\/wp\/v2\/product_tag?post=4065"}],"curies":[{"name":"wp","href":"https:\/\/api.w.org\/{rel}","templated":true}]}}