{"id":4076,"date":"2025-02-24T13:16:01","date_gmt":"2025-02-24T16:16:01","guid":{"rendered":"https:\/\/yara-atelier.com\/produto\/selene\/"},"modified":"2026-04-20T14:39:39","modified_gmt":"2026-04-20T17:39:39","slug":"selene","status":"publish","type":"product","link":"https:\/\/yara-atelier.com\/en\/product\/selene\/","title":{"rendered":"Selene"},"content":{"rendered":"","protected":false},"excerpt":{"rendered":"<p>Sobre o chap\u00e9u:<\/p>\n<p>Selene, inspirado na deusa grega da lua, representa mist\u00e9rio, eleg\u00e2ncia e for\u00e7a serena. Um acess\u00f3rio atemporal para quem valoriza a sofistica\u00e7\u00e3o nos detalhes, tra\u00e7os minimalistas e um contexto mais urbano.<\/p>\n<p>Detalhes:<\/p>\n<p>\u2022Modelo fedora em l\u00e3 100% boliviana, na cor preta.<\/p>\n<p>\u2022Bandana em couro preto, trazendo um toque de textura refinada.<\/p>\n<p>\u2022Aba levemente curvada, equilibrando modernidade e estilo cl\u00e1ssico.<\/p>\n<p>Informa\u00e7\u00f5es:<\/p>\n<p>Acompanha gancho de parede e porta-chap\u00e9u personalizado para prote\u00e7\u00e3o e estilo.<\/p>\n<p data-prosemirror-content-type=\"node\" data-prosemirror-node-name=\"paragraph\" data-prosemirror-node-block=\"true\" data-pm-slice=\"1 1 []\">Os pedidos s\u00e3o processados e despachados em at\u00e9 2 dias \u00fateis ap\u00f3s a confirma\u00e7\u00e3o do pagamento. O prazo de entrega come\u00e7a a contar a partir do envio.<\/p>","protected":false},"featured_media":5366,"template":"","meta":{"_acf_changed":false},"product_brand":[],"product_cat":[144,105,84,20],"product_tag":[],"class_list":{"0":"post-4076","1":"product","2":"type-product","3":"status-publish","4":"has-post-thumbnail","6":"product_cat-ver-tudo","7":"product_cat-sale","8":"product_cat-chapeus","9":"product_cat-100-la","11":"first","12":"instock","13":"sale","14":"taxable","15":"shipping-taxable","16":"purchasable","17":"product-type-simple"},"acf":[],"_links":{"self":[{"href":"https:\/\/yara-atelier.com\/en\/wp-json\/wp\/v2\/product\/4076","targetHints":{"allow":["GET"]}}],"collection":[{"href":"https:\/\/yara-atelier.com\/en\/wp-json\/wp\/v2\/product"}],"about":[{"href":"https:\/\/yara-atelier.com\/en\/wp-json\/wp\/v2\/types\/product"}],"wp:featuredmedia":[{"embeddable":true,"href":"https:\/\/yara-atelier.com\/en\/wp-json\/wp\/v2\/media\/5366"}],"wp:attachment":[{"href":"https:\/\/yara-atelier.com\/en\/wp-json\/wp\/v2\/media?parent=4076"}],"wp:term":[{"taxonomy":"product_brand","embeddable":true,"href":"https:\/\/yara-atelier.com\/en\/wp-json\/wp\/v2\/product_brand?post=4076"},{"taxonomy":"product_cat","embeddable":true,"href":"https:\/\/yara-atelier.com\/en\/wp-json\/wp\/v2\/product_cat?post=4076"},{"taxonomy":"product_tag","embeddable":true,"href":"https:\/\/yara-atelier.com\/en\/wp-json\/wp\/v2\/product_tag?post=4076"}],"curies":[{"name":"wp","href":"https:\/\/api.w.org\/{rel}","templated":true}]}}