{"id":4079,"date":"2025-02-24T13:16:50","date_gmt":"2025-02-24T16:16:50","guid":{"rendered":"https:\/\/yara-atelier.com\/produto\/hemera\/"},"modified":"2026-04-01T03:12:01","modified_gmt":"2026-04-01T06:12:01","slug":"hemera","status":"publish","type":"product","link":"https:\/\/yara-atelier.com\/en\/product\/hemera\/","title":{"rendered":"Hemera"},"content":{"rendered":"","protected":false},"excerpt":{"rendered":"<p class=\"p1\"><span class=\"s1\">Sobre o chap\u00e9u:<\/span><\/p>\n<p class=\"p1\"><span class=\"s1\">Hemera representa pureza, equil\u00edbrio e a energia de novos come\u00e7os. Uma pe\u00e7a elegante, ideal para momentos de conex\u00e3o e express\u00e3o pessoal.<\/span><\/p>\n<p class=\"p1\"><span class=\"s1\">Frase pirografada na aba:<\/span><\/p>\n<p class=\"p1\"><span class=\"s1\">\u201cEnergy boundless and timeless\u201d<\/span><\/p>\n<p class=\"p1\"><span class=\"s1\">Detalhes:<\/span><\/p>\n<p class=\"p1\"><span class=\"s1\"> \u2022 Modelo fedora em suede branco.<\/span><\/p>\n<p class=\"p1\"><span class=\"s1\"> \u2022 Detalhes pirografados \u00e0 m\u00e3o, incluindo s\u00edmbolos como o tri\u00e2ngulo e o infinito.<\/span><\/p>\n<p class=\"p1\"><span class=\"s1\"> \u2022 Faixa em corda natural tran\u00e7ada para um toque r\u00fastico e sofisticado.<\/span><\/p>\n<p class=\"p1\"><span class=\"s1\">Informa\u00e7\u00f5es:<\/span><\/p>\n<p class=\"p1\"><span class=\"s1\">Acompanha gancho de parede e porta-chap\u00e9u personalizado para prote\u00e7\u00e3o e estilo.<\/p>\n<p><\/span><\/p>\n<p data-prosemirror-content-type=\"node\" data-prosemirror-node-name=\"paragraph\" data-prosemirror-node-block=\"true\" data-pm-slice=\"1 1 []\">Os pedidos s\u00e3o processados e despachados em at\u00e9 2 dias \u00fateis ap\u00f3s a confirma\u00e7\u00e3o do pagamento. O prazo de entrega come\u00e7a a contar a partir do envio.<\/p>\n<p class=\"p1\"><span class=\"s1\">\u00a0<\/span><\/p>","protected":false},"featured_media":6943,"template":"","meta":{"_acf_changed":false},"product_brand":[],"product_cat":[144,105,84,19],"product_tag":[],"class_list":{"0":"post-4079","1":"product","2":"type-product","3":"status-publish","4":"has-post-thumbnail","6":"product_cat-ver-tudo","7":"product_cat-sale","8":"product_cat-chapeus","9":"product_cat-suede-cores","11":"first","12":"instock","13":"sale","14":"taxable","15":"shipping-taxable","16":"purchasable","17":"product-type-simple"},"acf":[],"_links":{"self":[{"href":"https:\/\/yara-atelier.com\/en\/wp-json\/wp\/v2\/product\/4079","targetHints":{"allow":["GET"]}}],"collection":[{"href":"https:\/\/yara-atelier.com\/en\/wp-json\/wp\/v2\/product"}],"about":[{"href":"https:\/\/yara-atelier.com\/en\/wp-json\/wp\/v2\/types\/product"}],"wp:featuredmedia":[{"embeddable":true,"href":"https:\/\/yara-atelier.com\/en\/wp-json\/wp\/v2\/media\/6943"}],"wp:attachment":[{"href":"https:\/\/yara-atelier.com\/en\/wp-json\/wp\/v2\/media?parent=4079"}],"wp:term":[{"taxonomy":"product_brand","embeddable":true,"href":"https:\/\/yara-atelier.com\/en\/wp-json\/wp\/v2\/product_brand?post=4079"},{"taxonomy":"product_cat","embeddable":true,"href":"https:\/\/yara-atelier.com\/en\/wp-json\/wp\/v2\/product_cat?post=4079"},{"taxonomy":"product_tag","embeddable":true,"href":"https:\/\/yara-atelier.com\/en\/wp-json\/wp\/v2\/product_tag?post=4079"}],"curies":[{"name":"wp","href":"https:\/\/api.w.org\/{rel}","templated":true}]}}