{"id":4085,"date":"2025-02-24T13:18:22","date_gmt":"2025-02-24T16:18:22","guid":{"rendered":"https:\/\/yara-atelier.com\/produto\/nefertun\/"},"modified":"2026-04-01T03:11:33","modified_gmt":"2026-04-01T06:11:33","slug":"nefertun","status":"publish","type":"product","link":"https:\/\/yara-atelier.com\/en\/product\/nefertun\/","title":{"rendered":"Nefertun"},"content":{"rendered":"","protected":false},"excerpt":{"rendered":"<p>Sobre o chap\u00e9u:<br \/>\nO YARA Hat Nefertum celebra a energia do renascimento e da beleza interior. Inspirado na deidade eg\u00edpcia associada \u00e0 flor de l\u00f3tus, este chap\u00e9u simboliza renova\u00e7\u00e3o e autenticidade.<\/p>\n<p>Detalhes:<br \/>\n\u2022 Modelo fedora em l\u00e3 100% boliviana, cor camelo.<br \/>\n\u2022 Adornado com bandana de linho azul turquesa, remetendo \u00e0s \u00e1guas do Nilo.\u2022 Design elegante, perfeito para momentos que pedem estilo e significado.<\/p>\n<p>\u2022 Copa losangular moldada \u00e0 m\u00e3o, conferindo personalidade e singularidade.<\/p>\n<p>Informa\u00e7\u00f5es:<br \/>\nAcompanha gancho de parede e porta-chap\u00e9u personalizado para prote\u00e7\u00e3o e estilo.<\/p>\n<p data-prosemirror-content-type=\"node\" data-prosemirror-node-name=\"paragraph\" data-prosemirror-node-block=\"true\" data-pm-slice=\"1 1 []\">Os pedidos s\u00e3o processados e despachados em at\u00e9 2 dias \u00fateis ap\u00f3s a confirma\u00e7\u00e3o do pagamento. O prazo de entrega come\u00e7a a contar a partir do envio.<\/p>","protected":false},"featured_media":7028,"template":"","meta":{"_acf_changed":false},"product_brand":[],"product_cat":[144,84,20],"product_tag":[],"class_list":{"0":"post-4085","1":"product","2":"type-product","3":"status-publish","4":"has-post-thumbnail","6":"product_cat-ver-tudo","7":"product_cat-chapeus","8":"product_cat-100-la","10":"first","11":"instock","12":"sale","13":"taxable","14":"shipping-taxable","15":"purchasable","16":"product-type-simple"},"acf":[],"_links":{"self":[{"href":"https:\/\/yara-atelier.com\/en\/wp-json\/wp\/v2\/product\/4085","targetHints":{"allow":["GET"]}}],"collection":[{"href":"https:\/\/yara-atelier.com\/en\/wp-json\/wp\/v2\/product"}],"about":[{"href":"https:\/\/yara-atelier.com\/en\/wp-json\/wp\/v2\/types\/product"}],"wp:featuredmedia":[{"embeddable":true,"href":"https:\/\/yara-atelier.com\/en\/wp-json\/wp\/v2\/media\/7028"}],"wp:attachment":[{"href":"https:\/\/yara-atelier.com\/en\/wp-json\/wp\/v2\/media?parent=4085"}],"wp:term":[{"taxonomy":"product_brand","embeddable":true,"href":"https:\/\/yara-atelier.com\/en\/wp-json\/wp\/v2\/product_brand?post=4085"},{"taxonomy":"product_cat","embeddable":true,"href":"https:\/\/yara-atelier.com\/en\/wp-json\/wp\/v2\/product_cat?post=4085"},{"taxonomy":"product_tag","embeddable":true,"href":"https:\/\/yara-atelier.com\/en\/wp-json\/wp\/v2\/product_tag?post=4085"}],"curies":[{"name":"wp","href":"https:\/\/api.w.org\/{rel}","templated":true}]}}