{"id":4092,"date":"2025-02-24T13:21:30","date_gmt":"2025-02-24T16:21:30","guid":{"rendered":"https:\/\/yara-atelier.com\/produto\/amazonita\/"},"modified":"2026-04-01T03:10:53","modified_gmt":"2026-04-01T06:10:53","slug":"amazonita","status":"publish","type":"product","link":"https:\/\/yara-atelier.com\/en\/product\/amazonita\/","title":{"rendered":"Amazonita"},"content":{"rendered":"","protected":false},"excerpt":{"rendered":"<p>Sobre o chap\u00e9u:<\/p>\n<p>Amazonita simboliza o portal para a harmonia, a coragem e a autoconfian\u00e7a. Inspirado na pedra de mesmo nome, este chap\u00e9u \u00e9 um convite para atravessar limites internos e se conectar com a for\u00e7a da natureza e da verdade pessoal.<\/p>\n<p>Frase pirografada na aba:<br \/>\n\u201cThe portal of Amazonita\u201d<\/p>\n<p>Detalhes:<br \/>\n\u2022 Modelo fedora em l\u00e3 100% boliviana, na cor caqui, com aba curvada.<br \/>\n\u2022 Faixa em couro claro, adornada com tr\u00eas pedras \u00fanicas de amazonita, cada uma com suas tonalidades e veios naturais, representando autenticidade, prote\u00e7\u00e3o e express\u00e3o genu\u00edna.<br \/>\n\u2022 Arte em ma\u00e7arico ao longo da copa, criando um efeito queimado artesanal e aut\u00eantico.<br \/>\n\u2022 Desenhos tribais pirografados e pintados manualmente na parte inferior da aba, com tons de azul-turquesa e dourado, remetendo \u00e0 energia vibrante das florestas e rios amaz\u00f4nicos.<\/p>\n<p data-prosemirror-content-type=\"node\" data-prosemirror-node-name=\"paragraph\" data-prosemirror-node-block=\"true\" data-pm-slice=\"1 1 []\">Os pedidos s\u00e3o processados e despachados em at\u00e9 2 dias \u00fateis ap\u00f3s a confirma\u00e7\u00e3o do pagamento. O prazo de entrega come\u00e7a a contar a partir do envio.<\/p>","protected":false},"featured_media":5232,"template":"","meta":{"_acf_changed":false},"product_brand":[],"product_cat":[144,105,84,20],"product_tag":[129,130,131,132,133,134,89,83,27],"class_list":{"0":"post-4092","1":"product","2":"type-product","3":"status-publish","4":"has-post-thumbnail","6":"product_cat-ver-tudo","7":"product_cat-sale","8":"product_cat-chapeus","9":"product_cat-100-la","10":"product_tag-country","11":"product_tag-western","12":"product_tag-turquesa","13":"product_tag-feito-a-mao","14":"product_tag-caqui","15":"product_tag-pintura","16":"product_tag-la","17":"product_tag-yara-hat","18":"product_tag-hats","20":"first","21":"instock","22":"sale","23":"taxable","24":"shipping-taxable","25":"purchasable","26":"product-type-simple"},"acf":[],"_links":{"self":[{"href":"https:\/\/yara-atelier.com\/en\/wp-json\/wp\/v2\/product\/4092","targetHints":{"allow":["GET"]}}],"collection":[{"href":"https:\/\/yara-atelier.com\/en\/wp-json\/wp\/v2\/product"}],"about":[{"href":"https:\/\/yara-atelier.com\/en\/wp-json\/wp\/v2\/types\/product"}],"wp:featuredmedia":[{"embeddable":true,"href":"https:\/\/yara-atelier.com\/en\/wp-json\/wp\/v2\/media\/5232"}],"wp:attachment":[{"href":"https:\/\/yara-atelier.com\/en\/wp-json\/wp\/v2\/media?parent=4092"}],"wp:term":[{"taxonomy":"product_brand","embeddable":true,"href":"https:\/\/yara-atelier.com\/en\/wp-json\/wp\/v2\/product_brand?post=4092"},{"taxonomy":"product_cat","embeddable":true,"href":"https:\/\/yara-atelier.com\/en\/wp-json\/wp\/v2\/product_cat?post=4092"},{"taxonomy":"product_tag","embeddable":true,"href":"https:\/\/yara-atelier.com\/en\/wp-json\/wp\/v2\/product_tag?post=4092"}],"curies":[{"name":"wp","href":"https:\/\/api.w.org\/{rel}","templated":true}]}}