{"id":4109,"date":"2025-02-25T16:29:10","date_gmt":"2025-02-25T19:29:10","guid":{"rendered":"https:\/\/yara-atelier.com\/produto\/hera-preto\/"},"modified":"2026-04-13T13:29:07","modified_gmt":"2026-04-13T16:29:07","slug":"hera-preto","status":"publish","type":"product","link":"https:\/\/yara-atelier.com\/en\/product\/hera-preto\/","title":{"rendered":"Hera Preto"},"content":{"rendered":"","protected":false},"excerpt":{"rendered":"<p>Sobre o chap\u00e9u:<br \/>\nOs detalhes da Hera trazem a ess\u00eancia da Deusa da mitologia grega, representando o Para\u00edso e a Vida. Este chap\u00e9u simboliza autoestima e autoconfian\u00e7a, inspirado no pav\u00e3o, sua criatura emblem\u00e1tica.<\/p>\n<p>Detalhes:<br \/>\nCom acabamentos em ma\u00e7arico e adornos de pena, este chap\u00e9u \u00e9 uma express\u00e3o de beleza e poder, proporcionando uma aura de sofistica\u00e7\u00e3o e eleg\u00e2ncia.<\/p>\n<p>Informa\u00e7\u00f5es:<br \/>\nObs:<br \/>\nTodos os nossos YARA hats acompanham gancho de parede e porta-chap\u00e9u.<\/p>\n<p>**Os pedidos s\u00e3o processados e despachados em at\u00e9 2 dias \u00fateis ap\u00f3s a confirma\u00e7\u00e3o do pagamento. O prazo de entrega come\u00e7a a contar a partir do envio.<\/p>","protected":false},"featured_media":4108,"template":"","meta":{"_acf_changed":false},"product_brand":[],"product_cat":[144,105,20],"product_tag":[],"class_list":{"0":"post-4109","1":"product","2":"type-product","3":"status-publish","4":"has-post-thumbnail","6":"product_cat-ver-tudo","7":"product_cat-sale","8":"product_cat-100-la","10":"first","11":"instock","12":"sale","13":"taxable","14":"shipping-taxable","15":"purchasable","16":"product-type-simple"},"acf":[],"_links":{"self":[{"href":"https:\/\/yara-atelier.com\/en\/wp-json\/wp\/v2\/product\/4109","targetHints":{"allow":["GET"]}}],"collection":[{"href":"https:\/\/yara-atelier.com\/en\/wp-json\/wp\/v2\/product"}],"about":[{"href":"https:\/\/yara-atelier.com\/en\/wp-json\/wp\/v2\/types\/product"}],"wp:featuredmedia":[{"embeddable":true,"href":"https:\/\/yara-atelier.com\/en\/wp-json\/wp\/v2\/media\/4108"}],"wp:attachment":[{"href":"https:\/\/yara-atelier.com\/en\/wp-json\/wp\/v2\/media?parent=4109"}],"wp:term":[{"taxonomy":"product_brand","embeddable":true,"href":"https:\/\/yara-atelier.com\/en\/wp-json\/wp\/v2\/product_brand?post=4109"},{"taxonomy":"product_cat","embeddable":true,"href":"https:\/\/yara-atelier.com\/en\/wp-json\/wp\/v2\/product_cat?post=4109"},{"taxonomy":"product_tag","embeddable":true,"href":"https:\/\/yara-atelier.com\/en\/wp-json\/wp\/v2\/product_tag?post=4109"}],"curies":[{"name":"wp","href":"https:\/\/api.w.org\/{rel}","templated":true}]}}