{"id":4201,"date":"2025-03-31T14:27:32","date_gmt":"2025-03-31T17:27:32","guid":{"rendered":"https:\/\/yara-atelier.com\/?post_type=product&#038;p=4201"},"modified":"2026-03-09T14:14:06","modified_gmt":"2026-03-09T17:14:06","slug":"personalizado-la","status":"publish","type":"product","link":"https:\/\/yara-atelier.com\/en\/product\/personalizado-la\/","title":{"rendered":"Personalizado &#8211; L\u00e3"},"content":{"rendered":"","protected":false},"excerpt":{"rendered":"<p>Cada chap\u00e9u personalizado YARA em suede \u00e9 criado com o mesmo cuidado e dedica\u00e7\u00e3o que torna nossas pe\u00e7as \u00fanicas. A experi\u00eancia come\u00e7a com uma conversa para compreender a sua ess\u00eancia e estilo, garantindo que o chap\u00e9u reflita sua personalidade. Feito \u00e0 m\u00e3o com suede de alta qualidade, cada pe\u00e7a \u00e9 pensada para ser sofisticada e aut\u00eantica. Por ser um material especial, t\u00e9cnicas como pirografia e pintura n\u00e3o s\u00e3o aplic\u00e1veis, mas cada detalhe \u00e9 cuidadosamente elaborado para criar um acess\u00f3rio \u00fanico e atemporal. O processo de cria\u00e7\u00e3o leva em m\u00e9dia 20 dias, entregando um verdadeiro s\u00edmbolo de eleg\u00e2ncia e exclusividade.<\/p>","protected":false},"featured_media":4978,"template":"","meta":{"_acf_changed":false},"product_brand":[],"product_cat":[58],"product_tag":[],"class_list":{"0":"post-4201","1":"product","2":"type-product","3":"status-publish","4":"has-post-thumbnail","6":"product_cat-personalizado","8":"first","9":"instock","10":"taxable","11":"shipping-taxable","12":"purchasable","13":"product-type-variable"},"acf":[],"_links":{"self":[{"href":"https:\/\/yara-atelier.com\/en\/wp-json\/wp\/v2\/product\/4201","targetHints":{"allow":["GET"]}}],"collection":[{"href":"https:\/\/yara-atelier.com\/en\/wp-json\/wp\/v2\/product"}],"about":[{"href":"https:\/\/yara-atelier.com\/en\/wp-json\/wp\/v2\/types\/product"}],"wp:featuredmedia":[{"embeddable":true,"href":"https:\/\/yara-atelier.com\/en\/wp-json\/wp\/v2\/media\/4978"}],"wp:attachment":[{"href":"https:\/\/yara-atelier.com\/en\/wp-json\/wp\/v2\/media?parent=4201"}],"wp:term":[{"taxonomy":"product_brand","embeddable":true,"href":"https:\/\/yara-atelier.com\/en\/wp-json\/wp\/v2\/product_brand?post=4201"},{"taxonomy":"product_cat","embeddable":true,"href":"https:\/\/yara-atelier.com\/en\/wp-json\/wp\/v2\/product_cat?post=4201"},{"taxonomy":"product_tag","embeddable":true,"href":"https:\/\/yara-atelier.com\/en\/wp-json\/wp\/v2\/product_tag?post=4201"}],"curies":[{"name":"wp","href":"https:\/\/api.w.org\/{rel}","templated":true}]}}