{"id":4215,"date":"2025-04-03T14:57:14","date_gmt":"2025-04-03T17:57:14","guid":{"rendered":"https:\/\/yara-atelier.com\/produto\/ana-castela\/"},"modified":"2026-04-01T03:10:14","modified_gmt":"2026-04-01T06:10:14","slug":"ana-castela","status":"publish","type":"product","link":"https:\/\/yara-atelier.com\/en\/product\/ana-castela\/","title":{"rendered":"Ana Castela"},"content":{"rendered":"<p>Para uma artista que inspira, criamos mais que um chap\u00e9u: uma verdadeira obra de arte. Cada detalhe dessa pe\u00e7a foi pensado para traduzir a ess\u00eancia de @anacastelacantora, que rompe padr\u00f5es e traz autenticidade em tudo o que faz.<\/p>\n<p>Inspirado no expressionismo abstrato, esse chap\u00e9u representa fluidez, for\u00e7a e imprevisibilidade caracter\u00edsticas que te tornam \u00fanica. Feito com 100% l\u00e3 boliviana, cada tra\u00e7o foi pintado \u00e0 m\u00e3o, com horas de dedica\u00e7\u00e3o e um olhar atento a cada detalhe.<\/p>\n<p>N\u00e3o \u00e9 s\u00f3 um acess\u00f3rio, \u00e9 uma extens\u00e3o da sua identidade, algo que carrega hist\u00f3ria, arte e emo\u00e7\u00e3o.<\/p>\n<p>100% autoral, 100% feito \u00e0 m\u00e3o, criado para destacar ainda mais a for\u00e7a de uma artista que veio para marcar a sua hist\u00f3ria.<\/p>\n<p data-prosemirror-content-type=\"node\" data-prosemirror-node-name=\"paragraph\" data-prosemirror-node-block=\"true\" data-pm-slice=\"1 1 []\">Os pedidos s\u00e3o processados e despachados em at\u00e9 2 dias \u00fateis ap\u00f3s a confirma\u00e7\u00e3o do pagamento. O prazo de entrega come\u00e7a a contar a partir do envio.<\/p>","protected":false},"excerpt":{"rendered":"<p>Para uma artista que inspira, criamos mais que um chap\u00e9u: uma verdadeira obra de arte. Cada detalhe dessa pe\u00e7a foi pensado para traduzir a ess\u00eancia de @anacastelacantora, que rompe padr\u00f5es e traz autenticidade em tudo o que faz. Inspirado no expressionismo abstrato, esse chap\u00e9u representa fluidez, for\u00e7a e imprevisibilidade caracter\u00edsticas que te tornam \u00fanica. Feito [&hellip;]<\/p>\n","protected":false},"featured_media":4214,"template":"","meta":{"_acf_changed":false},"product_brand":[],"product_cat":[144,58,85],"product_tag":[],"class_list":{"0":"post-4215","1":"product","2":"type-product","3":"status-publish","4":"has-post-thumbnail","6":"product_cat-ver-tudo","7":"product_cat-personalizado","8":"product_cat-personalizados","10":"first","11":"instock","12":"taxable","13":"shipping-taxable","14":"purchasable","15":"product-type-simple"},"acf":[],"_links":{"self":[{"href":"https:\/\/yara-atelier.com\/en\/wp-json\/wp\/v2\/product\/4215","targetHints":{"allow":["GET"]}}],"collection":[{"href":"https:\/\/yara-atelier.com\/en\/wp-json\/wp\/v2\/product"}],"about":[{"href":"https:\/\/yara-atelier.com\/en\/wp-json\/wp\/v2\/types\/product"}],"wp:featuredmedia":[{"embeddable":true,"href":"https:\/\/yara-atelier.com\/en\/wp-json\/wp\/v2\/media\/4214"}],"wp:attachment":[{"href":"https:\/\/yara-atelier.com\/en\/wp-json\/wp\/v2\/media?parent=4215"}],"wp:term":[{"taxonomy":"product_brand","embeddable":true,"href":"https:\/\/yara-atelier.com\/en\/wp-json\/wp\/v2\/product_brand?post=4215"},{"taxonomy":"product_cat","embeddable":true,"href":"https:\/\/yara-atelier.com\/en\/wp-json\/wp\/v2\/product_cat?post=4215"},{"taxonomy":"product_tag","embeddable":true,"href":"https:\/\/yara-atelier.com\/en\/wp-json\/wp\/v2\/product_tag?post=4215"}],"curies":[{"name":"wp","href":"https:\/\/api.w.org\/{rel}","templated":true}]}}