{"id":4240,"date":"2025-04-28T13:48:11","date_gmt":"2025-04-28T16:48:11","guid":{"rendered":"https:\/\/yara-atelier.com\/produto\/aurora-preto\/"},"modified":"2026-04-01T03:29:08","modified_gmt":"2026-04-01T06:29:08","slug":"aurora-preto","status":"publish","type":"product","link":"https:\/\/yara-atelier.com\/en\/product\/aurora-preto\/","title":{"rendered":"Aurora Preto"},"content":{"rendered":"<p style=\"margin: 0px 0px 1.41575em; font-family: Montserrat, serif; font-size: 16px; font-style: normal; font-weight: 400; letter-spacing: normal; text-align: start; text-indent: 0px; text-transform: none; text-decoration: none;\">Sobre o chap\u00e9u:<br \/>\nA Warrior Aurora \u00e9 uma pe\u00e7a que captura a ess\u00eancia da Aurora Boreal e Austral, trazendo mist\u00e9rio e presen\u00e7a em um design off white que nunca passa despercebido.<\/p>\n<p style=\"margin: 0px 0px 1.41575em; font-family: Montserrat, serif; font-size: 16px; font-style: normal; font-weight: 400; letter-spacing: normal; text-align: start; text-indent: 0px; text-transform: none; text-decoration: none;\">Detalhes:<br \/>\nCom franjas nas laterais, este chap\u00e9u adiciona um toque de movimento e estilo, refletindo um brilho inconfund\u00edvel que destaca sua singularidade.<\/p>\n<p style=\"margin: 0px 0px 1.41575em; font-family: Montserrat, serif; font-size: 16px; font-style: normal; font-weight: 400; letter-spacing: normal; text-align: start; text-indent: 0px; text-transform: none; text-decoration: none;\">Informa\u00e7\u00f5es:<br \/>\nObs: Todos os nossos YARA hats acompanham gancho de parede e porta-chap\u00e9u personalizado.<\/p>\n<p data-prosemirror-content-type=\"node\" data-prosemirror-node-name=\"paragraph\" data-prosemirror-node-block=\"true\" data-pm-slice=\"1 1 []\">Os pedidos s\u00e3o processados e despachados em at\u00e9 2 dias \u00fateis ap\u00f3s a confirma\u00e7\u00e3o do pagamento. O prazo de entrega come\u00e7a a contar a partir do envio.<\/p>","protected":false},"excerpt":{"rendered":"<p>Sobre o chap\u00e9u:<br \/>\nA Warrior Aurora \u00e9 uma pe\u00e7a que captura a ess\u00eancia da Aurora Boreal e Austral, trazendo mist\u00e9rio e presen\u00e7a em um design preto que nunca passa despercebido.<\/p>\n<p>Detalhes:<br \/>\nCom franjas nas laterais, este chap\u00e9u adiciona um toque de movimento e estilo, refletindo um brilho inconfund\u00edvel que destaca sua singularidade.<\/p>","protected":false},"featured_media":5312,"template":"","meta":{"_acf_changed":false},"product_brand":[],"product_cat":[144,105,102,19],"product_tag":[],"class_list":{"0":"post-4240","1":"product","2":"type-product","3":"status-publish","4":"has-post-thumbnail","6":"product_cat-ver-tudo","7":"product_cat-sale","8":"product_cat-country-cowboy-western","9":"product_cat-suede-cores","11":"first","12":"instock","13":"sale","14":"taxable","15":"shipping-taxable","16":"purchasable","17":"product-type-simple"},"acf":[],"_links":{"self":[{"href":"https:\/\/yara-atelier.com\/en\/wp-json\/wp\/v2\/product\/4240","targetHints":{"allow":["GET"]}}],"collection":[{"href":"https:\/\/yara-atelier.com\/en\/wp-json\/wp\/v2\/product"}],"about":[{"href":"https:\/\/yara-atelier.com\/en\/wp-json\/wp\/v2\/types\/product"}],"wp:featuredmedia":[{"embeddable":true,"href":"https:\/\/yara-atelier.com\/en\/wp-json\/wp\/v2\/media\/5312"}],"wp:attachment":[{"href":"https:\/\/yara-atelier.com\/en\/wp-json\/wp\/v2\/media?parent=4240"}],"wp:term":[{"taxonomy":"product_brand","embeddable":true,"href":"https:\/\/yara-atelier.com\/en\/wp-json\/wp\/v2\/product_brand?post=4240"},{"taxonomy":"product_cat","embeddable":true,"href":"https:\/\/yara-atelier.com\/en\/wp-json\/wp\/v2\/product_cat?post=4240"},{"taxonomy":"product_tag","embeddable":true,"href":"https:\/\/yara-atelier.com\/en\/wp-json\/wp\/v2\/product_tag?post=4240"}],"curies":[{"name":"wp","href":"https:\/\/api.w.org\/{rel}","templated":true}]}}