{"id":4247,"date":"2025-04-28T13:53:53","date_gmt":"2025-04-28T16:53:53","guid":{"rendered":"https:\/\/yara-atelier.com\/produto\/zahir\/"},"modified":"2026-04-01T03:09:42","modified_gmt":"2026-04-01T06:09:42","slug":"zahir","status":"publish","type":"product","link":"https:\/\/yara-atelier.com\/en\/product\/zahir\/","title":{"rendered":"Zahir"},"content":{"rendered":"<p>Sobre o chap\u00e9u:<\/p>\n<p>Zahir vem do \u00e1rabe e significa \u201co evidente\u201d \u2014 aquilo que salta aos olhos, imposs\u00edvel de ser ignorado. Este modelo all black em suede \u00e9 a materializa\u00e7\u00e3o do poder silencioso: intenso, magn\u00e9tico e misterioso. Um amuleto urbano para quem caminha com prop\u00f3sito e presen\u00e7a.<\/p>\n<p>Detalhes:<\/p>\n<p>\u2022 Modelo fedora em suede preto, em aba reta.<\/p>\n<p>\u2022 Faixa de veludo com acabamento tran\u00e7ado e penas negras, refor\u00e7ando a aura ritual\u00edstica da pe\u00e7a.<\/p>\n<p>\u2022 Obsidiana negra bruta aplicada \u00e0 m\u00e3o \u2014 cada Zahir carrega sua pr\u00f3pria for\u00e7a.<\/p>\n<p>Informa\u00e7\u00f5es:<\/p>\n<p>Acompanha gancho de parede e porta-chap\u00e9u personalizado YARA, unindo prote\u00e7\u00e3o e eleg\u00e2ncia em cada detalhe.<\/p>\n<p data-prosemirror-content-type=\"node\" data-prosemirror-node-name=\"paragraph\" data-prosemirror-node-block=\"true\" data-pm-slice=\"1 1 []\">Os pedidos s\u00e3o processados e despachados em at\u00e9 2 dias \u00fateis ap\u00f3s a confirma\u00e7\u00e3o do pagamento. O prazo de entrega come\u00e7a a contar a partir do envio.<\/p>","protected":false},"excerpt":{"rendered":"<p>Sobre o chap\u00e9u:<\/p>\n<p>Zahir vem do \u00e1rabe e significa \u201co evidente\u201d \u2014 aquilo que salta aos olhos, imposs\u00edvel de ser ignorado. Este modelo all black em suede \u00e9 a materializa\u00e7\u00e3o do poder silencioso: intenso, magn\u00e9tico e misterioso. Um amuleto urbano para quem caminha com prop\u00f3sito e presen\u00e7a.<\/p>\n<p>Detalhes:<\/p>\n<p>\u2022 Modelo fedora em suede preto, em aba reta.<\/p>\n<p>\u2022 Faixa de veludo com acabamento tran\u00e7ado e penas negras, refor\u00e7ando a aura ritual\u00edstica da pe\u00e7a.<\/p>\n<p>\u2022 Obsidiana negra bruta aplicada \u00e0 m\u00e3o \u2014 cada Zahir carrega sua pr\u00f3pria for\u00e7a.<\/p>\n<p>Informa\u00e7\u00f5es:<br \/>\nAcompanha gancho de parede e porta-chap\u00e9u personalizado YARA, unindo prote\u00e7\u00e3o e eleg\u00e2ncia em cada detalhe.<\/p>","protected":false},"featured_media":4853,"template":"","meta":{"_acf_changed":false},"product_brand":[],"product_cat":[144,102,19],"product_tag":[],"class_list":{"0":"post-4247","1":"product","2":"type-product","3":"status-publish","4":"has-post-thumbnail","6":"product_cat-ver-tudo","7":"product_cat-country-cowboy-western","8":"product_cat-suede-cores","10":"first","11":"instock","12":"sale","13":"taxable","14":"shipping-taxable","15":"purchasable","16":"product-type-simple"},"acf":[],"_links":{"self":[{"href":"https:\/\/yara-atelier.com\/en\/wp-json\/wp\/v2\/product\/4247","targetHints":{"allow":["GET"]}}],"collection":[{"href":"https:\/\/yara-atelier.com\/en\/wp-json\/wp\/v2\/product"}],"about":[{"href":"https:\/\/yara-atelier.com\/en\/wp-json\/wp\/v2\/types\/product"}],"wp:featuredmedia":[{"embeddable":true,"href":"https:\/\/yara-atelier.com\/en\/wp-json\/wp\/v2\/media\/4853"}],"wp:attachment":[{"href":"https:\/\/yara-atelier.com\/en\/wp-json\/wp\/v2\/media?parent=4247"}],"wp:term":[{"taxonomy":"product_brand","embeddable":true,"href":"https:\/\/yara-atelier.com\/en\/wp-json\/wp\/v2\/product_brand?post=4247"},{"taxonomy":"product_cat","embeddable":true,"href":"https:\/\/yara-atelier.com\/en\/wp-json\/wp\/v2\/product_cat?post=4247"},{"taxonomy":"product_tag","embeddable":true,"href":"https:\/\/yara-atelier.com\/en\/wp-json\/wp\/v2\/product_tag?post=4247"}],"curies":[{"name":"wp","href":"https:\/\/api.w.org\/{rel}","templated":true}]}}