{"id":4250,"date":"2025-04-28T13:54:42","date_gmt":"2025-04-28T16:54:42","guid":{"rendered":"https:\/\/yara-atelier.com\/produto\/mira\/"},"modified":"2026-04-13T13:47:40","modified_gmt":"2026-04-13T16:47:40","slug":"mira","status":"publish","type":"product","link":"https:\/\/yara-atelier.com\/en\/product\/mira\/","title":{"rendered":"Mira"},"content":{"rendered":"<p>Sobre o chap\u00e9u:<\/p>\n<p>Mira \u00e9 a express\u00e3o da for\u00e7a silenciosa e da simplicidade refinada. Seu nome carrega o significado \u201cmaravilha\u201d \u2014 um tributo \u00e0queles que habitam o mundo com profundidade no olhar e eleg\u00e2ncia na presen\u00e7a. Pensado para acompanh\u00e1-las em dias de luz e noites ao ar livre, Mira \u00e9 um amuleto discreto e atemporal.<\/p>\n<p>Detalhes:<\/p>\n<p>\u2022 Chap\u00e9u fedora em suede caramelo, com aba levemente curvada e estrutura suave.<\/p>\n<p>\u2022 Bordado minimalista de tri\u00e2ngulo na parte de tr\u00e1s da copa \u2014 s\u00edmbolo de equil\u00edbrio e for\u00e7a interior.<\/p>\n<p>\u2022 Acabamento limpo e minimalista \u2014 eleg\u00e2ncia em estado puro.<\/p>\n<p>Informa\u00e7\u00f5es:<\/p>\n<p>Acompanha gancho de parede e porta-chap\u00e9u personalizado YARA, unindo prote\u00e7\u00e3o e sofistica\u00e7\u00e3o em cada detalhe.<\/p>\n<p data-prosemirror-content-type=\"node\" data-prosemirror-node-name=\"paragraph\" data-prosemirror-node-block=\"true\" data-pm-slice=\"1 1 []\">Os pedidos s\u00e3o processados e despachados em at\u00e9 2 dias \u00fateis ap\u00f3s a confirma\u00e7\u00e3o do pagamento. O prazo de entrega come\u00e7a a contar a partir do envio.<\/p>","protected":false},"excerpt":{"rendered":"<p class=\"p1\"><span class=\"s1\">Sobre o chap\u00e9u:<\/span><\/p>\n<p class=\"p1\"><span class=\"s1\">Mira \u00e9 a express\u00e3o da for\u00e7a silenciosa e da simplicidade refinada. Seu nome carrega o significado \u201cmaravilha\u201d \u2014 um tributo \u00e0queles que habitam o mundo com profundidade no olhar e eleg\u00e2ncia na presen\u00e7a. Pensado para acompanh\u00e1-las em dias de luz e noites ao ar livre, Mira \u00e9 um amuleto discreto e atemporal.<\/span><\/p>\n<p class=\"p1\"><span class=\"s1\">Detalhes:<br \/>\n<\/span>\u2022 Chap\u00e9u fedora em suede caramelo, com aba levemente curvada e estrutura suave.<\/p>\n<p class=\"p1\"><span class=\"s1\"> \u2022 Bordado minimalista de tri\u00e2ngulo na parte de tr\u00e1s da copa \u2014 s\u00edmbolo de equil\u00edbrio e for\u00e7a interior.<\/span><\/p>\n<p class=\"p1\"><span class=\"s1\"> \u2022 Acabamento limpo e minimalista \u2014 eleg\u00e2ncia em estado puro.<\/span><\/p>\n<p class=\"p1\"><span class=\"s1\">Informa\u00e7\u00f5es:<br \/>\n<\/span>Acompanha gancho de parede e porta-chap\u00e9u personalizado YARA, unindo prote\u00e7\u00e3o e sofistica\u00e7\u00e3o em cada detalhe.<\/p>","protected":false},"featured_media":5173,"template":"","meta":{"_acf_changed":false},"product_brand":[],"product_cat":[144,19],"product_tag":[],"class_list":{"0":"post-4250","1":"product","2":"type-product","3":"status-publish","4":"has-post-thumbnail","6":"product_cat-ver-tudo","7":"product_cat-suede-cores","9":"first","10":"instock","11":"sale","12":"taxable","13":"shipping-taxable","14":"purchasable","15":"product-type-simple"},"acf":[],"_links":{"self":[{"href":"https:\/\/yara-atelier.com\/en\/wp-json\/wp\/v2\/product\/4250","targetHints":{"allow":["GET"]}}],"collection":[{"href":"https:\/\/yara-atelier.com\/en\/wp-json\/wp\/v2\/product"}],"about":[{"href":"https:\/\/yara-atelier.com\/en\/wp-json\/wp\/v2\/types\/product"}],"wp:featuredmedia":[{"embeddable":true,"href":"https:\/\/yara-atelier.com\/en\/wp-json\/wp\/v2\/media\/5173"}],"wp:attachment":[{"href":"https:\/\/yara-atelier.com\/en\/wp-json\/wp\/v2\/media?parent=4250"}],"wp:term":[{"taxonomy":"product_brand","embeddable":true,"href":"https:\/\/yara-atelier.com\/en\/wp-json\/wp\/v2\/product_brand?post=4250"},{"taxonomy":"product_cat","embeddable":true,"href":"https:\/\/yara-atelier.com\/en\/wp-json\/wp\/v2\/product_cat?post=4250"},{"taxonomy":"product_tag","embeddable":true,"href":"https:\/\/yara-atelier.com\/en\/wp-json\/wp\/v2\/product_tag?post=4250"}],"curies":[{"name":"wp","href":"https:\/\/api.w.org\/{rel}","templated":true}]}}