{"id":4253,"date":"2025-04-28T13:55:36","date_gmt":"2025-04-28T16:55:36","guid":{"rendered":"https:\/\/yara-atelier.com\/produto\/yarli\/"},"modified":"2026-04-13T13:47:20","modified_gmt":"2026-04-13T16:47:20","slug":"yarli","status":"publish","type":"product","link":"https:\/\/yara-atelier.com\/en\/product\/yarli\/","title":{"rendered":"Yarli"},"content":{"rendered":"<p>Sobre o chap\u00e9u:<\/p>\n<p>Yali nasce da for\u00e7a silenciosa da natureza. Seu nome, de origem indiana, significa \u201cguardi\u00e3o\u201d \u2014 aquele que observa, protege e sente. Com tons terrosos, textura aveludada e elementos org\u00e2nicos, \u00e9 uma pe\u00e7a que carrega presen\u00e7a e intui\u00e7\u00e3o. Feito para quem habita o mundo com os p\u00e9s no ch\u00e3o e os olhos no invis\u00edvel.<\/p>\n<p>Detalhes:<\/p>\n<p>\u2022 Chap\u00e9u fedora em suede verde musgo, com aba curvada e estrutura male\u00e1vel.<\/p>\n<p>\u2022 Bandana em couro marrom caf\u00e9, trazendo profundidade e contraste.<\/p>\n<p>\u2022 Pena de pav\u00e3o natural aplicada \u00e0 m\u00e3o.<\/p>\n<p>\u2022 Pedra olho de tigre como amuleto de prote\u00e7\u00e3o e foco.<\/p>\n<p>Informa\u00e7\u00f5es:<\/p>\n<p>Acompanha gancho de parede e porta-chap\u00e9u personalizado YARA, unindo prote\u00e7\u00e3o e eleg\u00e2ncia em cada detalhe.<\/p>\n<p data-prosemirror-content-type=\"node\" data-prosemirror-node-name=\"paragraph\" data-prosemirror-node-block=\"true\" data-pm-slice=\"1 1 []\">Os pedidos s\u00e3o processados e despachados em at\u00e9 2 dias \u00fateis ap\u00f3s a confirma\u00e7\u00e3o do pagamento. O prazo de entrega come\u00e7a a contar a partir do envio.<\/p>","protected":false},"excerpt":{"rendered":"<p class=\"p1\"><span class=\"s1\">Sobre o chap\u00e9u:<\/span><\/p>\n<p class=\"p1\">Yarli nasce da for\u00e7a silenciosa da natureza. Seu nome, de origem indiana, significa \u201cguardi\u00e3o\u201d \u2014 aquele que observa, protege e sente. Com tons terrosos, textura aveludada e elementos org\u00e2nicos, \u00e9 uma pe\u00e7a que carrega presen\u00e7a e intui\u00e7\u00e3o. Feito para quem habita o mundo com os p\u00e9s no ch\u00e3o e os olhos no invis\u00edvel.<\/p>\n<p class=\"p1\"><span class=\"s1\">Detalhes:<br \/>\n<\/span>\u2022 Chap\u00e9u fedora em suede verde musgo, com aba curvada e estrutura male\u00e1vel.<\/p>\n<p class=\"p1\"><span class=\"s1\"> \u2022 Bandana em couro marrom caf\u00e9, trazendo profundidade e contraste.<\/span><\/p>\n<p class=\"p1\"><span class=\"s1\"> \u2022 Pena de pav\u00e3o natural aplicada \u00e0 m\u00e3o.<\/span><\/p>\n<p class=\"p1\"><span class=\"s1\"> \u2022 Pedra olho de tigre como amuleto de prote\u00e7\u00e3o e foco.<\/span><\/p>\n<p class=\"p1\"><span class=\"s1\">Informa\u00e7\u00f5es:<br \/>\n<\/span>Acompanha gancho de parede e porta-chap\u00e9u personalizado YARA, unindo prote\u00e7\u00e3o e eleg\u00e2ncia em cada detalhe.<\/p>","protected":false},"featured_media":5198,"template":"","meta":{"_acf_changed":false},"product_brand":[],"product_cat":[144,102,19,86],"product_tag":[],"class_list":{"0":"post-4253","1":"product","2":"type-product","3":"status-publish","4":"has-post-thumbnail","6":"product_cat-ver-tudo","7":"product_cat-country-cowboy-western","8":"product_cat-suede-cores","9":"product_cat-best-sellers","11":"first","12":"instock","13":"sale","14":"featured","15":"taxable","16":"shipping-taxable","17":"purchasable","18":"product-type-simple"},"acf":[],"_links":{"self":[{"href":"https:\/\/yara-atelier.com\/en\/wp-json\/wp\/v2\/product\/4253","targetHints":{"allow":["GET"]}}],"collection":[{"href":"https:\/\/yara-atelier.com\/en\/wp-json\/wp\/v2\/product"}],"about":[{"href":"https:\/\/yara-atelier.com\/en\/wp-json\/wp\/v2\/types\/product"}],"wp:featuredmedia":[{"embeddable":true,"href":"https:\/\/yara-atelier.com\/en\/wp-json\/wp\/v2\/media\/5198"}],"wp:attachment":[{"href":"https:\/\/yara-atelier.com\/en\/wp-json\/wp\/v2\/media?parent=4253"}],"wp:term":[{"taxonomy":"product_brand","embeddable":true,"href":"https:\/\/yara-atelier.com\/en\/wp-json\/wp\/v2\/product_brand?post=4253"},{"taxonomy":"product_cat","embeddable":true,"href":"https:\/\/yara-atelier.com\/en\/wp-json\/wp\/v2\/product_cat?post=4253"},{"taxonomy":"product_tag","embeddable":true,"href":"https:\/\/yara-atelier.com\/en\/wp-json\/wp\/v2\/product_tag?post=4253"}],"curies":[{"name":"wp","href":"https:\/\/api.w.org\/{rel}","templated":true}]}}