{"id":435,"date":"2023-11-06T06:24:30","date_gmt":"2023-11-06T09:24:30","guid":{"rendered":"https:\/\/yara-atelier.com\/?post_type=product&#038;p=435"},"modified":"2026-04-01T03:32:54","modified_gmt":"2026-04-01T06:32:54","slug":"yara","status":"publish","type":"product","link":"https:\/\/yara-atelier.com\/en\/product\/yara\/","title":{"rendered":"Yara L\u00e3"},"content":{"rendered":"<p>Sobre o chap\u00e9u:<br \/>\nEste YARA Hat \u00e9 uma celebra\u00e7\u00e3o da transforma\u00e7\u00e3o e versatilidade, personificada na borboleta com barbatanas. Representa a guerreira que se adapta aos elementos da natureza, terra, ar, \u00e1gua e fogo, \u00a0e que nunca passa despercebida.<\/p>\n<p>Detalhes:<br \/>\nFeito 100% em l\u00e3, o chap\u00e9u \u00e9 adornado com bordados especiais em fita de couro preta, al\u00e9m de mais de 20 penas naturais de fais\u00e3o, que intensificam a conex\u00e3o com a ess\u00eancia da natureza. O pingente e broche Yara adicionam um toque exclusivo \u00e0 pe\u00e7a.<\/p>\n<p>Informa\u00e7\u00f5es:<\/p>\n<p data-prosemirror-content-type=\"node\" data-prosemirror-node-name=\"paragraph\" data-prosemirror-node-block=\"true\" data-pm-slice=\"1 1 []\">Os pedidos s\u00e3o processados e despachados em at\u00e9 2 dias \u00fateis ap\u00f3s a confirma\u00e7\u00e3o do pagamento. O prazo de entrega come\u00e7a a contar a partir do envio.<\/p>\n<p>Obs: Todos os nossos YARA hats acompanham caixa personalizada.<\/p>\n<p data-prosemirror-content-type=\"node\" data-prosemirror-node-name=\"paragraph\" data-prosemirror-node-block=\"true\" data-pm-slice=\"1 1 []\">","protected":false},"excerpt":{"rendered":"<p>Sobre o chap\u00e9u:<br \/>\nEste YARA Hat \u00e9 uma celebra\u00e7\u00e3o da transforma\u00e7\u00e3o e versatilidade, personificada na borboleta com barbatanas. Representa a guerreira que se adapta aos elementos da natureza, terra, ar, \u00e1gua e fogo, \u00a0e que nunca passa despercebida.<\/p>\n<p>Detalhes:<br \/>\nFeito 100% em l\u00e3, o chap\u00e9u \u00e9 adornado com bordados especiais em fita de couro preta, al\u00e9m de mais de 20 penas naturais de fais\u00e3o, que intensificam a conex\u00e3o com a ess\u00eancia da natureza. O pingente e broche Yara adicionam um toque exclusivo \u00e0 pe\u00e7a.<\/p>\n<p>Informa\u00e7\u00f5es:<br \/>\nObs: Todos os nossos YARA hats acompanham gancho de parede e porta-chap\u00e9u personalizado.<\/p>","protected":false},"featured_media":7373,"template":"","meta":{"_acf_changed":false},"product_brand":[],"product_cat":[105,84,86,20],"product_tag":[],"class_list":{"0":"post-435","1":"product","2":"type-product","3":"status-publish","4":"has-post-thumbnail","6":"product_cat-sale","7":"product_cat-chapeus","8":"product_cat-best-sellers","9":"product_cat-100-la","11":"first","12":"instock","13":"sale","14":"featured","15":"taxable","16":"shipping-taxable","17":"purchasable","18":"product-type-simple"},"acf":[],"_links":{"self":[{"href":"https:\/\/yara-atelier.com\/en\/wp-json\/wp\/v2\/product\/435","targetHints":{"allow":["GET"]}}],"collection":[{"href":"https:\/\/yara-atelier.com\/en\/wp-json\/wp\/v2\/product"}],"about":[{"href":"https:\/\/yara-atelier.com\/en\/wp-json\/wp\/v2\/types\/product"}],"wp:featuredmedia":[{"embeddable":true,"href":"https:\/\/yara-atelier.com\/en\/wp-json\/wp\/v2\/media\/7373"}],"wp:attachment":[{"href":"https:\/\/yara-atelier.com\/en\/wp-json\/wp\/v2\/media?parent=435"}],"wp:term":[{"taxonomy":"product_brand","embeddable":true,"href":"https:\/\/yara-atelier.com\/en\/wp-json\/wp\/v2\/product_brand?post=435"},{"taxonomy":"product_cat","embeddable":true,"href":"https:\/\/yara-atelier.com\/en\/wp-json\/wp\/v2\/product_cat?post=435"},{"taxonomy":"product_tag","embeddable":true,"href":"https:\/\/yara-atelier.com\/en\/wp-json\/wp\/v2\/product_tag?post=435"}],"curies":[{"name":"wp","href":"https:\/\/api.w.org\/{rel}","templated":true}]}}