{"id":4433,"date":"2025-06-05T14:02:53","date_gmt":"2025-06-05T17:02:53","guid":{"rendered":"https:\/\/yara-atelier.com\/produto\/ra\/"},"modified":"2026-04-13T00:45:44","modified_gmt":"2026-04-13T03:45:44","slug":"ra","status":"publish","type":"product","link":"https:\/\/yara-atelier.com\/en\/product\/ra\/","title":{"rendered":"R\u00e1"},"content":{"rendered":"","protected":false},"excerpt":{"rendered":"<p class=\"p1\"><span class=\"s1\">Sobre o YARA Hat:<\/span><\/p>\n<p class=\"p1\"><span class=\"s1\">R\u00c1 \u00e9 luz ancestral. Inspirado em R\u00e1, a divindade solar do Egito Antigo \u2014 deus da cria\u00e7\u00e3o, do renascimento e da for\u00e7a vital \u2014 este YARA Hat foi feito para mulheres que caminham com presen\u00e7a e poder. A cruz ansata bordada simboliza a vida eterna; os cristais de citrino irradiam luz e abund\u00e2ncia. O acabamento em ma\u00e7arico e a bandana em palha tran\u00e7ada revelam a uni\u00e3o entre arte, espiritualidade e eleg\u00e2ncia.<\/span><\/p>\n<p class=\"p1\"><span class=\"s1\">Detalhes:<\/span><\/p>\n<p class=\"p1\"><span class=\"s1\"> \u2022 Modelo western com aba levemente curvada, em 100% l\u00e3 boliviana na cor camelo.<\/span><\/p>\n<p class=\"p1\"><span class=\"s1\"> \u2022 Cruz ansata bordada na parte traseira da copa.<\/span><\/p>\n<p class=\"p1\"><span class=\"s1\"> \u2022 Cristais de citrino aplicados \u00e0 m\u00e3o sobre acabamento queimado em ma\u00e7arico.<\/span><\/p>\n<p class=\"p1\"><span class=\"s1\"> \u2022 Bandana em palha tran\u00e7ada, com textura r\u00fastica e sofisticada.<\/span><\/p>\n<p class=\"p1\"><span class=\"s1\">Informa\u00e7\u00f5es:<\/span><\/p>\n<p class=\"p1\"><span class=\"s1\">Todos os nossos YARA Hats acompanham gancho de parede e porta-chap\u00e9u personalizado.<\/span><\/p>\n<p>&nbsp;<\/p>\n<p data-prosemirror-content-type=\"node\" data-prosemirror-node-name=\"paragraph\" data-prosemirror-node-block=\"true\" data-pm-slice=\"1 1 []\">Os pedidos s\u00e3o processados e despachados em at\u00e9 2 dias \u00fateis ap\u00f3s a confirma\u00e7\u00e3o do pagamento. O prazo de entrega come\u00e7a a contar a partir do envio.<\/p>\n<p class=\"p1\"><span class=\"s1\">\u00a0<\/span><\/p>","protected":false},"featured_media":5283,"template":"","meta":{"_acf_changed":false},"product_brand":[],"product_cat":[144,105,20],"product_tag":[],"class_list":{"0":"post-4433","1":"product","2":"type-product","3":"status-publish","4":"has-post-thumbnail","6":"product_cat-ver-tudo","7":"product_cat-sale","8":"product_cat-100-la","10":"first","11":"instock","12":"sale","13":"taxable","14":"shipping-taxable","15":"purchasable","16":"product-type-simple"},"acf":[],"_links":{"self":[{"href":"https:\/\/yara-atelier.com\/en\/wp-json\/wp\/v2\/product\/4433","targetHints":{"allow":["GET"]}}],"collection":[{"href":"https:\/\/yara-atelier.com\/en\/wp-json\/wp\/v2\/product"}],"about":[{"href":"https:\/\/yara-atelier.com\/en\/wp-json\/wp\/v2\/types\/product"}],"wp:featuredmedia":[{"embeddable":true,"href":"https:\/\/yara-atelier.com\/en\/wp-json\/wp\/v2\/media\/5283"}],"wp:attachment":[{"href":"https:\/\/yara-atelier.com\/en\/wp-json\/wp\/v2\/media?parent=4433"}],"wp:term":[{"taxonomy":"product_brand","embeddable":true,"href":"https:\/\/yara-atelier.com\/en\/wp-json\/wp\/v2\/product_brand?post=4433"},{"taxonomy":"product_cat","embeddable":true,"href":"https:\/\/yara-atelier.com\/en\/wp-json\/wp\/v2\/product_cat?post=4433"},{"taxonomy":"product_tag","embeddable":true,"href":"https:\/\/yara-atelier.com\/en\/wp-json\/wp\/v2\/product_tag?post=4433"}],"curies":[{"name":"wp","href":"https:\/\/api.w.org\/{rel}","templated":true}]}}