{"id":4574,"date":"2025-06-23T16:49:16","date_gmt":"2025-06-23T19:49:16","guid":{"rendered":"https:\/\/yara-atelier.com\/produto\/galena\/"},"modified":"2026-04-13T13:46:48","modified_gmt":"2026-04-13T16:46:48","slug":"galena","status":"publish","type":"product","link":"https:\/\/yara-atelier.com\/en\/product\/galena\/","title":{"rendered":"Galena"},"content":{"rendered":"","protected":false},"excerpt":{"rendered":"<p>Galena \u00e9 a materializa\u00e7\u00e3o da for\u00e7a que se imp\u00f5e em sil\u00eancio.<\/p>\n<p>Seu nome carrega a conex\u00e3o com os elementos da terra \u2014 uma ode \u00e0 estabilidade, ao refinamento e \u00e0 beleza que nasce da presen\u00e7a firme. Galena \u00e9 para aquelas que habitam o mundo com eleg\u00e2ncia natural, impondo-se com suavidade e impon\u00eancia.<\/p>\n<p>Detalhes:<\/p>\n<p>\u2022 Chap\u00e9u fedora em suede caramelo com aplica\u00e7\u00e3o de pel\u00facia, trazendo textura e sofistica\u00e7\u00e3o.<\/p>\n<p>\u2022 Estrutura marcante, pensada para transmitir for\u00e7a com eleg\u00e2ncia.<\/p>\n<p>\u2022 Design limpo com acabamento premium s\u00edmbolo de presen\u00e7a e equil\u00edbrio.<\/p>\n<p data-prosemirror-content-type=\"node\" data-prosemirror-node-name=\"paragraph\" data-prosemirror-node-block=\"true\" data-pm-slice=\"1 1 []\">Os pedidos s\u00e3o processados e despachados em at\u00e9 2 dias \u00fateis ap\u00f3s a confirma\u00e7\u00e3o do pagamento. O prazo de entrega come\u00e7a a contar a partir do envio.<\/p>","protected":false},"featured_media":4620,"template":"","meta":{"_acf_changed":false},"product_brand":[],"product_cat":[144,107,102,19],"product_tag":[],"class_list":{"0":"post-4574","1":"product","2":"type-product","3":"status-publish","4":"has-post-thumbnail","6":"product_cat-ver-tudo","7":"product_cat-akhanta","8":"product_cat-country-cowboy-western","9":"product_cat-suede-cores","11":"first","12":"instock","13":"sale","14":"taxable","15":"shipping-taxable","16":"purchasable","17":"product-type-simple"},"acf":[],"_links":{"self":[{"href":"https:\/\/yara-atelier.com\/en\/wp-json\/wp\/v2\/product\/4574","targetHints":{"allow":["GET"]}}],"collection":[{"href":"https:\/\/yara-atelier.com\/en\/wp-json\/wp\/v2\/product"}],"about":[{"href":"https:\/\/yara-atelier.com\/en\/wp-json\/wp\/v2\/types\/product"}],"wp:featuredmedia":[{"embeddable":true,"href":"https:\/\/yara-atelier.com\/en\/wp-json\/wp\/v2\/media\/4620"}],"wp:attachment":[{"href":"https:\/\/yara-atelier.com\/en\/wp-json\/wp\/v2\/media?parent=4574"}],"wp:term":[{"taxonomy":"product_brand","embeddable":true,"href":"https:\/\/yara-atelier.com\/en\/wp-json\/wp\/v2\/product_brand?post=4574"},{"taxonomy":"product_cat","embeddable":true,"href":"https:\/\/yara-atelier.com\/en\/wp-json\/wp\/v2\/product_cat?post=4574"},{"taxonomy":"product_tag","embeddable":true,"href":"https:\/\/yara-atelier.com\/en\/wp-json\/wp\/v2\/product_tag?post=4574"}],"curies":[{"name":"wp","href":"https:\/\/api.w.org\/{rel}","templated":true}]}}