{"id":4578,"date":"2025-06-23T16:50:55","date_gmt":"2025-06-23T19:50:55","guid":{"rendered":"https:\/\/yara-atelier.com\/produto\/acardia\/"},"modified":"2026-04-19T20:39:56","modified_gmt":"2026-04-19T23:39:56","slug":"acardia","status":"publish","type":"product","link":"https:\/\/yara-atelier.com\/en\/product\/acardia\/","title":{"rendered":"\u00c1cardia"},"content":{"rendered":"","protected":false},"excerpt":{"rendered":"<p>\u00c1cardia \u00e9 o ref\u00fagio sereno entre a natureza e an alma.<\/p>\n<p>Seu nome remete a um para\u00edso natural, onde a harmonia reina e o tempo desacelera. \u00c1cardia convida a um estado de tranquilidade e conex\u00e3o \u2014 com o mundo, com o corpo, com o instante.<\/p>\n<p>Detalhes:<\/p>\n<p>\u2022 Chap\u00e9u fedora em l\u00e3 camelo com pintura em aquarela no estilo boho country, evocando paisagens calmas e terrosas.<\/p>\n<p>\u2022 Tons suaves e composi\u00e7\u00e3o equilibrada que transmitem serenidade com estilo.<\/p>\n<p>\u2022 Estrutura confort\u00e1vel e acabamento art\u00edstico \u2014 uma pe\u00e7a que traduz leveza e alma.<\/p>\n<p data-prosemirror-content-type=\"node\" data-prosemirror-node-name=\"paragraph\" data-prosemirror-node-block=\"true\" data-pm-slice=\"1 1 []\">Os pedidos s\u00e3o processados e despachados em at\u00e9 2 dias \u00fateis ap\u00f3s a confirma\u00e7\u00e3o do pagamento. O prazo de entrega come\u00e7a a contar a partir do envio.<\/p>","protected":false},"featured_media":4644,"template":"","meta":{"_acf_changed":false},"product_brand":[],"product_cat":[144,107,84,20],"product_tag":[],"class_list":{"0":"post-4578","1":"product","2":"type-product","3":"status-publish","4":"has-post-thumbnail","6":"product_cat-ver-tudo","7":"product_cat-akhanta","8":"product_cat-chapeus","9":"product_cat-100-la","11":"first","12":"instock","13":"sale","14":"taxable","15":"shipping-taxable","16":"purchasable","17":"product-type-simple"},"acf":[],"_links":{"self":[{"href":"https:\/\/yara-atelier.com\/en\/wp-json\/wp\/v2\/product\/4578","targetHints":{"allow":["GET"]}}],"collection":[{"href":"https:\/\/yara-atelier.com\/en\/wp-json\/wp\/v2\/product"}],"about":[{"href":"https:\/\/yara-atelier.com\/en\/wp-json\/wp\/v2\/types\/product"}],"wp:featuredmedia":[{"embeddable":true,"href":"https:\/\/yara-atelier.com\/en\/wp-json\/wp\/v2\/media\/4644"}],"wp:attachment":[{"href":"https:\/\/yara-atelier.com\/en\/wp-json\/wp\/v2\/media?parent=4578"}],"wp:term":[{"taxonomy":"product_brand","embeddable":true,"href":"https:\/\/yara-atelier.com\/en\/wp-json\/wp\/v2\/product_brand?post=4578"},{"taxonomy":"product_cat","embeddable":true,"href":"https:\/\/yara-atelier.com\/en\/wp-json\/wp\/v2\/product_cat?post=4578"},{"taxonomy":"product_tag","embeddable":true,"href":"https:\/\/yara-atelier.com\/en\/wp-json\/wp\/v2\/product_tag?post=4578"}],"curies":[{"name":"wp","href":"https:\/\/api.w.org\/{rel}","templated":true}]}}