{"id":4580,"date":"2025-06-23T16:51:47","date_gmt":"2025-06-23T19:51:47","guid":{"rendered":"https:\/\/yara-atelier.com\/produto\/aglaia\/"},"modified":"2026-04-13T13:45:19","modified_gmt":"2026-04-13T16:45:19","slug":"aglaia","status":"publish","type":"product","link":"https:\/\/yara-atelier.com\/en\/product\/aglaia\/","title":{"rendered":"Aglaia"},"content":{"rendered":"","protected":false},"excerpt":{"rendered":"<p>Aglaia \u00e9 o reflexo do esplendor em movimento.<\/p>\n<p>Inspirado em uma das Tr\u00eas Gra\u00e7as da mitologia, seu nome evoca a beleza, a criatividade e o encantamento que se revelam nos detalhes.<\/p>\n<p>Este chap\u00e9u artesanal feito \u00e0 m\u00e3o pela YARA Atelier \u00e9 para quem transforma o cotidiano em arte com charme natural e presen\u00e7a luminosa.<\/p>\n<p data-prosemirror-content-type=\"node\" data-prosemirror-node-name=\"paragraph\" data-prosemirror-node-block=\"true\" data-pm-slice=\"1 1 []\">Os pedidos s\u00e3o processados e despachados em at\u00e9 2 dias \u00fateis ap\u00f3s a confirma\u00e7\u00e3o do pagamento. O prazo de entrega come\u00e7a a contar a partir do envio.<\/p>","protected":false},"featured_media":5799,"template":"","meta":{"_acf_changed":false},"product_brand":[],"product_cat":[144,107,19,86],"product_tag":[],"class_list":{"0":"post-4580","1":"product","2":"type-product","3":"status-publish","4":"has-post-thumbnail","6":"product_cat-ver-tudo","7":"product_cat-akhanta","8":"product_cat-suede-cores","9":"product_cat-best-sellers","11":"first","12":"instock","13":"sale","14":"taxable","15":"shipping-taxable","16":"purchasable","17":"product-type-simple"},"acf":[],"_links":{"self":[{"href":"https:\/\/yara-atelier.com\/en\/wp-json\/wp\/v2\/product\/4580","targetHints":{"allow":["GET"]}}],"collection":[{"href":"https:\/\/yara-atelier.com\/en\/wp-json\/wp\/v2\/product"}],"about":[{"href":"https:\/\/yara-atelier.com\/en\/wp-json\/wp\/v2\/types\/product"}],"wp:featuredmedia":[{"embeddable":true,"href":"https:\/\/yara-atelier.com\/en\/wp-json\/wp\/v2\/media\/5799"}],"wp:attachment":[{"href":"https:\/\/yara-atelier.com\/en\/wp-json\/wp\/v2\/media?parent=4580"}],"wp:term":[{"taxonomy":"product_brand","embeddable":true,"href":"https:\/\/yara-atelier.com\/en\/wp-json\/wp\/v2\/product_brand?post=4580"},{"taxonomy":"product_cat","embeddable":true,"href":"https:\/\/yara-atelier.com\/en\/wp-json\/wp\/v2\/product_cat?post=4580"},{"taxonomy":"product_tag","embeddable":true,"href":"https:\/\/yara-atelier.com\/en\/wp-json\/wp\/v2\/product_tag?post=4580"}],"curies":[{"name":"wp","href":"https:\/\/api.w.org\/{rel}","templated":true}]}}