{"id":4696,"date":"2025-07-09T16:31:22","date_gmt":"2025-07-09T19:31:22","guid":{"rendered":"https:\/\/yara-atelier.com\/produto\/ainda\/"},"modified":"2026-04-01T03:06:22","modified_gmt":"2026-04-01T06:06:22","slug":"ainda","status":"publish","type":"product","link":"https:\/\/yara-atelier.com\/en\/product\/ainda\/","title":{"rendered":"Aine"},"content":{"rendered":"<p id=\"docs-internal-guid-7f2f23d2-f0ab-8265-39f3-ac6faf9de721\" dir=\"ltr\" style=\"line-height: 1.38; margin-top: 12.0pt; margin-bottom: 12.0pt;\"><span style=\"font-size: 11.0pt; font-family: Arial,sans-serif; background-color: transparent; font-weight: 400; font-style: normal; font-variant: normal; text-decoration: none; vertical-align: baseline;\">Aine \u00e9 fogo solar em forma de desejo.<\/span><\/p>\n<p dir=\"ltr\" style=\"line-height: 1.38; margin-top: 12.0pt; margin-bottom: 12.0pt;\"><span style=\"font-size: 11.0pt; font-family: Arial,sans-serif; background-color: transparent; font-weight: 400; font-style: normal; font-variant: normal; text-decoration: none; vertical-align: baseline;\">Deusa celta do ver\u00e3o, da fertilidade e do brilho interior, Aine \u00e9 celebrada nas terras da Irlanda como uma entidade ligada ao solst\u00edcio, ao prazer e \u00e0 liberdade feminina.<\/span><\/p>\n<p dir=\"ltr\" style=\"line-height: 1.38; margin-top: 12.0pt; margin-bottom: 12.0pt;\"><span style=\"font-size: 11.0pt; font-family: Arial,sans-serif; background-color: transparent; font-weight: 400; font-style: normal; font-variant: normal; text-decoration: none; vertical-align: baseline;\">Seu brilho \u00e9 selvagem, sua presen\u00e7a \u00e9 solar \u2014 um convite a ousar com eleg\u00e2ncia.<\/span><\/p>\n<p dir=\"ltr\" style=\"line-height: 1.38; margin-top: 12.0pt; margin-bottom: 12.0pt;\"><span style=\"font-size: 11.0pt; font-family: Arial,sans-serif; background-color: transparent; font-weight: 400; font-style: normal; font-variant: normal; text-decoration: none; vertical-align: baseline;\">Detalhes:<\/span><\/p>\n<p dir=\"ltr\" style=\"line-height: 1.38; margin-top: 12.0pt; margin-bottom: 12.0pt;\"><span style=\"font-size: 11.0pt; font-family: Arial,sans-serif; background-color: transparent; font-weight: 400; font-style: normal; font-variant: normal; text-decoration: none; vertical-align: baseline;\">\u2022 Chap\u00e9u em palha natural com estampa de pintura animal print feita \u00e0 m\u00e3o em tons dourados e terrosos.<\/span><\/p>\n<p dir=\"ltr\" style=\"line-height: 1.38; margin-top: 12.0pt; margin-bottom: 12.0pt;\"><span style=\"font-size: 11.0pt; font-family: Arial,sans-serif; background-color: transparent; font-weight: 400; font-style: normal; font-variant: normal; text-decoration: none; vertical-align: baseline;\">\u2022 Faixa em couro com tachas sutis, evocando for\u00e7a e beleza.<\/span><\/p>\n<p dir=\"ltr\" style=\"line-height: 1.38; margin-top: 12.0pt; margin-bottom: 12.0pt;\"><span style=\"font-size: 11.0pt; font-family: Arial,sans-serif; background-color: transparent; font-weight: 400; font-style: normal; font-variant: normal; text-decoration: none; vertical-align: baseline;\">\u2022 Design feito para quem quer marcar territ\u00f3rio com autenticidade.<\/span><\/p>\n<p dir=\"ltr\" style=\"line-height: 1.38; margin-top: 12.0pt; margin-bottom: 12.0pt;\"><span style=\"font-size: 11.0pt; font-family: Arial,sans-serif; background-color: transparent; font-weight: 400; font-style: normal; font-variant: normal; text-decoration: none; vertical-align: baseline;\">Informa\u00e7\u00f5es:<\/span><\/p>\n<p dir=\"ltr\" style=\"line-height: 1.38; margin-top: 12.0pt; margin-bottom: 12.0pt;\"><span style=\"font-size: 11.0pt; font-family: Arial,sans-serif; background-color: transparent; font-weight: 400; font-style: normal; font-variant: normal; text-decoration: none; vertical-align: baseline;\">Acompanha gancho de parede e porta-chap\u00e9u personalizado YARA \u2014 um toque de ouro na rotina de ver\u00e3o.<\/p>\n<p><\/span><\/p>\n<p data-prosemirror-content-type=\"node\" data-prosemirror-node-name=\"paragraph\" data-prosemirror-node-block=\"true\" data-pm-slice=\"1 1 []\">Os pedidos s\u00e3o processados e despachados em at\u00e9 2 dias \u00fateis ap\u00f3s a confirma\u00e7\u00e3o do pagamento. O prazo de entrega come\u00e7a a contar a partir do envio.<\/p>\n<p dir=\"ltr\" style=\"line-height: 1.38; margin-top: 12.0pt; margin-bottom: 12.0pt;\"><span style=\"font-size: 11.0pt; font-family: Arial,sans-serif; background-color: transparent; font-weight: 400; font-style: normal; font-variant: normal; text-decoration: none; vertical-align: baseline;\">\u00a0<\/span><\/p>","protected":false},"excerpt":{"rendered":"<p style=\"font-weight: 400;\"><span style=\"font-weight: 400;\">Aine \u00e9 fogo solar em forma de desejo.<\/span><\/p>\n<p style=\"font-weight: 400;\"><span style=\"font-weight: 400;\">Deusa celta do ver\u00e3o, da fertilidade e do brilho interior, Aine \u00e9 celebrada nas terras da Irlanda como uma entidade ligada ao solst\u00edcio, ao prazer e \u00e0 liberdade feminina.<\/span><\/p>\n<p style=\"font-weight: 400;\"><span style=\"font-weight: 400;\">Seu brilho \u00e9 selvagem, sua presen\u00e7a \u00e9 solar \u2014 um convite a ousar com eleg\u00e2ncia.<\/span><\/p>\n<p style=\"font-weight: 400;\"><span style=\"font-weight: 400;\">Detalhes:<\/span><\/p>\n<ul>\n<li style=\"font-weight: 400;\"><span style=\"font-weight: 400;\"> Chap\u00e9u em palha toquilla equatoriana com estampa de pintura animal print feita \u00e0 m\u00e3o em tons dourados e terrosos.<\/span><\/li>\n<li style=\"font-weight: 400;\"><span style=\"font-weight: 400;\"> Faixa em couro com tachas sutis, evocando for\u00e7a e beleza.<\/span><\/li>\n<li style=\"font-weight: 400;\"><span style=\"font-weight: 400;\"> Design feito para quem quer marcar territ\u00f3rio com autenticidade.<\/span><\/li>\n<\/ul>","protected":false},"featured_media":7117,"template":"","meta":{"_acf_changed":false},"product_brand":[],"product_cat":[144,108,105,102,59,140,95],"product_tag":[135,136,137,138,139,129,130,132,83,27],"class_list":{"0":"post-4696","1":"product","2":"type-product","3":"status-publish","4":"has-post-thumbnail","6":"product_cat-ver-tudo","7":"product_cat-verano-eterno","8":"product_cat-sale","9":"product_cat-country-cowboy-western","10":"product_cat-panama","11":"product_cat-verao","12":"product_cat-lancamentos","13":"product_tag-praia","14":"product_tag-panama","15":"product_tag-verao","16":"product_tag-sol","17":"product_tag-piscina","18":"product_tag-country","19":"product_tag-western","20":"product_tag-feito-a-mao","21":"product_tag-yara-hat","22":"product_tag-hats","24":"first","25":"instock","26":"sale","27":"taxable","28":"shipping-taxable","29":"purchasable","30":"product-type-simple"},"acf":[],"_links":{"self":[{"href":"https:\/\/yara-atelier.com\/en\/wp-json\/wp\/v2\/product\/4696","targetHints":{"allow":["GET"]}}],"collection":[{"href":"https:\/\/yara-atelier.com\/en\/wp-json\/wp\/v2\/product"}],"about":[{"href":"https:\/\/yara-atelier.com\/en\/wp-json\/wp\/v2\/types\/product"}],"wp:featuredmedia":[{"embeddable":true,"href":"https:\/\/yara-atelier.com\/en\/wp-json\/wp\/v2\/media\/7117"}],"wp:attachment":[{"href":"https:\/\/yara-atelier.com\/en\/wp-json\/wp\/v2\/media?parent=4696"}],"wp:term":[{"taxonomy":"product_brand","embeddable":true,"href":"https:\/\/yara-atelier.com\/en\/wp-json\/wp\/v2\/product_brand?post=4696"},{"taxonomy":"product_cat","embeddable":true,"href":"https:\/\/yara-atelier.com\/en\/wp-json\/wp\/v2\/product_cat?post=4696"},{"taxonomy":"product_tag","embeddable":true,"href":"https:\/\/yara-atelier.com\/en\/wp-json\/wp\/v2\/product_tag?post=4696"}],"curies":[{"name":"wp","href":"https:\/\/api.w.org\/{rel}","templated":true}]}}