{"id":4714,"date":"2025-07-09T16:34:01","date_gmt":"2025-07-09T19:34:01","guid":{"rendered":"https:\/\/yara-atelier.com\/produto\/thalia\/"},"modified":"2026-04-01T03:06:10","modified_gmt":"2026-04-01T06:06:10","slug":"thalia","status":"publish","type":"product","link":"https:\/\/yara-atelier.com\/en\/product\/thalia\/","title":{"rendered":"Thalia"},"content":{"rendered":"<ol>\n<li id=\"docs-internal-guid-89b6fdbd-f0ad-b7a1-e1be-b2da0c57294f\" dir=\"ltr\" style=\"line-height: 1.38;\"><span style=\"font-size: 11.0pt; font-family: Arial,sans-serif; background-color: transparent; font-weight: 400; font-style: normal; font-variant: normal; text-decoration: none; vertical-align: baseline;\">Thalia \u00e9 ver\u00e3o com alma leve e sorriso solto.<\/span><\/li>\n<\/ol>\n<p dir=\"ltr\" style=\"line-height: 1.38; margin-top: 12.0pt; margin-bottom: 12.0pt;\"><span style=\"font-size: 11.0pt; font-family: Arial,sans-serif; background-color: transparent; font-weight: 400; font-style: normal; font-variant: normal; text-decoration: none; vertical-align: baseline;\">Na mitologia grega, Thalia \u00e9 uma das nove musas \u2014 s\u00edmbolo da com\u00e9dia, da alegria e da leveza de esp\u00edrito. Seu nome significa \u201cflorescimento\u201d, e ela inspira o riso f\u00e1cil e a vida com charme.<\/span><\/p>\n<p dir=\"ltr\" style=\"line-height: 1.38; margin-top: 12.0pt; margin-bottom: 12.0pt;\"><span style=\"font-size: 11.0pt; font-family: Arial,sans-serif; background-color: transparent; font-weight: 400; font-style: normal; font-variant: normal; text-decoration: none; vertical-align: baseline;\">Ela n\u00e3o se leva t\u00e3o a s\u00e9rio \u2014 mas sabe exatamente quem \u00e9.<\/span><\/p>\n<p dir=\"ltr\" style=\"line-height: 1.38; margin-top: 12.0pt; margin-bottom: 12.0pt;\"><span style=\"font-size: 11.0pt; font-family: Arial,sans-serif; background-color: transparent; font-weight: 400; font-style: normal; font-variant: normal; text-decoration: none; vertical-align: baseline;\">Detalhes:<\/span><\/p>\n<p dir=\"ltr\" style=\"line-height: 1.38; margin-top: 12.0pt; margin-bottom: 12.0pt;\"><span style=\"font-size: 11.0pt; font-family: Arial,sans-serif; background-color: transparent; font-weight: 400; font-style: normal; font-variant: normal; text-decoration: none; vertical-align: baseline;\">\u2022 Chap\u00e9u Panam\u00e1 com escrita \u00e0 m\u00e3o de frases solares e espirituosas.<\/span><\/p>\n<p dir=\"ltr\" style=\"line-height: 1.38; margin-top: 12.0pt; margin-bottom: 12.0pt;\"><span style=\"font-size: 11.0pt; font-family: Arial,sans-serif; background-color: transparent; font-weight: 400; font-style: normal; font-variant: normal; text-decoration: none; vertical-align: baseline;\">\u2022 Design despojado com acabamento artesanal e mensagem cool.<\/span><\/p>\n<p dir=\"ltr\" style=\"line-height: 1.38; margin-top: 12.0pt; margin-bottom: 12.0pt;\"><span style=\"font-size: 11.0pt; font-family: Arial,sans-serif; background-color: transparent; font-weight: 400; font-style: normal; font-variant: normal; text-decoration: none; vertical-align: baseline;\">\u2022 Leveza como s\u00edmbolo de liberdade \u2014 porque alma luminosa tamb\u00e9m \u00e9 alma divertida.<\/span><\/p>\n<p dir=\"ltr\" style=\"line-height: 1.38; margin-top: 12.0pt; margin-bottom: 12.0pt;\"><span style=\"font-size: 11.0pt; font-family: Arial,sans-serif; background-color: transparent; font-weight: 400; font-style: normal; font-variant: normal; text-decoration: none; vertical-align: baseline;\">Frases poss\u00edveis para customiza\u00e7\u00e3o:<\/span><\/p>\n<ol style=\"margin-top: 0; margin-bottom: 0; padding-inline-start: 48.0px;\">\n<li dir=\"ltr\" style=\"list-style-type: decimal; font-size: 11.0pt; font-family: Arial,sans-serif; color: #000000; background-color: transparent; font-weight: 400; font-style: normal; font-variant: normal; text-decoration: none; vertical-align: baseline;\">\n<p dir=\"ltr\" style=\"line-height: 1.38; margin-top: 12.0pt; margin-bottom: 0.0pt;\" role=\"presentation\"><span style=\"font-size: 11.0pt; font-family: Arial,sans-serif; background-color: transparent; font-weight: 400; font-style: normal; font-variant: normal; text-decoration: none; vertical-align: baseline;\">I\u2019m a beachy girl<\/span><\/p>\n<p>&nbsp;<\/li>\n<li dir=\"ltr\" style=\"list-style-type: decimal; font-size: 11.0pt; font-family: Arial,sans-serif; color: #000000; background-color: transparent; font-weight: 400; font-style: normal; font-variant: normal; text-decoration: none; vertical-align: baseline;\">\n<p dir=\"ltr\" style=\"line-height: 1.38; margin-top: 0.0pt; margin-bottom: 0.0pt;\" role=\"presentation\"><span style=\"font-size: 11.0pt; font-family: Arial,sans-serif; background-color: transparent; font-weight: 400; font-style: normal; font-variant: normal; text-decoration: none; vertical-align: baseline;\">N\u00e3o me leve a mal, me leve \u00e0 praia<\/span><\/p>\n<p><span style=\"font-size: 11.0pt; font-family: Arial,sans-serif; background-color: transparent; font-weight: 400; font-style: normal; font-variant: normal; text-decoration: none; vertical-align: baseline;\">Sun-kissed &amp; Champagne Time<\/span><\/li>\n<li dir=\"ltr\" style=\"list-style-type: decimal; font-size: 11.0pt; font-family: Arial,sans-serif; color: #000000; background-color: transparent; font-weight: 400; font-style: normal; font-variant: normal; text-decoration: none; vertical-align: baseline;\">\n<p dir=\"ltr\" style=\"line-height: 1.38; margin-top: 0.0pt; margin-bottom: 0.0pt;\" role=\"presentation\"><span style=\"font-size: 11.0pt; font-family: Arial,sans-serif; background-color: transparent; font-weight: 400; font-style: normal; font-variant: normal; text-decoration: none; vertical-align: baseline;\">Salty Body, by Sweet at heart<\/span><\/p>\n<p>&nbsp;<\/li>\n<\/ol>\n<p dir=\"ltr\" style=\"line-height: 1.38; margin-top: 12.0pt; margin-bottom: 12.0pt;\"><span style=\"font-size: 11.0pt; font-family: Arial,sans-serif; background-color: transparent; font-weight: 400; font-style: normal; font-variant: normal; text-decoration: none; vertical-align: baseline;\">Informa\u00e7\u00f5es:<\/span><\/p>\n<p dir=\"ltr\" style=\"line-height: 1.38; margin-top: 12.0pt; margin-bottom: 12.0pt;\"><span style=\"font-size: 11.0pt; font-family: Arial,sans-serif; background-color: transparent; font-weight: 400; font-style: normal; font-variant: normal; text-decoration: none; vertical-align: baseline;\">Acompanha gancho de parede e porta-chap\u00e9u personalizado YARA \u2014 porque seu ver\u00e3o merece ritual, mesmo no riso.<\/p>\n<p><\/span><\/p>\n<p data-prosemirror-content-type=\"node\" data-prosemirror-node-name=\"paragraph\" data-prosemirror-node-block=\"true\" data-pm-slice=\"1 1 []\">Os pedidos s\u00e3o processados e despachados em at\u00e9 2 dias \u00fateis ap\u00f3s a confirma\u00e7\u00e3o do pagamento. O prazo de entrega come\u00e7a a contar a partir do envio.<\/p>\n<p dir=\"ltr\" style=\"line-height: 1.38; margin-top: 12.0pt; margin-bottom: 12.0pt;\"><span style=\"font-size: 11.0pt; font-family: Arial,sans-serif; background-color: transparent; font-weight: 400; font-style: normal; font-variant: normal; text-decoration: none; vertical-align: baseline;\">\u00a0<\/span><\/p>","protected":false},"excerpt":{"rendered":"<p style=\"font-weight: 400;\"><span style=\"font-weight: 400;\">Thalia \u00e9 ver\u00e3o com alma leve e sorriso solto.<\/span><\/p>\n<p style=\"font-weight: 400;\"><span style=\"font-weight: 400;\">Na mitologia grega, Thalia \u00e9 uma das nove musas \u2014 s\u00edmbolo da com\u00e9dia, da alegria e da leveza de esp\u00edrito. Seu nome significa \u201cflorescimento\u201d, e ela inspira o riso f\u00e1cil e a vida com charme.<\/span><\/p>\n<p style=\"font-weight: 400;\"><span style=\"font-weight: 400;\">Ela n\u00e3o se leva t\u00e3o a s\u00e9rio \u2014 mas sabe exatamente quem \u00e9.<\/span><\/p>\n<p style=\"font-weight: 400;\"><span style=\"font-weight: 400;\">Detalhes:<\/span><\/p>\n<ul>\n<li style=\"font-weight: 400;\"><span style=\"font-weight: 400;\"> Chap\u00e9u em <\/span><span style=\"font-weight: 400;\">palha toquilla equatoriana<\/span><span style=\"font-weight: 400;\"> com escrita \u00e0 m\u00e3o de frases solares e espirituosas.<\/span><\/li>\n<li style=\"font-weight: 400;\"><span style=\"font-weight: 400;\"> Design despojado com acabamento artesanal e mensagem cool.<\/span><\/li>\n<li style=\"font-weight: 400;\"><span style=\"font-weight: 400;\"> Leveza como s\u00edmbolo de liberdade \u2014 porque alma luminosa tamb\u00e9m \u00e9 alma divertida.<\/span><\/li>\n<\/ul>\n<p style=\"font-weight: 400;\"><span style=\"font-weight: 400;\">Frases poss\u00edveis para customiza\u00e7\u00e3o:<\/span><\/p>\n<p><span style=\"font-weight: 400;\">I\u2019m a beachy girl<\/span><\/p>\n<p><span style=\"font-weight: 400;\">N\u00e3o me leve a mal, me leve \u00e0 praia<\/span><\/p>\n<p><span style=\"font-weight: 400;\">Sun-kissed &amp; Champagne Time<\/span><\/p>\n<p><span style=\"font-weight: 400;\">Salty Body, by Sweet at heart<\/span><\/p>\n<p style=\"font-weight: 400;\"><span style=\"font-weight: 400;\">Informa\u00e7\u00f5es:<\/span><\/p>\n<p style=\"font-weight: 400;\"><span style=\"font-weight: 400;\">Acompanha gancho de parede e porta-chap\u00e9u personalizado YARA \u2014 porque seu ver\u00e3o merece ritual, mesmo no riso.<\/span><\/p>","protected":false},"featured_media":7186,"template":"","meta":{"_acf_changed":false},"product_brand":[],"product_cat":[144,108,59,140,95],"product_tag":[],"class_list":{"0":"post-4714","1":"product","2":"type-product","3":"status-publish","4":"has-post-thumbnail","6":"product_cat-ver-tudo","7":"product_cat-verano-eterno","8":"product_cat-panama","9":"product_cat-verao","10":"product_cat-lancamentos","12":"first","13":"instock","14":"taxable","15":"shipping-taxable","16":"purchasable","17":"product-type-simple"},"acf":[],"_links":{"self":[{"href":"https:\/\/yara-atelier.com\/en\/wp-json\/wp\/v2\/product\/4714","targetHints":{"allow":["GET"]}}],"collection":[{"href":"https:\/\/yara-atelier.com\/en\/wp-json\/wp\/v2\/product"}],"about":[{"href":"https:\/\/yara-atelier.com\/en\/wp-json\/wp\/v2\/types\/product"}],"wp:featuredmedia":[{"embeddable":true,"href":"https:\/\/yara-atelier.com\/en\/wp-json\/wp\/v2\/media\/7186"}],"wp:attachment":[{"href":"https:\/\/yara-atelier.com\/en\/wp-json\/wp\/v2\/media?parent=4714"}],"wp:term":[{"taxonomy":"product_brand","embeddable":true,"href":"https:\/\/yara-atelier.com\/en\/wp-json\/wp\/v2\/product_brand?post=4714"},{"taxonomy":"product_cat","embeddable":true,"href":"https:\/\/yara-atelier.com\/en\/wp-json\/wp\/v2\/product_cat?post=4714"},{"taxonomy":"product_tag","embeddable":true,"href":"https:\/\/yara-atelier.com\/en\/wp-json\/wp\/v2\/product_tag?post=4714"}],"curies":[{"name":"wp","href":"https:\/\/api.w.org\/{rel}","templated":true}]}}