{"id":4731,"date":"2025-07-09T16:36:25","date_gmt":"2025-07-09T19:36:25","guid":{"rendered":"https:\/\/yara-atelier.com\/produto\/sol\/"},"modified":"2026-04-01T03:05:53","modified_gmt":"2026-04-01T06:05:53","slug":"sol","status":"publish","type":"product","link":"https:\/\/yara-atelier.com\/en\/product\/sol\/","title":{"rendered":"S\u00f3l"},"content":{"rendered":"<p id=\"docs-internal-guid-a3d733d3-f0af-b705-16ea-ca0f8a2324db\" dir=\"ltr\" style=\"line-height: 1.38; margin-top: 12.0pt; margin-bottom: 12.0pt;\"><span style=\"font-size: 11.0pt; font-family: Arial,sans-serif; background-color: transparent; font-weight: 400; font-style: normal; font-variant: normal; text-decoration: none; vertical-align: baseline;\">S\u00f3l \u00e9 a for\u00e7a que conduz o sol pelos c\u00e9us n\u00f3rdicos.<\/span><\/p>\n<p dir=\"ltr\" style=\"line-height: 1.38; margin-top: 12.0pt; margin-bottom: 12.0pt;\"><span style=\"font-size: 11.0pt; font-family: Arial,sans-serif; background-color: transparent; font-weight: 400; font-style: normal; font-variant: normal; text-decoration: none; vertical-align: baseline;\">Na mitologia n\u00f3rdica, S\u00f3l \u00e9 a deusa que guia a carruagem solar todos os dias, fugindo dos lobos que tentam devorar a luz.<\/span><\/p>\n<p dir=\"ltr\" style=\"line-height: 1.38; margin-top: 12.0pt; margin-bottom: 12.0pt;\"><span style=\"font-size: 11.0pt; font-family: Arial,sans-serif; background-color: transparent; font-weight: 400; font-style: normal; font-variant: normal; text-decoration: none; vertical-align: baseline;\">Ela n\u00e3o brilha \u2014 ela guia. Seu poder \u00e9 silencioso, ancestral, e sua ess\u00eancia pulsa na terra seca, no vento quente, no calor maduro do ver\u00e3o. Um chap\u00e9u para almas indom\u00e1veis.<\/span><\/p>\n<p dir=\"ltr\" style=\"line-height: 1.38; margin-top: 12.0pt; margin-bottom: 12.0pt;\"><span style=\"font-size: 11.0pt; font-family: Arial,sans-serif; background-color: transparent; font-weight: 400; font-style: normal; font-variant: normal; text-decoration: none; vertical-align: baseline;\">Detalhes:<\/span><\/p>\n<p dir=\"ltr\" style=\"line-height: 1.38; margin-top: 12.0pt; margin-bottom: 12.0pt;\"><span style=\"font-size: 11.0pt; font-family: Arial,sans-serif; background-color: transparent; font-weight: 400; font-style: normal; font-variant: normal; text-decoration: none; vertical-align: baseline;\">\u2022 Chap\u00e9u em palha natural tingida artesanalmente em tom castanho queimado com aba curva e costura manual.<\/span><\/p>\n<p dir=\"ltr\" style=\"line-height: 1.38; margin-top: 12.0pt; margin-bottom: 12.0pt;\"><span style=\"font-size: 11.0pt; font-family: Arial,sans-serif; background-color: transparent; font-weight: 400; font-style: normal; font-variant: normal; text-decoration: none; vertical-align: baseline;\">\u2022 Faixa crua de linho natural com acabamento desfiado e toque org\u00e2nico.<\/span><\/p>\n<p dir=\"ltr\" style=\"line-height: 1.38; margin-top: 12.0pt; margin-bottom: 12.0pt;\"><span style=\"font-size: 11.0pt; font-family: Arial,sans-serif; background-color: transparent; font-weight: 400; font-style: normal; font-variant: normal; text-decoration: none; vertical-align: baseline;\">\u2022 Estrutura firme com est\u00e9tica bruta e sofisticada ao mesmo tempo.<\/span><\/p>\n<p dir=\"ltr\" style=\"line-height: 1.38; margin-top: 12.0pt; margin-bottom: 12.0pt;\"><span style=\"font-size: 11.0pt; font-family: Arial,sans-serif; background-color: transparent; font-weight: 400; font-style: normal; font-variant: normal; text-decoration: none; vertical-align: baseline;\">Informa\u00e7\u00f5es:<\/span><\/p>\n<p dir=\"ltr\" style=\"line-height: 1.38; margin-top: 12.0pt; margin-bottom: 12.0pt;\"><span style=\"font-size: 11.0pt; font-family: Arial,sans-serif; background-color: transparent; font-weight: 400; font-style: normal; font-variant: normal; text-decoration: none; vertical-align: baseline;\">Acompanha gancho de parede e porta-chap\u00e9u personalizado YARA \u2014 feito para trajet\u00f3rias quentes e poderosas.<\/p>\n<p><\/span><\/p>\n<p data-prosemirror-content-type=\"node\" data-prosemirror-node-name=\"paragraph\" data-prosemirror-node-block=\"true\" data-pm-slice=\"1 1 []\">Os pedidos s\u00e3o processados e despachados em at\u00e9 2 dias \u00fateis ap\u00f3s a confirma\u00e7\u00e3o do pagamento. O prazo de entrega come\u00e7a a contar a partir do envio.<\/p>\n<p dir=\"ltr\" style=\"line-height: 1.38; margin-top: 12.0pt; margin-bottom: 12.0pt;\"><span style=\"font-size: 11.0pt; font-family: Arial,sans-serif; background-color: transparent; font-weight: 400; font-style: normal; font-variant: normal; text-decoration: none; vertical-align: baseline;\">\u00a0<\/span><\/p>","protected":false},"excerpt":{"rendered":"<p style=\"font-weight: 400;\"><span style=\"font-weight: 400;\">S\u00f3l \u00e9 a for\u00e7a que conduz o sol pelos c\u00e9us n\u00f3rdicos.<\/span><\/p>\n<p style=\"font-weight: 400;\"><span style=\"font-weight: 400;\">Na mitologia n\u00f3rdica, S\u00f3l \u00e9 a deusa que guia a carruagem solar todos os dias, fugindo dos lobos que tentam devorar a luz.<\/span><\/p>\n<p style=\"font-weight: 400;\"><span style=\"font-weight: 400;\">Ela n\u00e3o brilha \u2014 ela guia. Seu poder \u00e9 silencioso, ancestral, e sua ess\u00eancia pulsa na terra seca, no vento quente, no calor maduro do ver\u00e3o. Um chap\u00e9u para almas indom\u00e1veis.<\/span><\/p>\n<p style=\"font-weight: 400;\"><span style=\"font-weight: 400;\">Detalhes:<\/span><\/p>\n<ul>\n<li style=\"font-weight: 400;\"><span style=\"font-weight: 400;\"> Chap\u00e9u em palha natural tingida artesanalmente em tom castanho queimado com aba curva e costura manual.<\/span><\/li>\n<li style=\"font-weight: 400;\"><span style=\"font-weight: 400;\"> Faixa crua de linho natural com acabamento desfiado e toque org\u00e2nico.<\/span><\/li>\n<li style=\"font-weight: 400;\"><span style=\"font-weight: 400;\"> Estrutura firme com est\u00e9tica bruta e sofisticada ao mesmo tempo.<\/span><\/li>\n<\/ul>\n<p style=\"font-weight: 400;\"><span style=\"font-weight: 400;\">Informa\u00e7\u00f5es:<\/span><\/p>\n<p style=\"font-weight: 400;\"><span style=\"font-weight: 400;\">Acompanha gancho de parede e porta-chap\u00e9u personalizado YARA \u2014 feito para trajet\u00f3rias quentes e poderosas.<\/span><\/p>","protected":false},"featured_media":7663,"template":"","meta":{"_acf_changed":false},"product_brand":[],"product_cat":[144,108,102,59,140,95,86],"product_tag":[],"class_list":{"0":"post-4731","1":"product","2":"type-product","3":"status-publish","4":"has-post-thumbnail","6":"product_cat-ver-tudo","7":"product_cat-verano-eterno","8":"product_cat-country-cowboy-western","9":"product_cat-panama","10":"product_cat-verao","11":"product_cat-lancamentos","12":"product_cat-best-sellers","14":"first","15":"instock","16":"sale","17":"taxable","18":"shipping-taxable","19":"purchasable","20":"product-type-simple"},"acf":[],"_links":{"self":[{"href":"https:\/\/yara-atelier.com\/en\/wp-json\/wp\/v2\/product\/4731","targetHints":{"allow":["GET"]}}],"collection":[{"href":"https:\/\/yara-atelier.com\/en\/wp-json\/wp\/v2\/product"}],"about":[{"href":"https:\/\/yara-atelier.com\/en\/wp-json\/wp\/v2\/types\/product"}],"wp:featuredmedia":[{"embeddable":true,"href":"https:\/\/yara-atelier.com\/en\/wp-json\/wp\/v2\/media\/7663"}],"wp:attachment":[{"href":"https:\/\/yara-atelier.com\/en\/wp-json\/wp\/v2\/media?parent=4731"}],"wp:term":[{"taxonomy":"product_brand","embeddable":true,"href":"https:\/\/yara-atelier.com\/en\/wp-json\/wp\/v2\/product_brand?post=4731"},{"taxonomy":"product_cat","embeddable":true,"href":"https:\/\/yara-atelier.com\/en\/wp-json\/wp\/v2\/product_cat?post=4731"},{"taxonomy":"product_tag","embeddable":true,"href":"https:\/\/yara-atelier.com\/en\/wp-json\/wp\/v2\/product_tag?post=4731"}],"curies":[{"name":"wp","href":"https:\/\/api.w.org\/{rel}","templated":true}]}}