{"id":4743,"date":"2025-07-09T16:38:37","date_gmt":"2025-07-09T19:38:37","guid":{"rendered":"https:\/\/yara-atelier.com\/produto\/apolo\/"},"modified":"2026-04-13T13:44:45","modified_gmt":"2026-04-13T16:44:45","slug":"apolo","status":"publish","type":"product","link":"https:\/\/yara-atelier.com\/en\/product\/apolo\/","title":{"rendered":"Delphi"},"content":{"rendered":"","protected":false},"excerpt":{"rendered":"<p>Delphi \u00e9 o sol que guia com clareza silenciosa.<br \/>\nInspirado no templo de Delfos onde Apolo falava por meio das sacerdotisas este chap\u00e9u honra a sabedoria que vem de dentro. Uma pe\u00e7a para quem confia na pr\u00f3pria voz, caminha com prop\u00f3sito e veste significados.<\/p>\n<p>Detalhes:<br \/>\n\u2022 Chap\u00e9u em suede camelo com toque aveludado e estrutura firme.<br \/>\n\u2022 Faixa composta por uma bandana de couro e uma segunda camada com tecido natural sobreposto em couro marrom, adornada com pedras evocando prote\u00e7\u00e3o, prop\u00f3sito e sofistica\u00e7\u00e3o natural.<br \/>\n\u2022 Grafismos queimados \u00e0 m\u00e3o na aba simbolizam dire\u00e7\u00e3o, fluxo e escuta interior.<\/p>\n<p data-prosemirror-content-type=\"node\" data-prosemirror-node-name=\"paragraph\" data-prosemirror-node-block=\"true\" data-pm-slice=\"1 1 []\">Os pedidos s\u00e3o processados e despachados em at\u00e9 2 dias \u00fateis ap\u00f3s a confirma\u00e7\u00e3o do pagamento. O prazo de entrega come\u00e7a a contar a partir do envio.<\/p>","protected":false},"featured_media":4775,"template":"","meta":{"_acf_changed":false},"product_brand":[],"product_cat":[144,108,84,95,19,86],"product_tag":[],"class_list":{"0":"post-4743","1":"product","2":"type-product","3":"status-publish","4":"has-post-thumbnail","6":"product_cat-ver-tudo","7":"product_cat-verano-eterno","8":"product_cat-chapeus","9":"product_cat-lancamentos","10":"product_cat-suede-cores","11":"product_cat-best-sellers","13":"first","14":"instock","15":"sale","16":"taxable","17":"shipping-taxable","18":"purchasable","19":"product-type-simple"},"acf":[],"_links":{"self":[{"href":"https:\/\/yara-atelier.com\/en\/wp-json\/wp\/v2\/product\/4743","targetHints":{"allow":["GET"]}}],"collection":[{"href":"https:\/\/yara-atelier.com\/en\/wp-json\/wp\/v2\/product"}],"about":[{"href":"https:\/\/yara-atelier.com\/en\/wp-json\/wp\/v2\/types\/product"}],"wp:featuredmedia":[{"embeddable":true,"href":"https:\/\/yara-atelier.com\/en\/wp-json\/wp\/v2\/media\/4775"}],"wp:attachment":[{"href":"https:\/\/yara-atelier.com\/en\/wp-json\/wp\/v2\/media?parent=4743"}],"wp:term":[{"taxonomy":"product_brand","embeddable":true,"href":"https:\/\/yara-atelier.com\/en\/wp-json\/wp\/v2\/product_brand?post=4743"},{"taxonomy":"product_cat","embeddable":true,"href":"https:\/\/yara-atelier.com\/en\/wp-json\/wp\/v2\/product_cat?post=4743"},{"taxonomy":"product_tag","embeddable":true,"href":"https:\/\/yara-atelier.com\/en\/wp-json\/wp\/v2\/product_tag?post=4743"}],"curies":[{"name":"wp","href":"https:\/\/api.w.org\/{rel}","templated":true}]}}