{"id":4757,"date":"2025-07-14T14:21:57","date_gmt":"2025-07-14T17:21:57","guid":{"rendered":"https:\/\/yara-atelier.com\/produto\/eos\/"},"modified":"2026-04-01T03:05:20","modified_gmt":"2026-04-01T06:05:20","slug":"eos","status":"publish","type":"product","link":"https:\/\/yara-atelier.com\/en\/product\/eos\/","title":{"rendered":"Eos"},"content":{"rendered":"","protected":false},"excerpt":{"rendered":"<p>Eos \u00e9 a aurora em forma de mulher.<\/p>\n<p>Na mitologia grega, Eos \u00e9 a deusa da alvorada, irm\u00e3 de H\u00e9lio (o sol) e Selene (a lua). Suas asas douradas abrem os c\u00e9us para que o dia possa nascer.<\/p>\n<p>Este chap\u00e9u evoca o frescor das manh\u00e3s luminosas e o encanto de quem dan\u00e7a com leveza sob o primeiro raio de sol.<\/p>\n<p>Detalhes:<\/p>\n<p>\u2022 Chap\u00e9u em palha dourada com aplica\u00e7\u00e3o de penas naturais em tons de azul e terracota, pedra central turquesa e faixa com estampa boho chic.<\/p>\n<p>\u2022 Leve, alegre e imponente \u2014 como o ver\u00e3o em sua fase mais m\u00e1gica.<\/p>\n<p>\u2022 Design que celebra beleza, ancestralidade e autenticidade.<\/p>\n<p>Informa\u00e7\u00f5es:<\/p>\n<p>Acompanha gancho de parede e porta-chap\u00e9u personalizado YARA \u2014 para guardar sua luz com eleg\u00e2ncia.<\/p>\n<p data-prosemirror-content-type=\"node\" data-prosemirror-node-name=\"paragraph\" data-prosemirror-node-block=\"true\" data-pm-slice=\"1 1 []\">Os pedidos s\u00e3o processados e despachados em at\u00e9 2 dias \u00fateis ap\u00f3s a confirma\u00e7\u00e3o do pagamento. O prazo de entrega come\u00e7a a contar a partir do envio.<\/p>\n<p>&nbsp;<\/p>","protected":false},"featured_media":5378,"template":"","meta":{"_acf_changed":false},"product_brand":[],"product_cat":[144,108,102,59,140,95,86],"product_tag":[135,136,137,138,139,129,130,132,83,27],"class_list":{"0":"post-4757","1":"product","2":"type-product","3":"status-publish","4":"has-post-thumbnail","6":"product_cat-ver-tudo","7":"product_cat-verano-eterno","8":"product_cat-country-cowboy-western","9":"product_cat-panama","10":"product_cat-verao","11":"product_cat-lancamentos","12":"product_cat-best-sellers","13":"product_tag-praia","14":"product_tag-panama","15":"product_tag-verao","16":"product_tag-sol","17":"product_tag-piscina","18":"product_tag-country","19":"product_tag-western","20":"product_tag-feito-a-mao","21":"product_tag-yara-hat","22":"product_tag-hats","24":"first","25":"instock","26":"featured","27":"taxable","28":"shipping-taxable","29":"purchasable","30":"product-type-simple"},"acf":[],"_links":{"self":[{"href":"https:\/\/yara-atelier.com\/en\/wp-json\/wp\/v2\/product\/4757","targetHints":{"allow":["GET"]}}],"collection":[{"href":"https:\/\/yara-atelier.com\/en\/wp-json\/wp\/v2\/product"}],"about":[{"href":"https:\/\/yara-atelier.com\/en\/wp-json\/wp\/v2\/types\/product"}],"wp:featuredmedia":[{"embeddable":true,"href":"https:\/\/yara-atelier.com\/en\/wp-json\/wp\/v2\/media\/5378"}],"wp:attachment":[{"href":"https:\/\/yara-atelier.com\/en\/wp-json\/wp\/v2\/media?parent=4757"}],"wp:term":[{"taxonomy":"product_brand","embeddable":true,"href":"https:\/\/yara-atelier.com\/en\/wp-json\/wp\/v2\/product_brand?post=4757"},{"taxonomy":"product_cat","embeddable":true,"href":"https:\/\/yara-atelier.com\/en\/wp-json\/wp\/v2\/product_cat?post=4757"},{"taxonomy":"product_tag","embeddable":true,"href":"https:\/\/yara-atelier.com\/en\/wp-json\/wp\/v2\/product_tag?post=4757"}],"curies":[{"name":"wp","href":"https:\/\/api.w.org\/{rel}","templated":true}]}}