{"id":4763,"date":"2025-07-14T14:37:52","date_gmt":"2025-07-14T17:37:52","guid":{"rendered":"https:\/\/yara-atelier.com\/?post_type=product&#038;p=4763"},"modified":"2026-04-01T03:04:57","modified_gmt":"2026-04-01T06:04:57","slug":"alectrona","status":"publish","type":"product","link":"https:\/\/yara-atelier.com\/en\/product\/alectrona\/","title":{"rendered":"Alectrona"},"content":{"rendered":"","protected":false},"excerpt":{"rendered":"<p>Alectrona \u00e9 o respiro da aurora antes do dia nascer.<\/p>\n<p>Na mitologia grega, Alectrona \u00e9 filha do sol e deusa do despertar representa o momento em que a luz come\u00e7a a tocar o mundo, trazendo energia, foco e renova\u00e7\u00e3o.<br \/>\nEste chap\u00e9u evoca esse instante liminar, de equil\u00edbrio entre mist\u00e9rio e revela\u00e7\u00e3o.<\/p>\n<p>Detalhes:<br \/>\n\u2022 Chap\u00e9u em palha clara com trama central vazada, faixa de camur\u00e7a areia e pintura das fases da lua.<br \/>\n\u2022 Representa o elo entre a noite e o amanhecer, com est\u00e9tica minimalista e espiritual.<br \/>\n\u2022 S\u00edmbolos gravados \u00e0 m\u00e3o para evocar sabedoria ancestral.<\/p>\n<p data-prosemirror-content-type=\"node\" data-prosemirror-node-name=\"paragraph\" data-prosemirror-node-block=\"true\" data-pm-slice=\"1 1 []\">Os pedidos s\u00e3o processados e despachados em at\u00e9 2 dias \u00fateis ap\u00f3s a confirma\u00e7\u00e3o do pagamento. O prazo de entrega come\u00e7a a contar a partir do envio.<\/p>","protected":false},"featured_media":7100,"template":"","meta":{"_acf_changed":false},"product_brand":[],"product_cat":[144,108,59,95],"product_tag":[],"class_list":{"0":"post-4763","1":"product","2":"type-product","3":"status-publish","4":"has-post-thumbnail","6":"product_cat-ver-tudo","7":"product_cat-verano-eterno","8":"product_cat-panama","9":"product_cat-lancamentos","11":"first","12":"instock","13":"taxable","14":"shipping-taxable","15":"purchasable","16":"product-type-simple"},"acf":[],"_links":{"self":[{"href":"https:\/\/yara-atelier.com\/en\/wp-json\/wp\/v2\/product\/4763","targetHints":{"allow":["GET"]}}],"collection":[{"href":"https:\/\/yara-atelier.com\/en\/wp-json\/wp\/v2\/product"}],"about":[{"href":"https:\/\/yara-atelier.com\/en\/wp-json\/wp\/v2\/types\/product"}],"wp:featuredmedia":[{"embeddable":true,"href":"https:\/\/yara-atelier.com\/en\/wp-json\/wp\/v2\/media\/7100"}],"wp:attachment":[{"href":"https:\/\/yara-atelier.com\/en\/wp-json\/wp\/v2\/media?parent=4763"}],"wp:term":[{"taxonomy":"product_brand","embeddable":true,"href":"https:\/\/yara-atelier.com\/en\/wp-json\/wp\/v2\/product_brand?post=4763"},{"taxonomy":"product_cat","embeddable":true,"href":"https:\/\/yara-atelier.com\/en\/wp-json\/wp\/v2\/product_cat?post=4763"},{"taxonomy":"product_tag","embeddable":true,"href":"https:\/\/yara-atelier.com\/en\/wp-json\/wp\/v2\/product_tag?post=4763"}],"curies":[{"name":"wp","href":"https:\/\/api.w.org\/{rel}","templated":true}]}}