{"id":4985,"date":"2025-09-19T17:13:29","date_gmt":"2025-09-19T20:13:29","guid":{"rendered":"https:\/\/yara-atelier.com\/produto\/elohim\/"},"modified":"2026-04-20T14:34:05","modified_gmt":"2026-04-20T17:34:05","slug":"elohim","status":"publish","type":"product","link":"https:\/\/yara-atelier.com\/en\/product\/elohim\/","title":{"rendered":"Elohim"},"content":{"rendered":"","protected":false},"excerpt":{"rendered":"<p>Elohim carrega um nome ancestral de poder, rever\u00eancia e intemporalidade.<\/p>\n<p>Um YARA Hat de ess\u00eancia cl\u00e1ssica, feito em l\u00e3 boliviana na tonalidade caqui, um bege terroso que remete \u00e0 areia fina dos desertos sagrados.<br \/>\nSua faixa em cetim dourado-claro refor\u00e7a o minimalismo sofisticado que n\u00e3o precisa chamar aten\u00e7\u00e3o para ser notado.<br \/>\n\u00c9 a pe\u00e7a ideal para quem reconhece a for\u00e7a dos sil\u00eancios e a eleg\u00e2ncia da sobriedade.<\/p>\n<p>Composi\u00e7\u00e3o:<br \/>\n100% L\u00e3 boliviana na cor caqui<br \/>\nFaixa de cetim em tom dourado claro<br \/>\nModelo fedora cl\u00e1ssico<br \/>\nAba larga estruturada<br \/>\nAcabamento impec\u00e1vel YARA<\/p>\n<p data-prosemirror-content-type=\"node\" data-prosemirror-node-name=\"paragraph\" data-prosemirror-node-block=\"true\" data-pm-slice=\"1 1 []\">Os pedidos s\u00e3o processados e despachados em at\u00e9 2 dias \u00fateis ap\u00f3s a confirma\u00e7\u00e3o do pagamento. O prazo de entrega come\u00e7a a contar a partir do envio.<\/p>","protected":false},"featured_media":4978,"template":"","meta":{"_acf_changed":false},"product_brand":[],"product_cat":[144,84,95,86,20],"product_tag":[],"class_list":{"0":"post-4985","1":"product","2":"type-product","3":"status-publish","4":"has-post-thumbnail","6":"product_cat-ver-tudo","7":"product_cat-chapeus","8":"product_cat-lancamentos","9":"product_cat-best-sellers","10":"product_cat-100-la","12":"first","13":"instock","14":"sale","15":"featured","16":"taxable","17":"shipping-taxable","18":"purchasable","19":"product-type-simple"},"acf":[],"_links":{"self":[{"href":"https:\/\/yara-atelier.com\/en\/wp-json\/wp\/v2\/product\/4985","targetHints":{"allow":["GET"]}}],"collection":[{"href":"https:\/\/yara-atelier.com\/en\/wp-json\/wp\/v2\/product"}],"about":[{"href":"https:\/\/yara-atelier.com\/en\/wp-json\/wp\/v2\/types\/product"}],"wp:featuredmedia":[{"embeddable":true,"href":"https:\/\/yara-atelier.com\/en\/wp-json\/wp\/v2\/media\/4978"}],"wp:attachment":[{"href":"https:\/\/yara-atelier.com\/en\/wp-json\/wp\/v2\/media?parent=4985"}],"wp:term":[{"taxonomy":"product_brand","embeddable":true,"href":"https:\/\/yara-atelier.com\/en\/wp-json\/wp\/v2\/product_brand?post=4985"},{"taxonomy":"product_cat","embeddable":true,"href":"https:\/\/yara-atelier.com\/en\/wp-json\/wp\/v2\/product_cat?post=4985"},{"taxonomy":"product_tag","embeddable":true,"href":"https:\/\/yara-atelier.com\/en\/wp-json\/wp\/v2\/product_tag?post=4985"}],"curies":[{"name":"wp","href":"https:\/\/api.w.org\/{rel}","templated":true}]}}