{"id":4997,"date":"2025-09-19T17:15:03","date_gmt":"2025-09-19T20:15:03","guid":{"rendered":"https:\/\/yara-atelier.com\/produto\/elam\/"},"modified":"2026-04-13T13:25:49","modified_gmt":"2026-04-13T16:25:49","slug":"elam","status":"publish","type":"product","link":"https:\/\/yara-atelier.com\/en\/product\/elam\/","title":{"rendered":"Elam"},"content":{"rendered":"","protected":false},"excerpt":{"rendered":"<p>Forjado na terra. Fiel ao tempo.<\/p>\n<p>Um YARA Hat que honra a nobreza da natureza e a eternidade do estilo. O Elam combina a sobriedade da l\u00e3 camelo com detalhes em vinho queimado e metais envelhecidos, evocando a for\u00e7a silenciosa de quem pisa firme como quem carrega hist\u00f3rias, n\u00e3o tend\u00eancias.<\/p>\n<p>Para os que vivem intensamente o presente, mas t\u00eam ra\u00edzes profundas. Elam \u00e9 perman\u00eancia, \u00e9 ch\u00e3o, \u00e9 an alma de um western m\u00edstico.<\/p>\n<p>Detalhes t\u00e9cnicos:<br \/>\n\u2022 Modelo fedora com aba reta<br \/>\n\u2022 100% l\u00e3 boliviana na cor camelo<br \/>\n\u2022 Bandana de tecido bord\u00f4 com acabamento r\u00fastico<br \/>\n\u2022 Cinta de couro marrom com metais em bronze envelhecido<br \/>\n\u2022 Medalha YARA central<\/p>\n<p data-prosemirror-content-type=\"node\" data-prosemirror-node-name=\"paragraph\" data-prosemirror-node-block=\"true\" data-pm-slice=\"1 1 []\">Os pedidos s\u00e3o processados e despachados em at\u00e9 2 dias \u00fateis ap\u00f3s a confirma\u00e7\u00e3o do pagamento. O prazo de entrega come\u00e7a a contar a partir do envio.<\/p>","protected":false},"featured_media":4988,"template":"","meta":{"_acf_changed":false},"product_brand":[],"product_cat":[144,84,95,86,20],"product_tag":[],"class_list":{"0":"post-4997","1":"product","2":"type-product","3":"status-publish","4":"has-post-thumbnail","6":"product_cat-ver-tudo","7":"product_cat-chapeus","8":"product_cat-lancamentos","9":"product_cat-best-sellers","10":"product_cat-100-la","12":"first","13":"instock","14":"sale","15":"featured","16":"taxable","17":"shipping-taxable","18":"purchasable","19":"product-type-simple"},"acf":[],"_links":{"self":[{"href":"https:\/\/yara-atelier.com\/en\/wp-json\/wp\/v2\/product\/4997","targetHints":{"allow":["GET"]}}],"collection":[{"href":"https:\/\/yara-atelier.com\/en\/wp-json\/wp\/v2\/product"}],"about":[{"href":"https:\/\/yara-atelier.com\/en\/wp-json\/wp\/v2\/types\/product"}],"wp:featuredmedia":[{"embeddable":true,"href":"https:\/\/yara-atelier.com\/en\/wp-json\/wp\/v2\/media\/4988"}],"wp:attachment":[{"href":"https:\/\/yara-atelier.com\/en\/wp-json\/wp\/v2\/media?parent=4997"}],"wp:term":[{"taxonomy":"product_brand","embeddable":true,"href":"https:\/\/yara-atelier.com\/en\/wp-json\/wp\/v2\/product_brand?post=4997"},{"taxonomy":"product_cat","embeddable":true,"href":"https:\/\/yara-atelier.com\/en\/wp-json\/wp\/v2\/product_cat?post=4997"},{"taxonomy":"product_tag","embeddable":true,"href":"https:\/\/yara-atelier.com\/en\/wp-json\/wp\/v2\/product_tag?post=4997"}],"curies":[{"name":"wp","href":"https:\/\/api.w.org\/{rel}","templated":true}]}}