{"id":5007,"date":"2025-09-19T17:16:10","date_gmt":"2025-09-19T20:16:10","guid":{"rendered":"https:\/\/yara-atelier.com\/produto\/dakarai\/"},"modified":"2026-04-13T13:43:58","modified_gmt":"2026-04-13T16:43:58","slug":"dakarai","status":"publish","type":"product","link":"https:\/\/yara-atelier.com\/en\/product\/dakarai\/","title":{"rendered":"Dakarai"},"content":{"rendered":"","protected":false},"excerpt":{"rendered":"<p>Dakarai significa \u201calegria\u201d e \u201cfor\u00e7a\u201d no dialeto Shona, do Zimb\u00e1bue.<\/p>\n<p>Esse nome ancestral ecoa como o esp\u00edrito das florestas profundas e dos viajantes do deserto.<br \/>\nFeito em suede verde-musgo, com faixa em linho vinho queimado e acabamento em vi\u00e9s preto, \u00e9 um chamado silencioso \u00e0queles que trilham seus pr\u00f3prios caminhos \u2014 com coragem, prop\u00f3sito e eleg\u00e2ncia crua.<br \/>\nUm chap\u00e9u que carrega o mist\u00e9rio da natureza selvagem com a sofistica\u00e7\u00e3o de quem domina seus pr\u00f3prios rituais.<\/p>\n<p>Composi\u00e7\u00e3o:<br \/>\nSuede verde-musgo<br \/>\nFaixa em linho vinho queimado<br \/>\nAba estruturada com vi\u00e9s preto<br \/>\nMedalh\u00e3o YARA centralizado<\/p>\n<p data-prosemirror-content-type=\"node\" data-prosemirror-node-name=\"paragraph\" data-prosemirror-node-block=\"true\" data-pm-slice=\"1 1 []\">Os pedidos s\u00e3o processados e despachados em at\u00e9 2 dias \u00fateis ap\u00f3s a confirma\u00e7\u00e3o do pagamento. O prazo de entrega come\u00e7a a contar a partir do envio.<\/p>","protected":false},"featured_media":5000,"template":"","meta":{"_acf_changed":false},"product_brand":[],"product_cat":[144,84,95,19],"product_tag":[],"class_list":{"0":"post-5007","1":"product","2":"type-product","3":"status-publish","4":"has-post-thumbnail","6":"product_cat-ver-tudo","7":"product_cat-chapeus","8":"product_cat-lancamentos","9":"product_cat-suede-cores","11":"first","12":"instock","13":"sale","14":"taxable","15":"shipping-taxable","16":"purchasable","17":"product-type-simple"},"acf":[],"_links":{"self":[{"href":"https:\/\/yara-atelier.com\/en\/wp-json\/wp\/v2\/product\/5007","targetHints":{"allow":["GET"]}}],"collection":[{"href":"https:\/\/yara-atelier.com\/en\/wp-json\/wp\/v2\/product"}],"about":[{"href":"https:\/\/yara-atelier.com\/en\/wp-json\/wp\/v2\/types\/product"}],"wp:featuredmedia":[{"embeddable":true,"href":"https:\/\/yara-atelier.com\/en\/wp-json\/wp\/v2\/media\/5000"}],"wp:attachment":[{"href":"https:\/\/yara-atelier.com\/en\/wp-json\/wp\/v2\/media?parent=5007"}],"wp:term":[{"taxonomy":"product_brand","embeddable":true,"href":"https:\/\/yara-atelier.com\/en\/wp-json\/wp\/v2\/product_brand?post=5007"},{"taxonomy":"product_cat","embeddable":true,"href":"https:\/\/yara-atelier.com\/en\/wp-json\/wp\/v2\/product_cat?post=5007"},{"taxonomy":"product_tag","embeddable":true,"href":"https:\/\/yara-atelier.com\/en\/wp-json\/wp\/v2\/product_tag?post=5007"}],"curies":[{"name":"wp","href":"https:\/\/api.w.org\/{rel}","templated":true}]}}