{"id":5066,"date":"2025-09-19T17:27:39","date_gmt":"2025-09-19T20:27:39","guid":{"rendered":"https:\/\/yara-atelier.com\/produto\/dagon\/"},"modified":"2026-04-13T13:25:18","modified_gmt":"2026-04-13T16:25:18","slug":"dagon","status":"publish","type":"product","link":"https:\/\/yara-atelier.com\/en\/product\/dagon\/","title":{"rendered":"Dagon"},"content":{"rendered":"","protected":false},"excerpt":{"rendered":"<p>O mist\u00e9rio \u00e9 mais forte no sil\u00eancio.<\/p>\n<p>Dagon carrega a for\u00e7a das divindades esquecidas \u2014 aquelas que se movem entre sombras e desertos, despertando respeito por onde passam.<br \/>\nSeu nome vem de uma figura ancestral que habita entre mitos sem origem, com a for\u00e7a do oculto e a eleg\u00e2ncia do essencial.<\/p>\n<p>Feito para os que preferem a introspec\u00e7\u00e3o ao alarde. Para quem n\u00e3o precisa da luz para ser notado.<\/p>\n<p>Detalhes t\u00e9cnicos:<br \/>\n\u2022 100% l\u00e3 boliviana preta<br \/>\n\u2022 Copa tradicional e aba curvada<br \/>\n\u2022 Bandana de couro preta com textura crua<br \/>\n\u2022 Faixa de linho bord\u00f4 com recorte r\u00fastico<br \/>\n\u2022 Bandana com metais em banho envelhecido<br \/>\n\u2022 Acabamento interno em couro<\/p>\n<p data-prosemirror-content-type=\"node\" data-prosemirror-node-name=\"paragraph\" data-prosemirror-node-block=\"true\" data-pm-slice=\"1 1 []\">Os pedidos s\u00e3o processados e despachados em at\u00e9 2 dias \u00fateis ap\u00f3s a confirma\u00e7\u00e3o do pagamento. O prazo de entrega come\u00e7a a contar a partir do envio.<\/p>","protected":false},"featured_media":5055,"template":"","meta":{"_acf_changed":false},"product_brand":[],"product_cat":[144,84,102,95,20],"product_tag":[],"class_list":{"0":"post-5066","1":"product","2":"type-product","3":"status-publish","4":"has-post-thumbnail","6":"product_cat-ver-tudo","7":"product_cat-chapeus","8":"product_cat-country-cowboy-western","9":"product_cat-lancamentos","10":"product_cat-100-la","12":"first","13":"instock","14":"sale","15":"taxable","16":"shipping-taxable","17":"purchasable","18":"product-type-simple"},"acf":[],"_links":{"self":[{"href":"https:\/\/yara-atelier.com\/en\/wp-json\/wp\/v2\/product\/5066","targetHints":{"allow":["GET"]}}],"collection":[{"href":"https:\/\/yara-atelier.com\/en\/wp-json\/wp\/v2\/product"}],"about":[{"href":"https:\/\/yara-atelier.com\/en\/wp-json\/wp\/v2\/types\/product"}],"wp:featuredmedia":[{"embeddable":true,"href":"https:\/\/yara-atelier.com\/en\/wp-json\/wp\/v2\/media\/5055"}],"wp:attachment":[{"href":"https:\/\/yara-atelier.com\/en\/wp-json\/wp\/v2\/media?parent=5066"}],"wp:term":[{"taxonomy":"product_brand","embeddable":true,"href":"https:\/\/yara-atelier.com\/en\/wp-json\/wp\/v2\/product_brand?post=5066"},{"taxonomy":"product_cat","embeddable":true,"href":"https:\/\/yara-atelier.com\/en\/wp-json\/wp\/v2\/product_cat?post=5066"},{"taxonomy":"product_tag","embeddable":true,"href":"https:\/\/yara-atelier.com\/en\/wp-json\/wp\/v2\/product_tag?post=5066"}],"curies":[{"name":"wp","href":"https:\/\/api.w.org\/{rel}","templated":true}]}}