{"id":5088,"date":"2025-09-19T17:35:16","date_gmt":"2025-09-19T20:35:16","guid":{"rendered":"https:\/\/yara-atelier.com\/produto\/nodan\/"},"modified":"2026-04-20T16:47:58","modified_gmt":"2026-04-20T19:47:58","slug":"nodan","status":"publish","type":"product","link":"https:\/\/yara-atelier.com\/en\/product\/nodan\/","title":{"rendered":"Nodan"},"content":{"rendered":"","protected":false},"excerpt":{"rendered":"<p>Sil\u00eancio. Imensid\u00e3o. Destino tra\u00e7ado no couro da estrada.<\/p>\n<p>O Nodan \u00e9 puro esp\u00edrito do faroeste, um texano com alma ancestral. Em l\u00e3 boliviana na tonalidade areia escurecida, ele traz uma cinta de camur\u00e7a com argolas met\u00e1licas prateadas, evocando as r\u00e9deas do desbravador e a for\u00e7a do lobo solit\u00e1rio que cavalga o desconhecido.<\/p>\n<p>Para quem olha o horizonte com firmeza, sem pressa, e sabe que a poeira dos caminhos faz parte da gl\u00f3ria. Nodan \u00e9 instinto e prop\u00f3sito.<\/p>\n<p>Detalhes t\u00e9cnicos:<br \/>\n\u2022 Modelo fedora com aba country<br \/>\n\u2022 100% l\u00e3 boliviana na cor caqui<br \/>\n\u2022 Cinta de camur\u00e7a marrom com argolas met\u00e1licas prateadas<\/p>\n<p data-prosemirror-content-type=\"node\" data-prosemirror-node-name=\"paragraph\" data-prosemirror-node-block=\"true\" data-pm-slice=\"1 1 []\">Os pedidos s\u00e3o processados e despachados em at\u00e9 2 dias \u00fateis ap\u00f3s a confirma\u00e7\u00e3o do pagamento. O prazo de entrega come\u00e7a a contar a partir do envio.<\/p>","protected":false},"featured_media":5079,"template":"","meta":{"_acf_changed":false},"product_brand":[],"product_cat":[144,84,102,95,20],"product_tag":[],"class_list":{"0":"post-5088","1":"product","2":"type-product","3":"status-publish","4":"has-post-thumbnail","6":"product_cat-ver-tudo","7":"product_cat-chapeus","8":"product_cat-country-cowboy-western","9":"product_cat-lancamentos","10":"product_cat-100-la","12":"first","13":"instock","14":"taxable","15":"shipping-taxable","16":"purchasable","17":"product-type-simple"},"acf":[],"_links":{"self":[{"href":"https:\/\/yara-atelier.com\/en\/wp-json\/wp\/v2\/product\/5088","targetHints":{"allow":["GET"]}}],"collection":[{"href":"https:\/\/yara-atelier.com\/en\/wp-json\/wp\/v2\/product"}],"about":[{"href":"https:\/\/yara-atelier.com\/en\/wp-json\/wp\/v2\/types\/product"}],"wp:featuredmedia":[{"embeddable":true,"href":"https:\/\/yara-atelier.com\/en\/wp-json\/wp\/v2\/media\/5079"}],"wp:attachment":[{"href":"https:\/\/yara-atelier.com\/en\/wp-json\/wp\/v2\/media?parent=5088"}],"wp:term":[{"taxonomy":"product_brand","embeddable":true,"href":"https:\/\/yara-atelier.com\/en\/wp-json\/wp\/v2\/product_brand?post=5088"},{"taxonomy":"product_cat","embeddable":true,"href":"https:\/\/yara-atelier.com\/en\/wp-json\/wp\/v2\/product_cat?post=5088"},{"taxonomy":"product_tag","embeddable":true,"href":"https:\/\/yara-atelier.com\/en\/wp-json\/wp\/v2\/product_tag?post=5088"}],"curies":[{"name":"wp","href":"https:\/\/api.w.org\/{rel}","templated":true}]}}