{"id":5096,"date":"2025-09-19T17:36:56","date_gmt":"2025-09-19T20:36:56","guid":{"rendered":"https:\/\/yara-atelier.com\/produto\/aruna\/"},"modified":"2026-04-01T03:02:32","modified_gmt":"2026-04-01T06:02:32","slug":"aruna","status":"publish","type":"product","link":"https:\/\/yara-atelier.com\/en\/product\/aruna\/","title":{"rendered":"Aruna"},"content":{"rendered":"","protected":false},"excerpt":{"rendered":"<p>O amanhecer da alma viajante.<\/p>\n<p>Aruna \u00e9 inspirado na divindade que conduz o sol pelas manh\u00e3s no Oriente, simbolizando novos come\u00e7os e a for\u00e7a silenciosa de quem sabe pra onde vai.<br \/>\nCom tons terrosos e elementos naturais, ele traduz a liberdade de esp\u00edrito e a sabedoria de quem caminha com coragem.<\/p>\n<p>Detalhes:<br \/>\n\u2022 Chap\u00e9u em suede camelo com estrutura firme e aba marcada.<br \/>\n\u2022 Bandana \u00fanica de couro cru, com aplica\u00e7\u00e3o de pequenos metais em tom envelhecido.<br \/>\n\u2022 Pena natural posicionada com leveza, como um sopro ancestral.<br \/>\n\u2022 Est\u00e9tica m\u00edstica, neutra e atemporal \u2014 ideal para almas n\u00f4mades.<\/p>\n<p data-prosemirror-content-type=\"node\" data-prosemirror-node-name=\"paragraph\" data-prosemirror-node-block=\"true\" data-pm-slice=\"1 1 []\">Os pedidos s\u00e3o processados e despachados em at\u00e9 2 dias \u00fateis ap\u00f3s a confirma\u00e7\u00e3o do pagamento. O prazo de entrega come\u00e7a a contar a partir do envio.<\/p>","protected":false},"featured_media":6868,"template":"","meta":{"_acf_changed":false},"product_brand":[],"product_cat":[144,95],"product_tag":[],"class_list":{"0":"post-5096","1":"product","2":"type-product","3":"status-publish","4":"has-post-thumbnail","6":"product_cat-ver-tudo","7":"product_cat-lancamentos","9":"first","10":"instock","11":"taxable","12":"shipping-taxable","13":"purchasable","14":"product-type-simple"},"acf":[],"_links":{"self":[{"href":"https:\/\/yara-atelier.com\/en\/wp-json\/wp\/v2\/product\/5096","targetHints":{"allow":["GET"]}}],"collection":[{"href":"https:\/\/yara-atelier.com\/en\/wp-json\/wp\/v2\/product"}],"about":[{"href":"https:\/\/yara-atelier.com\/en\/wp-json\/wp\/v2\/types\/product"}],"wp:featuredmedia":[{"embeddable":true,"href":"https:\/\/yara-atelier.com\/en\/wp-json\/wp\/v2\/media\/6868"}],"wp:attachment":[{"href":"https:\/\/yara-atelier.com\/en\/wp-json\/wp\/v2\/media?parent=5096"}],"wp:term":[{"taxonomy":"product_brand","embeddable":true,"href":"https:\/\/yara-atelier.com\/en\/wp-json\/wp\/v2\/product_brand?post=5096"},{"taxonomy":"product_cat","embeddable":true,"href":"https:\/\/yara-atelier.com\/en\/wp-json\/wp\/v2\/product_cat?post=5096"},{"taxonomy":"product_tag","embeddable":true,"href":"https:\/\/yara-atelier.com\/en\/wp-json\/wp\/v2\/product_tag?post=5096"}],"curies":[{"name":"wp","href":"https:\/\/api.w.org\/{rel}","templated":true}]}}