{"id":5135,"date":"2025-09-19T17:57:29","date_gmt":"2025-09-19T20:57:29","guid":{"rendered":"https:\/\/yara-atelier.com\/produto\/zohar\/"},"modified":"2026-04-13T13:19:22","modified_gmt":"2026-04-13T16:19:22","slug":"zohar","status":"publish","type":"product","link":"https:\/\/yara-atelier.com\/en\/product\/zohar\/","title":{"rendered":"Zohar"},"content":{"rendered":"<p>O<\/p>","protected":false},"excerpt":{"rendered":"<p>Zohar carrega a for\u00e7a das plan\u00edcies do Texas com a luz silenciosa das estrelas.<\/p>\n<p>Seu nome, que significa \u201cbrilho\u201d em hebraico, nasce da tradi\u00e7\u00e3o m\u00edstica como um s\u00edmbolo de sabedoria e poder interior.<br \/>\nAqui, ele ganha forma no feltro preto e no couro tran\u00e7ado, como um talism\u00e3 country para aqueles que cruzam fronteiras com alma firme e olhar atento.<br \/>\n\u00c9 a noite do deserto em forma de chap\u00e9u \u2014 bruta, elegante e indom\u00e1vel.<\/p>\n<p>Composi\u00e7\u00e3o:<br \/>\nModelo Texano em 100% l\u00e3 boliviana<br \/>\nBandana de couro tran\u00e7ado preta<br \/>\nFita preta com medalh\u00e3o YARA central e metais<\/p>\n<p data-prosemirror-content-type=\"node\" data-prosemirror-node-name=\"paragraph\" data-prosemirror-node-block=\"true\" data-pm-slice=\"1 1 []\">Os pedidos s\u00e3o processados e despachados em at\u00e9 2 dias \u00fateis ap\u00f3s a confirma\u00e7\u00e3o do pagamento. O prazo de entrega come\u00e7a a contar a partir do envio.<\/p>","protected":false},"featured_media":5131,"template":"","meta":{"_acf_changed":false},"product_brand":[],"product_cat":[144,84,102,95,86,20],"product_tag":[],"class_list":{"0":"post-5135","1":"product","2":"type-product","3":"status-publish","4":"has-post-thumbnail","6":"product_cat-ver-tudo","7":"product_cat-chapeus","8":"product_cat-country-cowboy-western","9":"product_cat-lancamentos","10":"product_cat-best-sellers","11":"product_cat-100-la","13":"first","14":"instock","15":"sale","16":"featured","17":"taxable","18":"shipping-taxable","19":"purchasable","20":"product-type-simple"},"acf":[],"_links":{"self":[{"href":"https:\/\/yara-atelier.com\/en\/wp-json\/wp\/v2\/product\/5135","targetHints":{"allow":["GET"]}}],"collection":[{"href":"https:\/\/yara-atelier.com\/en\/wp-json\/wp\/v2\/product"}],"about":[{"href":"https:\/\/yara-atelier.com\/en\/wp-json\/wp\/v2\/types\/product"}],"wp:featuredmedia":[{"embeddable":true,"href":"https:\/\/yara-atelier.com\/en\/wp-json\/wp\/v2\/media\/5131"}],"wp:attachment":[{"href":"https:\/\/yara-atelier.com\/en\/wp-json\/wp\/v2\/media?parent=5135"}],"wp:term":[{"taxonomy":"product_brand","embeddable":true,"href":"https:\/\/yara-atelier.com\/en\/wp-json\/wp\/v2\/product_brand?post=5135"},{"taxonomy":"product_cat","embeddable":true,"href":"https:\/\/yara-atelier.com\/en\/wp-json\/wp\/v2\/product_cat?post=5135"},{"taxonomy":"product_tag","embeddable":true,"href":"https:\/\/yara-atelier.com\/en\/wp-json\/wp\/v2\/product_tag?post=5135"}],"curies":[{"name":"wp","href":"https:\/\/api.w.org\/{rel}","templated":true}]}}