{"id":5435,"date":"2025-10-29T16:41:48","date_gmt":"2025-10-29T19:41:48","guid":{"rendered":"https:\/\/yara-atelier.com\/produto\/eclipse-bag-brownie-pre-venda\/"},"modified":"2026-02-02T11:45:41","modified_gmt":"2026-02-02T14:45:41","slug":"eclipse-bag-brownie-pre-venda","status":"publish","type":"product","link":"https:\/\/yara-atelier.com\/en\/product\/eclipse-bag-brownie-pre-venda\/","title":{"rendered":"Eclipse Bag &#8211; Chocolate Brown"},"content":{"rendered":"","protected":false},"excerpt":{"rendered":"<p class=\"p1\"><span class=\"s1\">A Eclipse n\u00e3o \u00e9 apenas uma bolsa: \u00e9 um instante capturado em forma.<\/span><\/p>\n<p class=\"p1\"><span class=\"s1\">Circular como o tempo e org\u00e2nica como o feito \u00e0 m\u00e3o, ela representa o equil\u00edbrio entre luz e sombra, presen\u00e7a e sil\u00eancio.<\/span><\/p>\n<p class=\"p1\"><span class=\"s1\">Feita em <\/span><span class=\"s2\">croch\u00ea 100% algod\u00e3o mercerizado<\/span><span class=\"s1\">, com <\/span><span class=\"s2\">argolas acr\u00edlicas revestidas<\/span><span class=\"s1\">, a Eclipse combina <\/span><span class=\"s2\">natureza, misticismo e sofistica\u00e7\u00e3o<\/span><span class=\"s1\">.<\/span><\/p>\n<p class=\"p1\"><span class=\"s1\">Vers\u00e1til por ess\u00eancia, pode ser usada <\/span><span class=\"s2\">em duas vers\u00f5es de bolsa<\/span><span class=\"s1\"> ou como <\/span><span class=\"s2\">porta-chap\u00e9u<\/span><span class=\"s1\">, unindo funcionalidade e poesia em uma \u00fanica pe\u00e7a.<\/span><\/p>","protected":false},"featured_media":5426,"template":"","meta":{"_acf_changed":false},"product_brand":[],"product_cat":[123,112,84,21,96,140],"product_tag":[],"class_list":{"0":"post-5435","1":"product","2":"type-product","3":"status-publish","4":"has-post-thumbnail","6":"product_cat-aurora-2","7":"product_cat-aurora","8":"product_cat-chapeus","9":"product_cat-hatbag","10":"product_cat-yara-bag","11":"product_cat-verao","13":"first","14":"instock","15":"taxable","16":"shipping-taxable","17":"purchasable","18":"product-type-simple"},"acf":[],"_links":{"self":[{"href":"https:\/\/yara-atelier.com\/en\/wp-json\/wp\/v2\/product\/5435","targetHints":{"allow":["GET"]}}],"collection":[{"href":"https:\/\/yara-atelier.com\/en\/wp-json\/wp\/v2\/product"}],"about":[{"href":"https:\/\/yara-atelier.com\/en\/wp-json\/wp\/v2\/types\/product"}],"wp:featuredmedia":[{"embeddable":true,"href":"https:\/\/yara-atelier.com\/en\/wp-json\/wp\/v2\/media\/5426"}],"wp:attachment":[{"href":"https:\/\/yara-atelier.com\/en\/wp-json\/wp\/v2\/media?parent=5435"}],"wp:term":[{"taxonomy":"product_brand","embeddable":true,"href":"https:\/\/yara-atelier.com\/en\/wp-json\/wp\/v2\/product_brand?post=5435"},{"taxonomy":"product_cat","embeddable":true,"href":"https:\/\/yara-atelier.com\/en\/wp-json\/wp\/v2\/product_cat?post=5435"},{"taxonomy":"product_tag","embeddable":true,"href":"https:\/\/yara-atelier.com\/en\/wp-json\/wp\/v2\/product_tag?post=5435"}],"curies":[{"name":"wp","href":"https:\/\/api.w.org\/{rel}","templated":true}]}}