{"id":5458,"date":"2025-10-29T16:46:53","date_gmt":"2025-10-29T19:46:53","guid":{"rendered":"https:\/\/yara-atelier.com\/produto\/bandana-palha-trama-aberta-pre-venda\/"},"modified":"2025-12-09T15:08:53","modified_gmt":"2025-12-09T18:08:53","slug":"bandana-palha-trama-aberta-pre-venda","status":"publish","type":"product","link":"https:\/\/yara-atelier.com\/en\/product\/bandana-palha-trama-aberta-pre-venda\/","title":{"rendered":"Bandana Aurora L\u00famen"},"content":{"rendered":"","protected":false},"excerpt":{"rendered":"<p>&nbsp;<\/p>\n<p class=\"p1\"><span class=\"s1\">Com relevo de borboletas bordadas \u00e0 <\/span>m\u00e3o<span class=\"s1\">, <\/span>a <span class=\"s1\">Aurora Lumen \u00e9 <\/span>s\u00edmbolo<span class=\"s1\"> de <\/span>transforma\u00e7\u00e3o s\u00fatil<span class=\"s1\">.<\/span><\/p>\n<p class=\"p1\"><span class=\"s1\">Feita \u00e0 m\u00e3o em <\/span><span class=\"s2\">croch\u00ea 100% algod\u00e3o mercerizado<\/span><span class=\"s1\">, sua <\/span><span class=\"s2\">trama aberta<\/span><span class=\"s1\">\u00a0envolve e revela, como quem entende o poder do detalhe.<\/span><\/p>\n<p class=\"p1\"><span class=\"s1\">O <\/span><span class=\"s2\">broche exclusivo YARA<\/span><span class=\"s1\"> transforma a pe\u00e7a em um s\u00edmbolo de presen\u00e7a: sutil, m\u00edstico e essencial.<\/span><\/p>\n<p class=\"p1\"><span class=\"s1\">Mais que um acess\u00f3rio, \u00e9 uma extens\u00e3o do toque, um gesto que carrega o tempo e o sentir.<\/span><\/p>","protected":false},"featured_media":5452,"template":"","meta":{"_acf_changed":false},"product_brand":[],"product_cat":[123,112,21,61,140],"product_tag":[],"class_list":{"0":"post-5458","1":"product","2":"type-product","3":"status-publish","4":"has-post-thumbnail","6":"product_cat-aurora-2","7":"product_cat-aurora","8":"product_cat-hatbag","9":"product_cat-headband","10":"product_cat-verao","12":"first","13":"instock","14":"taxable","15":"shipping-taxable","16":"purchasable","17":"product-type-simple"},"acf":[],"_links":{"self":[{"href":"https:\/\/yara-atelier.com\/en\/wp-json\/wp\/v2\/product\/5458","targetHints":{"allow":["GET"]}}],"collection":[{"href":"https:\/\/yara-atelier.com\/en\/wp-json\/wp\/v2\/product"}],"about":[{"href":"https:\/\/yara-atelier.com\/en\/wp-json\/wp\/v2\/types\/product"}],"wp:featuredmedia":[{"embeddable":true,"href":"https:\/\/yara-atelier.com\/en\/wp-json\/wp\/v2\/media\/5452"}],"wp:attachment":[{"href":"https:\/\/yara-atelier.com\/en\/wp-json\/wp\/v2\/media?parent=5458"}],"wp:term":[{"taxonomy":"product_brand","embeddable":true,"href":"https:\/\/yara-atelier.com\/en\/wp-json\/wp\/v2\/product_brand?post=5458"},{"taxonomy":"product_cat","embeddable":true,"href":"https:\/\/yara-atelier.com\/en\/wp-json\/wp\/v2\/product_cat?post=5458"},{"taxonomy":"product_tag","embeddable":true,"href":"https:\/\/yara-atelier.com\/en\/wp-json\/wp\/v2\/product_tag?post=5458"}],"curies":[{"name":"wp","href":"https:\/\/api.w.org\/{rel}","templated":true}]}}